{"id":3297,"date":"2025-12-27T13:17:37","date_gmt":"2025-12-27T13:17:37","guid":{"rendered":"https:\/\/de-middel.com\/product\/tote-metalico-raro\/"},"modified":"2025-12-27T13:17:37","modified_gmt":"2025-12-27T13:17:37","slug":"tote-metalico-raro","status":"publish","type":"product","link":"https:\/\/de-middel.com\/es\/producto\/tote-metalico-raro\/","title":{"rendered":"Tote met\u00e1lico raro"},"content":{"rendered":"<p>Un bolso tote estructurado con asa superior fabricado en piel de becerro dorada metalizada de alto brillo. La silueta est\u00e1 definida por l\u00edneas limpias y rectil\u00edneas, con dos asas de piel enrolladas y un espacioso compartimento abierto en la parte superior. El exterior exhibe un acabado met\u00e1lico consistente, acentuado por discretas costuras tonales y una aplicaci\u00f3n minimalista del logotipo.  <\/p>\n","protected":false},"excerpt":{"rendered":"<p>Un bolso tote estructurado con asa superior fabricado en piel de becerro dorada metalizada de alto brillo. La silueta est\u00e1 definida por l\u00edneas limpias y rectil\u00edneas, con dos asas de piel enrolladas y un espacioso compartimento abierto en la parte superior. El exterior exhibe un acabado met\u00e1lico consistente, acentuado por discretas costuras tonales y una aplicaci\u00f3n minimalista del logotipo.  <\/p>\n","protected":false},"featured_media":1416,"template":"","meta":{"_acf_changed":false},"product_brand":[288],"product_cat":[367,366,365],"product_tag":[],"class_list":{"0":"post-3297","1":"product","2":"type-product","3":"status-publish","4":"has-post-thumbnail","6":"product_brand-celine","7":"product_cat-bolsos-de-mano-y-tote-bags","8":"product_cat-bolsos-y-equipaje","9":"product_cat-moda","10":"pa_color-blanco","11":"pa_color-marron","13":"first","14":"instock","15":"shipping-taxable","16":"purchasable","17":"product-type-simple"},"acf":[],"aioseo_notices":[],"_links":{"self":[{"href":"https:\/\/de-middel.com\/es\/wp-json\/wp\/v2\/product\/3297","targetHints":{"allow":["GET"]}}],"collection":[{"href":"https:\/\/de-middel.com\/es\/wp-json\/wp\/v2\/product"}],"about":[{"href":"https:\/\/de-middel.com\/es\/wp-json\/wp\/v2\/types\/product"}],"wp:featuredmedia":[{"embeddable":true,"href":"https:\/\/de-middel.com\/es\/wp-json\/wp\/v2\/media\/1416"}],"wp:attachment":[{"href":"https:\/\/de-middel.com\/es\/wp-json\/wp\/v2\/media?parent=3297"}],"wp:term":[{"taxonomy":"product_brand","embeddable":true,"href":"https:\/\/de-middel.com\/es\/wp-json\/wp\/v2\/product_brand?post=3297"},{"taxonomy":"product_cat","embeddable":true,"href":"https:\/\/de-middel.com\/es\/wp-json\/wp\/v2\/product_cat?post=3297"},{"taxonomy":"product_tag","embeddable":true,"href":"https:\/\/de-middel.com\/es\/wp-json\/wp\/v2\/product_tag?post=3297"}],"curies":[{"name":"wp","href":"https:\/\/api.w.org\/{rel}","templated":true}]}}