{"id":3312,"date":"2025-12-27T13:30:36","date_gmt":"2025-12-27T13:30:36","guid":{"rendered":"https:\/\/de-middel.com\/product\/pendientes-adornados-con-perlas-de-los-anos-80\/"},"modified":"2025-12-27T13:30:36","modified_gmt":"2025-12-27T13:30:36","slug":"pendientes-adornados-con-perlas-de-los-anos-80","status":"publish","type":"product","link":"https:\/\/de-middel.com\/es\/producto\/pendientes-adornados-con-perlas-de-los-anos-80\/","title":{"rendered":"Pendientes adornados con perlas de los a\u00f1os 80"},"content":{"rendered":"<p>Pendientes de clip circulares con una perla central de imitaci\u00f3n en tono marfil. Encerrados en una montura de metal dorado con el caracter\u00edstico borde calado con el motivo CC entrelazado. <\/p>\n","protected":false},"excerpt":{"rendered":"<p>Pendientes de clip circulares con una perla central de imitaci\u00f3n en tono marfil. Encerrados en una montura de metal dorado con el caracter\u00edstico borde calado con el motivo CC entrelazado. <\/p>\n","protected":false},"featured_media":1428,"template":"","meta":{"_acf_changed":false},"product_brand":[147],"product_cat":[423,422,365],"product_tag":[],"class_list":{"0":"post-3312","1":"product","2":"type-product","3":"status-publish","4":"has-post-thumbnail","6":"product_brand-chanel","7":"product_cat-iconicos-chanel","8":"product_cat-joyeria","9":"product_cat-moda","10":"pa_color-amarillo","11":"pa_color-blanco","13":"first","14":"instock","15":"shipping-taxable","16":"purchasable","17":"product-type-simple"},"acf":[],"aioseo_notices":[],"_links":{"self":[{"href":"https:\/\/de-middel.com\/es\/wp-json\/wp\/v2\/product\/3312","targetHints":{"allow":["GET"]}}],"collection":[{"href":"https:\/\/de-middel.com\/es\/wp-json\/wp\/v2\/product"}],"about":[{"href":"https:\/\/de-middel.com\/es\/wp-json\/wp\/v2\/types\/product"}],"wp:featuredmedia":[{"embeddable":true,"href":"https:\/\/de-middel.com\/es\/wp-json\/wp\/v2\/media\/1428"}],"wp:attachment":[{"href":"https:\/\/de-middel.com\/es\/wp-json\/wp\/v2\/media?parent=3312"}],"wp:term":[{"taxonomy":"product_brand","embeddable":true,"href":"https:\/\/de-middel.com\/es\/wp-json\/wp\/v2\/product_brand?post=3312"},{"taxonomy":"product_cat","embeddable":true,"href":"https:\/\/de-middel.com\/es\/wp-json\/wp\/v2\/product_cat?post=3312"},{"taxonomy":"product_tag","embeddable":true,"href":"https:\/\/de-middel.com\/es\/wp-json\/wp\/v2\/product_tag?post=3312"}],"curies":[{"name":"wp","href":"https:\/\/api.w.org\/{rel}","templated":true}]}}