{"id":3320,"date":"2025-12-27T13:35:25","date_gmt":"2025-12-27T13:35:25","guid":{"rendered":"https:\/\/de-middel.com\/product\/monedero-epsom-bastia-blanco\/"},"modified":"2025-12-27T13:35:25","modified_gmt":"2025-12-27T13:35:25","slug":"monedero-epsom-bastia-blanco","status":"publish","type":"product","link":"https:\/\/de-middel.com\/es\/producto\/monedero-epsom-bastia-blanco\/","title":{"rendered":"Monedero Epsom Bastia Blanco"},"content":{"rendered":"<p>Monedero Herm\u00e8s Epsom Bastia Blanco<\/p>\n<p>Monedero Herm\u00e8s Bastia confeccionado en piel Epsom blanca, con un dise\u00f1o compacto, herrajes chapados en paladio y cierre de cremallera seguro. Ideal para monedas y peque\u00f1os objetos. Sello de fecha (M en cuadrado), 2009  <\/p>\n","protected":false},"excerpt":{"rendered":"<p>Monedero Herm\u00e8s Epsom Bastia Blanco<\/p>\n<p>Monedero Herm\u00e8s Bastia confeccionado en piel Epsom blanca, con un dise\u00f1o compacto, herrajes chapados en paladio y cierre de cremallera seguro. Ideal para monedas y peque\u00f1os objetos. Sello de fecha (M en cuadrado), 2009  <\/p>\n","protected":false},"featured_media":1431,"template":"","meta":{"_acf_changed":false},"product_brand":[144],"product_cat":[367,366,365],"product_tag":[],"class_list":{"0":"post-3320","1":"product","2":"type-product","3":"status-publish","4":"has-post-thumbnail","6":"product_brand-hermes","7":"product_cat-bolsos-de-mano-y-tote-bags","8":"product_cat-bolsos-y-equipaje","9":"product_cat-moda","10":"pa_color-blanco","12":"first","13":"instock","14":"shipping-taxable","15":"purchasable","16":"product-type-simple"},"acf":[],"aioseo_notices":[],"_links":{"self":[{"href":"https:\/\/de-middel.com\/es\/wp-json\/wp\/v2\/product\/3320","targetHints":{"allow":["GET"]}}],"collection":[{"href":"https:\/\/de-middel.com\/es\/wp-json\/wp\/v2\/product"}],"about":[{"href":"https:\/\/de-middel.com\/es\/wp-json\/wp\/v2\/types\/product"}],"wp:featuredmedia":[{"embeddable":true,"href":"https:\/\/de-middel.com\/es\/wp-json\/wp\/v2\/media\/1431"}],"wp:attachment":[{"href":"https:\/\/de-middel.com\/es\/wp-json\/wp\/v2\/media?parent=3320"}],"wp:term":[{"taxonomy":"product_brand","embeddable":true,"href":"https:\/\/de-middel.com\/es\/wp-json\/wp\/v2\/product_brand?post=3320"},{"taxonomy":"product_cat","embeddable":true,"href":"https:\/\/de-middel.com\/es\/wp-json\/wp\/v2\/product_cat?post=3320"},{"taxonomy":"product_tag","embeddable":true,"href":"https:\/\/de-middel.com\/es\/wp-json\/wp\/v2\/product_tag?post=3320"}],"curies":[{"name":"wp","href":"https:\/\/api.w.org\/{rel}","templated":true}]}}