{"id":3335,"date":"2025-12-27T14:58:56","date_gmt":"2025-12-27T14:58:56","guid":{"rendered":"https:\/\/de-middel.com\/product\/vestido-de-coctel-de-seda-negro\/"},"modified":"2025-12-27T14:58:56","modified_gmt":"2025-12-27T14:58:56","slug":"vestido-de-coctel-de-seda-negro","status":"publish","type":"product","link":"https:\/\/de-middel.com\/es\/producto\/vestido-de-coctel-de-seda-negro\/","title":{"rendered":"VESTIDO DE C\u00d3CTEL DE SEDA NEGRO"},"content":{"rendered":"<p>Un vestido de c\u00f3ctel de largo medio confeccionado en un delicado tejido de seda negra. Su arquitectura se define por su volumen transl\u00facido y se abrocha con los caracter\u00edsticos botones CC de resina y tono dorado. Etiquetado como talla 38 y procedente de la colecci\u00f3n de 1997 de la casa.  <\/p>\n","protected":false},"excerpt":{"rendered":"<p>Un vestido de c\u00f3ctel de largo medio confeccionado en un delicado tejido de seda negra. Su arquitectura se define por su volumen transl\u00facido y se abrocha con los caracter\u00edsticos botones CC de resina y tono dorado. Etiquetado como talla 38 y procedente de la colecci\u00f3n de 1997 de la casa.  <\/p>\n","protected":false},"featured_media":1444,"template":"","meta":{"_acf_changed":false},"product_brand":[147],"product_cat":[420,365,430],"product_tag":[],"class_list":{"0":"post-3335","1":"product","2":"type-product","3":"status-publish","4":"has-post-thumbnail","6":"product_brand-chanel","7":"product_cat-alta-costura-y-trajes-de-noche","8":"product_cat-moda","9":"product_cat-vestido-y-vestidos-formales","10":"pa_color-negro","12":"first","13":"instock","14":"shipping-taxable","15":"purchasable","16":"product-type-simple"},"acf":[],"aioseo_notices":[],"_links":{"self":[{"href":"https:\/\/de-middel.com\/es\/wp-json\/wp\/v2\/product\/3335","targetHints":{"allow":["GET"]}}],"collection":[{"href":"https:\/\/de-middel.com\/es\/wp-json\/wp\/v2\/product"}],"about":[{"href":"https:\/\/de-middel.com\/es\/wp-json\/wp\/v2\/types\/product"}],"wp:featuredmedia":[{"embeddable":true,"href":"https:\/\/de-middel.com\/es\/wp-json\/wp\/v2\/media\/1444"}],"wp:attachment":[{"href":"https:\/\/de-middel.com\/es\/wp-json\/wp\/v2\/media?parent=3335"}],"wp:term":[{"taxonomy":"product_brand","embeddable":true,"href":"https:\/\/de-middel.com\/es\/wp-json\/wp\/v2\/product_brand?post=3335"},{"taxonomy":"product_cat","embeddable":true,"href":"https:\/\/de-middel.com\/es\/wp-json\/wp\/v2\/product_cat?post=3335"},{"taxonomy":"product_tag","embeddable":true,"href":"https:\/\/de-middel.com\/es\/wp-json\/wp\/v2\/product_tag?post=3335"}],"curies":[{"name":"wp","href":"https:\/\/api.w.org\/{rel}","templated":true}]}}