{"id":3349,"date":"2025-12-27T15:08:28","date_gmt":"2025-12-27T15:08:28","guid":{"rendered":"https:\/\/de-middel.com\/product\/camisa-de-vestir-rosa\/"},"modified":"2025-12-27T15:08:28","modified_gmt":"2025-12-27T15:08:28","slug":"camisa-de-vestir-rosa","status":"publish","type":"product","link":"https:\/\/de-middel.com\/es\/producto\/camisa-de-vestir-rosa\/","title":{"rendered":"Camisa de vestir rosa"},"content":{"rendered":"<p>Una vibrante camisa de vestir Chanel de la d\u00e9cada de 2000, confeccionada en popel\u00edn rosa. El dise\u00f1o presenta una llamativa inserci\u00f3n de l\u00farex dorado y pu\u00f1os de l\u00farex a juego. La prenda incluye botones con el logotipo de Chanel a lo largo de la parte delantera y los pu\u00f1os, manteniendo una mezcla de sastrer\u00eda cl\u00e1sica y glamour propio de la \u00e9poca.  <\/p>\n","protected":false},"excerpt":{"rendered":"<p>Una vibrante camisa de vestir Chanel de la d\u00e9cada de 2000, confeccionada en popel\u00edn rosa. El dise\u00f1o presenta una llamativa inserci\u00f3n de l\u00farex dorado y pu\u00f1os de l\u00farex a juego. La prenda incluye botones con el logotipo de Chanel a lo largo de la parte delantera y los pu\u00f1os, manteniendo una mezcla de sastrer\u00eda cl\u00e1sica y glamour propio de la \u00e9poca.  <\/p>\n","protected":false},"featured_media":1454,"template":"","meta":{"_acf_changed":false},"product_brand":[147],"product_cat":[420,365,430],"product_tag":[],"class_list":{"0":"post-3349","1":"product","2":"type-product","3":"status-publish","4":"has-post-thumbnail","6":"product_brand-chanel","7":"product_cat-alta-costura-y-trajes-de-noche","8":"product_cat-moda","9":"product_cat-vestido-y-vestidos-formales","10":"pa_color-blanco","11":"pa_color-dorado","13":"first","14":"instock","15":"shipping-taxable","16":"purchasable","17":"product-type-simple"},"acf":[],"aioseo_notices":[],"_links":{"self":[{"href":"https:\/\/de-middel.com\/es\/wp-json\/wp\/v2\/product\/3349","targetHints":{"allow":["GET"]}}],"collection":[{"href":"https:\/\/de-middel.com\/es\/wp-json\/wp\/v2\/product"}],"about":[{"href":"https:\/\/de-middel.com\/es\/wp-json\/wp\/v2\/types\/product"}],"wp:featuredmedia":[{"embeddable":true,"href":"https:\/\/de-middel.com\/es\/wp-json\/wp\/v2\/media\/1454"}],"wp:attachment":[{"href":"https:\/\/de-middel.com\/es\/wp-json\/wp\/v2\/media?parent=3349"}],"wp:term":[{"taxonomy":"product_brand","embeddable":true,"href":"https:\/\/de-middel.com\/es\/wp-json\/wp\/v2\/product_brand?post=3349"},{"taxonomy":"product_cat","embeddable":true,"href":"https:\/\/de-middel.com\/es\/wp-json\/wp\/v2\/product_cat?post=3349"},{"taxonomy":"product_tag","embeddable":true,"href":"https:\/\/de-middel.com\/es\/wp-json\/wp\/v2\/product_tag?post=3349"}],"curies":[{"name":"wp","href":"https:\/\/api.w.org\/{rel}","templated":true}]}}