{"id":3351,"date":"2025-12-27T15:04:27","date_gmt":"2025-12-27T15:04:27","guid":{"rendered":"https:\/\/de-middel.com\/product\/vestido-negro-de-crepe-con-cuello-alto\/"},"modified":"2025-12-27T15:04:27","modified_gmt":"2025-12-27T15:04:27","slug":"vestido-negro-de-crepe-con-cuello-alto","status":"publish","type":"product","link":"https:\/\/de-middel.com\/es\/producto\/vestido-negro-de-crepe-con-cuello-alto\/","title":{"rendered":"Vestido negro de crep\u00e9 con cuello alto"},"content":{"rendered":"<p>Un vestido de c\u00f3ctel de largo medio confeccionado en crep\u00e9 negro grueso. Presenta un escote halterneck con detalles geom\u00e9tricos recortados en el escote, una falda de pliegues invertidos para un volumen estructurado y un tirador de cremallera CC caracter\u00edstico. <\/p>\n","protected":false},"excerpt":{"rendered":"<p>Un vestido de c\u00f3ctel de largo medio confeccionado en crep\u00e9 negro grueso. Presenta un escote halterneck con detalles geom\u00e9tricos recortados en el escote, una falda de pliegues invertidos para un volumen estructurado y un tirador de cremallera CC caracter\u00edstico. <\/p>\n","protected":false},"featured_media":1450,"template":"","meta":{"_acf_changed":false},"product_brand":[147],"product_cat":[420,365,430],"product_tag":[],"class_list":{"0":"post-3351","1":"product","2":"type-product","3":"status-publish","4":"has-post-thumbnail","6":"product_brand-chanel","7":"product_cat-alta-costura-y-trajes-de-noche","8":"product_cat-moda","9":"product_cat-vestido-y-vestidos-formales","10":"pa_color-negro","12":"first","13":"instock","14":"shipping-taxable","15":"purchasable","16":"product-type-simple"},"acf":[],"aioseo_notices":[],"_links":{"self":[{"href":"https:\/\/de-middel.com\/es\/wp-json\/wp\/v2\/product\/3351","targetHints":{"allow":["GET"]}}],"collection":[{"href":"https:\/\/de-middel.com\/es\/wp-json\/wp\/v2\/product"}],"about":[{"href":"https:\/\/de-middel.com\/es\/wp-json\/wp\/v2\/types\/product"}],"wp:featuredmedia":[{"embeddable":true,"href":"https:\/\/de-middel.com\/es\/wp-json\/wp\/v2\/media\/1450"}],"wp:attachment":[{"href":"https:\/\/de-middel.com\/es\/wp-json\/wp\/v2\/media?parent=3351"}],"wp:term":[{"taxonomy":"product_brand","embeddable":true,"href":"https:\/\/de-middel.com\/es\/wp-json\/wp\/v2\/product_brand?post=3351"},{"taxonomy":"product_cat","embeddable":true,"href":"https:\/\/de-middel.com\/es\/wp-json\/wp\/v2\/product_cat?post=3351"},{"taxonomy":"product_tag","embeddable":true,"href":"https:\/\/de-middel.com\/es\/wp-json\/wp\/v2\/product_tag?post=3351"}],"curies":[{"name":"wp","href":"https:\/\/api.w.org\/{rel}","templated":true}]}}