{"id":3363,"date":"2025-12-27T15:14:34","date_gmt":"2025-12-27T15:14:34","guid":{"rendered":"https:\/\/de-middel.com\/product\/bolso-de-hombro-travel-line\/"},"modified":"2025-12-27T15:14:34","modified_gmt":"2025-12-27T15:14:34","slug":"bolso-de-hombro-travel-line","status":"publish","type":"product","link":"https:\/\/de-middel.com\/es\/producto\/bolso-de-hombro-travel-line\/","title":{"rendered":"Bolso de hombro Travel Line<br><br> <br> <br>"},"content":{"rendered":"<p>Bolso de hombro de la L\u00ednea de Viaje 2003-2004 de Chanel con cuerpo de lona jacquard blanca con logotipo CC. El dise\u00f1o est\u00e1 acabado con ribetes y correas de piel rosa, acentuados con herrajes dorados mate. Esta pieza funcional representa el \u00e9nfasis que Chanel puso a principios de la d\u00e9cada de 2000 en los art\u00edculos de viaje elevados, ofreciendo un interior espacioso con una durabilidad estructurada.  <\/p>\n","protected":false},"excerpt":{"rendered":"<p>Bolso de hombro de la L\u00ednea de Viaje 2003-2004 de Chanel con cuerpo de lona jacquard blanca con logotipo CC. El dise\u00f1o est\u00e1 acabado con ribetes y correas de piel rosa, acentuados con herrajes dorados mate. Esta pieza funcional representa el \u00e9nfasis que Chanel puso a principios de la d\u00e9cada de 2000 en los art\u00edculos de viaje elevados, ofreciendo un interior espacioso con una durabilidad estructurada.  <\/p>\n","protected":false},"featured_media":1458,"template":"","meta":{"_acf_changed":false},"product_brand":[147],"product_cat":[367,366,365],"product_tag":[],"class_list":{"0":"post-3363","1":"product","2":"type-product","3":"status-publish","4":"has-post-thumbnail","6":"product_brand-chanel","7":"product_cat-bolsos-de-mano-y-tote-bags","8":"product_cat-bolsos-y-equipaje","9":"product_cat-moda","10":"pa_color-rosa","12":"first","13":"instock","14":"shipping-taxable","15":"purchasable","16":"product-type-simple"},"acf":[],"aioseo_notices":[],"_links":{"self":[{"href":"https:\/\/de-middel.com\/es\/wp-json\/wp\/v2\/product\/3363","targetHints":{"allow":["GET"]}}],"collection":[{"href":"https:\/\/de-middel.com\/es\/wp-json\/wp\/v2\/product"}],"about":[{"href":"https:\/\/de-middel.com\/es\/wp-json\/wp\/v2\/types\/product"}],"wp:featuredmedia":[{"embeddable":true,"href":"https:\/\/de-middel.com\/es\/wp-json\/wp\/v2\/media\/1458"}],"wp:attachment":[{"href":"https:\/\/de-middel.com\/es\/wp-json\/wp\/v2\/media?parent=3363"}],"wp:term":[{"taxonomy":"product_brand","embeddable":true,"href":"https:\/\/de-middel.com\/es\/wp-json\/wp\/v2\/product_brand?post=3363"},{"taxonomy":"product_cat","embeddable":true,"href":"https:\/\/de-middel.com\/es\/wp-json\/wp\/v2\/product_cat?post=3363"},{"taxonomy":"product_tag","embeddable":true,"href":"https:\/\/de-middel.com\/es\/wp-json\/wp\/v2\/product_tag?post=3363"}],"curies":[{"name":"wp","href":"https:\/\/api.w.org\/{rel}","templated":true}]}}