{"id":3367,"date":"2025-12-27T18:11:34","date_gmt":"2025-12-27T18:11:34","guid":{"rendered":"https:\/\/de-middel.com\/product\/brazalete-raro\/"},"modified":"2025-12-27T18:11:34","modified_gmt":"2025-12-27T18:11:34","slug":"brazalete-raro","status":"publish","type":"product","link":"https:\/\/de-middel.com\/es\/producto\/brazalete-raro\/","title":{"rendered":"Brazalete raro"},"content":{"rendered":"<p>Una pulsera ancha de pu\u00f1o abierto con un intrincado dise\u00f1o floral en relieve. Elaborado en metal dorado de alto relieve con un acabado de textura pesada, la pieza est\u00e1 adornada con m\u00faltiples perlas de imitaci\u00f3n incrustadas y un motivo central con el logotipo CC. La arquitectura del brazalete se define por su gran volumen y sus bordes org\u00e1nicos festoneados.  <\/p>\n","protected":false},"excerpt":{"rendered":"<p>Una pulsera ancha de pu\u00f1o abierto con un intrincado dise\u00f1o floral en relieve. Elaborado en metal dorado de alto relieve con un acabado de textura pesada, la pieza est\u00e1 adornada con m\u00faltiples perlas de imitaci\u00f3n incrustadas y un motivo central con el logotipo CC. La arquitectura del brazalete se define por su gran volumen y sus bordes org\u00e1nicos festoneados.  <\/p>\n","protected":false},"featured_media":1514,"template":"","meta":{"_acf_changed":false},"product_brand":[147],"product_cat":[423,422,365],"product_tag":[],"class_list":{"0":"post-3367","1":"product","2":"type-product","3":"status-publish","4":"has-post-thumbnail","6":"product_brand-chanel","7":"product_cat-iconicos-chanel","8":"product_cat-joyeria","9":"product_cat-moda","10":"pa_color-dorado","12":"first","13":"instock","14":"shipping-taxable","15":"purchasable","16":"product-type-simple"},"acf":[],"aioseo_notices":[],"_links":{"self":[{"href":"https:\/\/de-middel.com\/es\/wp-json\/wp\/v2\/product\/3367","targetHints":{"allow":["GET"]}}],"collection":[{"href":"https:\/\/de-middel.com\/es\/wp-json\/wp\/v2\/product"}],"about":[{"href":"https:\/\/de-middel.com\/es\/wp-json\/wp\/v2\/types\/product"}],"wp:featuredmedia":[{"embeddable":true,"href":"https:\/\/de-middel.com\/es\/wp-json\/wp\/v2\/media\/1514"}],"wp:attachment":[{"href":"https:\/\/de-middel.com\/es\/wp-json\/wp\/v2\/media?parent=3367"}],"wp:term":[{"taxonomy":"product_brand","embeddable":true,"href":"https:\/\/de-middel.com\/es\/wp-json\/wp\/v2\/product_brand?post=3367"},{"taxonomy":"product_cat","embeddable":true,"href":"https:\/\/de-middel.com\/es\/wp-json\/wp\/v2\/product_cat?post=3367"},{"taxonomy":"product_tag","embeddable":true,"href":"https:\/\/de-middel.com\/es\/wp-json\/wp\/v2\/product_tag?post=3367"}],"curies":[{"name":"wp","href":"https:\/\/api.w.org\/{rel}","templated":true}]}}