{"id":3383,"date":"2025-12-27T19:29:45","date_gmt":"2025-12-27T19:29:45","guid":{"rendered":"https:\/\/de-middel.com\/product\/raro-juego-de-salon-completo\/"},"modified":"2025-12-27T19:29:45","modified_gmt":"2025-12-27T19:29:45","slug":"raro-juego-de-salon-completo","status":"publish","type":"product","link":"https:\/\/de-middel.com\/es\/producto\/raro-juego-de-salon-completo\/","title":{"rendered":"Raro Juego de Sal\u00f3n Completo"},"content":{"rendered":"<p>Rar\u00edsimo e hist\u00f3ricamente significativo conjunto completo de sal\u00f3n dise\u00f1ado por el maestro Gio Ponti para la seminal revista Casa e Giardino.<\/p>\n<p>El conjunto est\u00e1 tapizado en su original y vibrante terciopelo rojo y consta de:<\/p>\n<p>. Un sof\u00e1 de dos plazas<\/p>\n<p>. Dos sillones<\/p>\n<p>. Dos reposapi\u00e9s<\/p>\n<p>. Una silla lateral<\/p>\n<p>Se trata de una instalaci\u00f3n de dise\u00f1o completa e intacta de uno de los dise\u00f1adores m\u00e1s influyentes del siglo XX.<\/p>\n","protected":false},"excerpt":{"rendered":"<p>Rar\u00edsimo e hist\u00f3ricamente significativo conjunto completo de sal\u00f3n dise\u00f1ado por el maestro Gio Ponti para la seminal revista Casa e Giardino.<\/p>\n<p>El conjunto est\u00e1 tapizado en su original y vibrante terciopelo rojo y consta de:<\/p>\n<p>. Un sof\u00e1 de dos plazas<\/p>\n<p>. Dos sillones<\/p>\n<p>. Dos reposapi\u00e9s<\/p>\n<p>. Una silla lateral<\/p>\n<p>Se trata de una instalaci\u00f3n de dise\u00f1o completa e intacta de uno de los dise\u00f1adores m\u00e1s influyentes del siglo XX.<\/p>\n","protected":false},"featured_media":1557,"template":"","meta":{"_acf_changed":false},"product_brand":[304],"product_cat":[330,327,406,605],"product_tag":[],"class_list":{"0":"post-3383","1":"product","2":"type-product","3":"status-publish","4":"has-post-thumbnail","6":"product_brand-gio-ponti","7":"product_cat-asientos","8":"product_cat-interior","9":"product_cat-sofas-divorcos","10":"product_cat-diseno-contemporaneo","11":"pa_color-rojo","13":"first","14":"instock","15":"shipping-taxable","16":"purchasable","17":"product-type-simple"},"acf":[],"aioseo_notices":[],"_links":{"self":[{"href":"https:\/\/de-middel.com\/es\/wp-json\/wp\/v2\/product\/3383","targetHints":{"allow":["GET"]}}],"collection":[{"href":"https:\/\/de-middel.com\/es\/wp-json\/wp\/v2\/product"}],"about":[{"href":"https:\/\/de-middel.com\/es\/wp-json\/wp\/v2\/types\/product"}],"wp:featuredmedia":[{"embeddable":true,"href":"https:\/\/de-middel.com\/es\/wp-json\/wp\/v2\/media\/1557"}],"wp:attachment":[{"href":"https:\/\/de-middel.com\/es\/wp-json\/wp\/v2\/media?parent=3383"}],"wp:term":[{"taxonomy":"product_brand","embeddable":true,"href":"https:\/\/de-middel.com\/es\/wp-json\/wp\/v2\/product_brand?post=3383"},{"taxonomy":"product_cat","embeddable":true,"href":"https:\/\/de-middel.com\/es\/wp-json\/wp\/v2\/product_cat?post=3383"},{"taxonomy":"product_tag","embeddable":true,"href":"https:\/\/de-middel.com\/es\/wp-json\/wp\/v2\/product_tag?post=3383"}],"curies":[{"name":"wp","href":"https:\/\/api.w.org\/{rel}","templated":true}]}}