{"id":3656,"date":"2025-12-19T11:13:45","date_gmt":"2025-12-19T11:13:45","guid":{"rendered":"https:\/\/de-middel.com\/product\/juego-de-cafe-y-te-la-fenice\/"},"modified":"2025-12-19T11:13:45","modified_gmt":"2025-12-19T11:13:45","slug":"juego-de-cafe-y-te-la-fenice","status":"publish","type":"product","link":"https:\/\/de-middel.com\/es\/producto\/juego-de-cafe-y-te-la-fenice\/","title":{"rendered":"Juego de caf\u00e9 y t\u00e9 &#8216;La Fenice&#8217;<br><br> <br> <br>"},"content":{"rendered":"<p>Un servicio de caf\u00e9 y t\u00e9 de cuatro piezas extremadamente raro, el juego \u00abLa Fenice\u00bb, dise\u00f1ado por el maestro platero italiano Lino Sabattini alrededor de 1989. El juego est\u00e1 hecho de metal plateado y luce llamativas tapas de cristal azul. Esta colecci\u00f3n consta de una cafetera, una tetera, una lechera y una bandeja. Su estilo es una sofisticada fusi\u00f3n del modernismo escult\u00f3rico y el esp\u00edritu hist\u00f3rico-referencial del posmodernismo.<\/p>\n","protected":false},"excerpt":{"rendered":"<p>Un servicio de caf\u00e9 y t\u00e9 de cuatro piezas extremadamente raro, el juego \u00abLa Fenice\u00bb, dise\u00f1ado por el maestro platero italiano Lino Sabattini alrededor de 1989. El juego est\u00e1 hecho de metal plateado y luce llamativas tapas de cristal azul. Esta colecci\u00f3n consta de una cafetera, una tetera, una lechera y una bandeja. Su estilo es una sofisticada fusi\u00f3n del modernismo escult\u00f3rico y el esp\u00edritu hist\u00f3rico-referencial del posmodernismo.<\/p>\n","protected":false},"featured_media":611,"template":"","meta":{"_acf_changed":false},"product_brand":[104],"product_cat":[327,351,596],"product_tag":[],"class_list":{"0":"post-3656","1":"product","2":"type-product","3":"status-publish","4":"has-post-thumbnail","6":"product_brand-lino-sabattini","7":"product_cat-interior","8":"product_cat-objets-dart","9":"product_cat-arte-de-mesa","10":"pa_collection-artes-decorativas","11":"pa_color-azul","12":"pa_color-plateado","14":"first","15":"instock","16":"shipping-taxable","17":"purchasable","18":"product-type-simple"},"acf":[],"aioseo_notices":[],"_links":{"self":[{"href":"https:\/\/de-middel.com\/es\/wp-json\/wp\/v2\/product\/3656","targetHints":{"allow":["GET"]}}],"collection":[{"href":"https:\/\/de-middel.com\/es\/wp-json\/wp\/v2\/product"}],"about":[{"href":"https:\/\/de-middel.com\/es\/wp-json\/wp\/v2\/types\/product"}],"wp:featuredmedia":[{"embeddable":true,"href":"https:\/\/de-middel.com\/es\/wp-json\/wp\/v2\/media\/611"}],"wp:attachment":[{"href":"https:\/\/de-middel.com\/es\/wp-json\/wp\/v2\/media?parent=3656"}],"wp:term":[{"taxonomy":"product_brand","embeddable":true,"href":"https:\/\/de-middel.com\/es\/wp-json\/wp\/v2\/product_brand?post=3656"},{"taxonomy":"product_cat","embeddable":true,"href":"https:\/\/de-middel.com\/es\/wp-json\/wp\/v2\/product_cat?post=3656"},{"taxonomy":"product_tag","embeddable":true,"href":"https:\/\/de-middel.com\/es\/wp-json\/wp\/v2\/product_tag?post=3656"}],"curies":[{"name":"wp","href":"https:\/\/api.w.org\/{rel}","templated":true}]}}