{"id":2603,"date":"2026-01-02T20:21:52","date_gmt":"2026-01-02T20:21:52","guid":{"rendered":"https:\/\/de-middel.com\/la-liste-dachats-selectionnee\/"},"modified":"2026-01-14T11:09:05","modified_gmt":"2026-01-14T11:09:05","slug":"la-liste-dachats-selectionnee","status":"publish","type":"page","link":"https:\/\/de-middel.com\/fr\/la-liste-dachats-selectionnee\/","title":{"rendered":"LA LISTE D\u2019ACHATS S\u00c9LECTIONN\u00c9E"},"content":{"rendered":"\t\t<div data-elementor-type=\"wp-page\" data-elementor-id=\"2603\" class=\"elementor elementor-2603 elementor-2011\" data-elementor-post-type=\"page\">\n\t\t\t\t<div class=\"elementor-element elementor-element-fde0253 e-flex e-con-boxed wpr-particle-no wpr-jarallax-no wpr-parallax-no wpr-sticky-section-no e-con e-parent\" data-id=\"fde0253\" data-element_type=\"container\">\n\t\t\t\t\t<div class=\"e-con-inner\">\n\t\t\t\t<div class=\"elementor-element elementor-element-af60b9c elementor-widget elementor-widget-heading\" data-id=\"af60b9c\" data-element_type=\"widget\" data-widget_type=\"heading.default\">\n\t\t\t\t\t<h2 class=\"elementor-heading-title elementor-size-default\">LA LISTE S\u00c9LECTIONN\u00c9E<br>UNE VIE DE C\u00c9L\u00c9BRATION<\/h2>\t\t\t\t<\/div>\n\t\t\t\t<div class=\"elementor-element elementor-element-4305782 elementor-widget elementor-widget-text-editor\" data-id=\"4305782\" data-element_type=\"widget\" data-widget_type=\"text-editor.default\">\n\t\t\t\t\t\t\t\t\t<div class=\"container-7 _60\"><div class=\"div-block-173\"><div class=\"text-block-72\"><p class=\"paragraph-5 _85\">M\u00eame si chaque nouveau jour est une \u00e9tape en soi, il y a des moments que nous voulons particuli\u00e8rement partager avec les autres. Nous pensons que ces c\u00e9l\u00e9brations importantes (un mariage, un anniversaire, une nouvelle maison) doivent \u00eatre honor\u00e9es avec des objets de v\u00e9ritable r\u00e9sonance et de permanence. Notre service de liste est une invitation \u00e0 construire votre h\u00e9ritage. C&rsquo;est l&rsquo;occasion de commencer votre nouvelle histoire entour\u00e9 d&rsquo;art et d&rsquo;objets qui apportent une joie profonde et durable.   <\/p><\/div><\/div><\/div>\t\t\t\t\t\t\t\t<\/div>\n\t\t<div class=\"elementor-element elementor-element-c2c75f1 e-con-full e-flex wpr-particle-no wpr-jarallax-no wpr-parallax-no wpr-sticky-section-no e-con e-child\" data-id=\"c2c75f1\" data-element_type=\"container\">\n\t\t<div class=\"elementor-element elementor-element-f9e6e26 e-grid e-con-full wpr-particle-no wpr-jarallax-no wpr-parallax-no wpr-sticky-section-no e-con e-child\" data-id=\"f9e6e26\" data-element_type=\"container\">\n\t\t<div class=\"elementor-element elementor-element-5620d0d e-con-full e-flex wpr-particle-no wpr-jarallax-no wpr-parallax-no wpr-sticky-section-no e-con e-child\" data-id=\"5620d0d\" data-element_type=\"container\">\n\t\t\t\t<div class=\"elementor-element elementor-element-afc5ee0 elementor-widget elementor-widget-image\" data-id=\"afc5ee0\" data-element_type=\"widget\" data-widget_type=\"image.default\">\n\t\t\t\t\t\t\t\t\t\t\t\t\t\t\t<img fetchpriority=\"high\" decoding=\"async\" width=\"300\" height=\"296\" src=\"https:\/\/de-middel.com\/wp-content\/uploads\/2025\/12\/693c1685edf458a58bbf008b_Screenshot-2025-12-12-at-13.02.56-300x296.png\" class=\"attachment-medium size-medium wp-image-115\" alt=\"\" srcset=\"https:\/\/de-middel.com\/wp-content\/uploads\/2025\/12\/693c1685edf458a58bbf008b_Screenshot-2025-12-12-at-13.02.56-300x296.png 300w, https:\/\/de-middel.com\/wp-content\/uploads\/2025\/12\/693c1685edf458a58bbf008b_Screenshot-2025-12-12-at-13.02.56-200x198.png 200w, https:\/\/de-middel.com\/wp-content\/uploads\/2025\/12\/693c1685edf458a58bbf008b_Screenshot-2025-12-12-at-13.02.56-100x100.png 100w, https:\/\/de-middel.com\/wp-content\/uploads\/2025\/12\/693c1685edf458a58bbf008b_Screenshot-2025-12-12-at-13.02.56-600x593.png 600w, https:\/\/de-middel.com\/wp-content\/uploads\/2025\/12\/693c1685edf458a58bbf008b_Screenshot-2025-12-12-at-13.02.56-768x759.png 768w, https:\/\/de-middel.com\/wp-content\/uploads\/2025\/12\/693c1685edf458a58bbf008b_Screenshot-2025-12-12-at-13.02.56.png 815w\" sizes=\"(max-width: 300px) 100vw, 300px\" \/>\t\t\t\t\t\t\t\t\t\t\t\t\t\t\t<\/div>\n\t\t\t\t<\/div>\n\t\t<div class=\"elementor-element elementor-element-b5cc5ad e-con-full e-flex wpr-particle-no wpr-jarallax-no wpr-parallax-no wpr-sticky-section-no e-con e-child\" data-id=\"b5cc5ad\" data-element_type=\"container\">\n\t\t\t\t<div class=\"elementor-element elementor-element-28d1666 elementor-widget elementor-widget-heading\" data-id=\"28d1666\" data-element_type=\"widget\" data-widget_type=\"heading.default\">\n\t\t\t\t\t<h2 class=\"elementor-heading-title elementor-size-default\">NOTRE SERVICE<\/h2>\t\t\t\t<\/div>\n\t\t\t\t<div class=\"elementor-element elementor-element-37118b5 elementor-widget elementor-widget-text-editor\" data-id=\"37118b5\" data-element_type=\"widget\" data-widget_type=\"text-editor.default\">\n\t\t\t\t\t\t\t\t\t<div class=\"container-7 _60\"><div class=\"div-block-173\"><div class=\"text-block-72\"><p class=\"paragraph-5 _85\">Nous offrons une exp\u00e9rience de liste vraiment sur mesure. Je vous consulterai personnellement pour s\u00e9lectionner une liste priv\u00e9e parmi notre collection compl\u00e8te de beaux-arts, d&rsquo;arts d\u00e9coratifs, de livres rares et de mode. <\/p><p class=\"paragraph-5 _85\">Si votre vision inclut une pi\u00e8ce sp\u00e9cifique qui ne figure pas actuellement dans notre collection, je serai heureuse de mettre \u00e0 profit mon r\u00e9seau mondial pour la trouver pour vous.<\/p><p>Nous aidons \u00e9galement les invit\u00e9s \u00e0 trouver le cadeau parfait, que ce soit pour une contribution de groupe ou un article unique et sp\u00e9cial. Nous g\u00e9rons l&rsquo;ensemble du processus pour les h\u00f4tes et les invit\u00e9s, avec la discr\u00e9tion et l&rsquo;\u00e9l\u00e9gance que votre c\u00e9l\u00e9bration m\u00e9rite <\/p><\/div><\/div><\/div>\t\t\t\t\t\t\t\t<\/div>\n\t\t\t\t<\/div>\n\t\t\t\t<\/div>\n\t\t<div class=\"elementor-element elementor-element-b9f0a14 e-con-full e-flex wpr-particle-no wpr-jarallax-no wpr-parallax-no wpr-sticky-section-no e-con e-child\" data-id=\"b9f0a14\" data-element_type=\"container\">\n\t\t\t\t<div class=\"elementor-element elementor-element-959b123 elementor-widget elementor-widget-heading\" data-id=\"959b123\" data-element_type=\"widget\" data-widget_type=\"heading.default\">\n\t\t\t\t\t<h2 class=\"elementor-heading-title elementor-size-default\">UNE C\u00c9L\u00c9BRATION AVEC UN BUT\n<\/h2>\t\t\t\t<\/div>\n\t\t\t\t<div class=\"elementor-element elementor-element-8e30e14 elementor-widget elementor-widget-text-editor\" data-id=\"8e30e14\" data-element_type=\"widget\" data-widget_type=\"text-editor.default\">\n\t\t\t\t\t\t\t\t\t<div class=\"container-7 _60\"><div class=\"div-block-173\"><div class=\"text-block-72\"><p class=\"paragraph-5 _85\">Nous pensons qu&rsquo;une vie s\u00e9lectionn\u00e9e est une vie de connexion et de but. Dans le cadre de notre engagement envers cela, une partie de notre travail est consacr\u00e9e aux collaborations avec la communaut\u00e9 locale, y compris les programmes de coaching et d&rsquo;autonomisation. Choisir DE-MIDDEL pour votre liste signifie que votre c\u00e9l\u00e9bration soutient \u00e9galement cette mission plus large.  <\/p><\/div><\/div><\/div>\t\t\t\t\t\t\t\t<\/div>\n\t\t\t\t<div class=\"elementor-element elementor-element-64b178f elementor-align-justify elementor-widget__width-initial elementor-widget elementor-widget-button\" data-id=\"64b178f\" data-element_type=\"widget\" data-widget_type=\"button.default\">\n\t\t\t\t\t\t\t\t\t\t<a class=\"elementor-button elementor-button-link elementor-size-sm\" href=\"https:\/\/de-middel.com\/fr\/contactez-nous\/\">\n\t\t\t\t\t\t<span class=\"elementor-button-content-wrapper\">\n\t\t\t\t\t\t\t\t\t<span class=\"elementor-button-text\">Commencez votre liste<\/span>\n\t\t\t\t\t<\/span>\n\t\t\t\t\t<\/a>\n\t\t\t\t\t\t\t\t<\/div>\n\t\t\t\t<\/div>\n\t\t\t\t<\/div>\n\t\t\t\t\t<\/div>\n\t\t\t\t<\/div>\n\t\t\t\t<\/div>\n\t\t","protected":false},"excerpt":{"rendered":"<p>LA LISTE S\u00c9LECTIONN\u00c9EUNE VIE DE C\u00c9L\u00c9BRATION M\u00eame si chaque nouveau jour est une \u00e9tape en soi, il y a des moments que nous voulons particuli\u00e8rement partager avec les autres. Nous pensons que ces c\u00e9l\u00e9brations importantes (un mariage, un anniversaire, une nouvelle maison) doivent \u00eatre honor\u00e9es avec des objets de v\u00e9ritable r\u00e9sonance et de permanence. Notre service de liste est une invitation \u00e0 construire votre h\u00e9ritage. C&rsquo;est l&rsquo;occasion de commencer votre nouvelle histoire entour\u00e9 d&rsquo;art et d&rsquo;objets qui apportent une joie profonde et durable. NOTRE SERVICE Nous offrons une exp\u00e9rience de liste vraiment sur mesure. Je vous consulterai personnellement pour s\u00e9lectionner une liste priv\u00e9e parmi notre collection compl\u00e8te de beaux-arts, d&rsquo;arts d\u00e9coratifs, de livres rares et de mode. Si votre vision inclut une pi\u00e8ce sp\u00e9cifique qui ne figure pas actuellement dans notre collection, je serai heureuse de mettre \u00e0 profit mon r\u00e9seau mondial pour la trouver pour vous. Nous aidons \u00e9galement les invit\u00e9s \u00e0 trouver le cadeau parfait, que ce soit pour une contribution de groupe ou un article unique et sp\u00e9cial. Nous g\u00e9rons l&rsquo;ensemble du processus pour les h\u00f4tes et les invit\u00e9s, avec la discr\u00e9tion et l&rsquo;\u00e9l\u00e9gance que votre c\u00e9l\u00e9bration m\u00e9rite UNE C\u00c9L\u00c9BRATION AVEC UN BUT Nous pensons qu&rsquo;une vie s\u00e9lectionn\u00e9e est une vie de connexion et de but. Dans le cadre de notre engagement envers cela, une partie de notre travail est consacr\u00e9e aux collaborations avec la communaut\u00e9 locale, y compris les programmes de coaching et d&rsquo;autonomisation. Choisir DE-MIDDEL pour votre liste signifie que votre c\u00e9l\u00e9bration soutient \u00e9galement cette mission plus large. Commencez votre liste<\/p>\n","protected":false},"author":1,"featured_media":0,"parent":0,"menu_order":0,"comment_status":"closed","ping_status":"closed","template":"","meta":{"_acf_changed":false,"footnotes":""},"class_list":["post-2603","page","type-page","status-publish","hentry"],"acf":[],"aioseo_notices":[],"_hostinger_reach_plugin_has_subscription_block":false,"_hostinger_reach_plugin_is_elementor":false,"_links":{"self":[{"href":"https:\/\/de-middel.com\/fr\/wp-json\/wp\/v2\/pages\/2603","targetHints":{"allow":["GET"]}}],"collection":[{"href":"https:\/\/de-middel.com\/fr\/wp-json\/wp\/v2\/pages"}],"about":[{"href":"https:\/\/de-middel.com\/fr\/wp-json\/wp\/v2\/types\/page"}],"author":[{"embeddable":true,"href":"https:\/\/de-middel.com\/fr\/wp-json\/wp\/v2\/users\/1"}],"replies":[{"embeddable":true,"href":"https:\/\/de-middel.com\/fr\/wp-json\/wp\/v2\/comments?post=2603"}],"version-history":[{"count":2,"href":"https:\/\/de-middel.com\/fr\/wp-json\/wp\/v2\/pages\/2603\/revisions"}],"predecessor-version":[{"id":2619,"href":"https:\/\/de-middel.com\/fr\/wp-json\/wp\/v2\/pages\/2603\/revisions\/2619"}],"wp:attachment":[{"href":"https:\/\/de-middel.com\/fr\/wp-json\/wp\/v2\/media?parent=2603"}],"curies":[{"name":"wp","href":"https:\/\/api.w.org\/{rel}","templated":true}]}}