{"id":2606,"date":"2025-12-21T17:48:22","date_gmt":"2025-12-21T17:48:22","guid":{"rendered":"https:\/\/de-middel.com\/faites-en-plus\/"},"modified":"2026-01-14T11:09:05","modified_gmt":"2026-01-14T11:09:05","slug":"faites-en-plus","status":"publish","type":"page","link":"https:\/\/de-middel.com\/fr\/faites-en-plus\/","title":{"rendered":"Faites-en plus"},"content":{"rendered":"\t\t<div data-elementor-type=\"wp-page\" data-elementor-id=\"2606\" class=\"elementor elementor-2606 elementor-848\" data-elementor-post-type=\"page\">\n\t\t\t\t<div class=\"elementor-element elementor-element-c477795 e-flex e-con-boxed wpr-particle-no wpr-jarallax-no wpr-parallax-no wpr-sticky-section-no e-con e-parent\" data-id=\"c477795\" data-element_type=\"container\">\n\t\t\t\t\t<div class=\"e-con-inner\">\n\t\t<div class=\"elementor-element elementor-element-a5ead33 e-grid e-con-full wpr-particle-no wpr-jarallax-no wpr-parallax-no wpr-sticky-section-no e-con e-child\" data-id=\"a5ead33\" data-element_type=\"container\">\n\t\t<div class=\"elementor-element elementor-element-4655a84 e-con-full e-flex wpr-particle-no wpr-jarallax-no wpr-parallax-no wpr-sticky-section-no e-con e-child\" data-id=\"4655a84\" data-element_type=\"container\">\n\t\t\t\t<div class=\"elementor-element elementor-element-0efa11d elementor-widget elementor-widget-heading\" data-id=\"0efa11d\" data-element_type=\"widget\" data-widget_type=\"heading.default\">\n\t\t\t\t\t<h2 class=\"elementor-heading-title elementor-size-default\">Faites-en plus<\/h2>\t\t\t\t<\/div>\n\t\t\t\t<div class=\"elementor-element elementor-element-5d28f4f elementor-widget elementor-widget-text-editor\" data-id=\"5d28f4f\" data-element_type=\"widget\" data-widget_type=\"text-editor.default\">\n\t\t\t\t\t\t\t\t\t<div class=\"container-7 _60\"><div class=\"div-block-173\"><div class=\"text-block-72\"><p class=\"paragraph-5 _85\">Notre premier engagement est de s\u00e9lectionner avec int\u00e9grit\u00e9. Soutenir la carri\u00e8re d&rsquo;un artiste prometteur est une joie profonde en soi. Par cons\u00e9quent, chaque \u0153uvre de cette plateforme, qu&rsquo;elle provienne d&rsquo;une voix \u00e9mergente ou d&rsquo;un ma\u00eetre \u00e9tabli, est choisie non pas pour sa valeur marchande, mais pour sa capacit\u00e9 \u00e0 susciter la joie et \u00e0 continuer son histoire avec vous.  <\/p><p>\u00c0 un niveau plus profond et personnel, mon engagement est un engagement de gratitude. Je suis en phase avec les mots de Louise Bourgeois : \u00ab Je suis all\u00e9e en enfer et j&rsquo;en suis revenue. Et laissez-moi vous dire, c&rsquo;\u00e9tait merveilleux. \u00bb  <\/p><\/div><\/div><\/div>\t\t\t\t\t\t\t\t<\/div>\n\t\t\t\t<\/div>\n\t\t<div class=\"elementor-element elementor-element-07489ba e-con-full e-flex wpr-particle-no wpr-jarallax-no wpr-parallax-no wpr-sticky-section-no e-con e-child\" data-id=\"07489ba\" data-element_type=\"container\">\n\t\t\t\t<div class=\"elementor-element elementor-element-691bb0a elementor-widget elementor-widget-image\" data-id=\"691bb0a\" data-element_type=\"widget\" data-widget_type=\"image.default\">\n\t\t\t\t\t\t\t\t\t\t\t\t\t\t\t<img fetchpriority=\"high\" decoding=\"async\" width=\"281\" height=\"300\" src=\"https:\/\/de-middel.com\/wp-content\/uploads\/2025\/12\/693be89d5c9765f2f908f0d5_Screenshot-2025-12-12-at-08.05.17-2-281x300.png\" class=\"attachment-medium size-medium wp-image-850\" alt=\"\" srcset=\"https:\/\/de-middel.com\/wp-content\/uploads\/2025\/12\/693be89d5c9765f2f908f0d5_Screenshot-2025-12-12-at-08.05.17-2-281x300.png 281w, https:\/\/de-middel.com\/wp-content\/uploads\/2025\/12\/693be89d5c9765f2f908f0d5_Screenshot-2025-12-12-at-08.05.17-2-200x214.png 200w, https:\/\/de-middel.com\/wp-content\/uploads\/2025\/12\/693be89d5c9765f2f908f0d5_Screenshot-2025-12-12-at-08.05.17-2.png 546w\" sizes=\"(max-width: 281px) 100vw, 281px\" \/>\t\t\t\t\t\t\t\t\t\t\t\t\t\t\t<\/div>\n\t\t\t\t<\/div>\n\t\t\t\t<\/div>\n\t\t\t\t<div class=\"elementor-element elementor-element-155bc2c elementor-widget elementor-widget-text-editor\" data-id=\"155bc2c\" data-element_type=\"widget\" data-widget_type=\"text-editor.default\">\n\t\t\t\t\t\t\t\t\t<div class=\"container-7 _60\"><div class=\"div-block-173\"><div class=\"text-block-72\"><p class=\"paragraph-5 _85\">Au cours de ma vie, j&rsquo;ai eu la chance de croiser des personnes qui m&rsquo;ont accompagn\u00e9e, en m&rsquo;\u00e9coutant et en me tendant la main. L&rsquo;Art de la Joie consiste \u00e9galement \u00e0 partager cette force. En tant que coach, je m&rsquo;engage \u00e0 transmettre ce soutien en offrant des s\u00e9ances pro bono aux victimes de violence domestique, en les aidant \u00e0 renouer avec leur propre histoire et \u00e0 trouver leur propre chemin vers la joie.  <\/p><\/div><\/div><\/div>\t\t\t\t\t\t\t\t<\/div>\n\t\t\t\t<div class=\"elementor-element elementor-element-705db62 elementor-align-justify elementor-widget__width-initial elementor-widget elementor-widget-button\" data-id=\"705db62\" data-element_type=\"widget\" data-widget_type=\"button.default\">\n\t\t\t\t\t\t\t\t\t\t<a class=\"elementor-button elementor-button-link elementor-size-sm\" href=\"https:\/\/de-middel.com\/fr\/contactez-nous\/\">\n\t\t\t\t\t\t<span class=\"elementor-button-content-wrapper\">\n\t\t\t\t\t\t\t\t\t<span class=\"elementor-button-text\"> partagez votre projet<\/span>\n\t\t\t\t\t<\/span>\n\t\t\t\t\t<\/a>\n\t\t\t\t\t\t\t\t<\/div>\n\t\t\t\t\t<\/div>\n\t\t\t\t<\/div>\n\t\t\t\t<\/div>\n\t\t","protected":false},"excerpt":{"rendered":"<p>Faites-en plus Notre premier engagement est de s\u00e9lectionner avec int\u00e9grit\u00e9. Soutenir la carri\u00e8re d&rsquo;un artiste prometteur est une joie profonde en soi. Par cons\u00e9quent, chaque \u0153uvre de cette plateforme, qu&rsquo;elle provienne d&rsquo;une voix \u00e9mergente ou d&rsquo;un ma\u00eetre \u00e9tabli, est choisie non pas pour sa valeur marchande, mais pour sa capacit\u00e9 \u00e0 susciter la joie et \u00e0 continuer son histoire avec vous. \u00c0 un niveau plus profond et personnel, mon engagement est un engagement de gratitude. Je suis en phase avec les mots de Louise Bourgeois : \u00ab Je suis all\u00e9e en enfer et j&rsquo;en suis revenue. Et laissez-moi vous dire, c&rsquo;\u00e9tait merveilleux. \u00bb Au cours de ma vie, j&rsquo;ai eu la chance de croiser des personnes qui m&rsquo;ont accompagn\u00e9e, en m&rsquo;\u00e9coutant et en me tendant la main. L&rsquo;Art de la Joie consiste \u00e9galement \u00e0 partager cette force. En tant que coach, je m&rsquo;engage \u00e0 transmettre ce soutien en offrant des s\u00e9ances pro bono aux victimes de violence domestique, en les aidant \u00e0 renouer avec leur propre histoire et \u00e0 trouver leur propre chemin vers la joie. partagez votre projet<\/p>\n","protected":false},"author":1,"featured_media":0,"parent":0,"menu_order":0,"comment_status":"closed","ping_status":"closed","template":"","meta":{"_acf_changed":false,"footnotes":""},"class_list":["post-2606","page","type-page","status-publish","hentry"],"acf":[],"aioseo_notices":[],"_hostinger_reach_plugin_has_subscription_block":false,"_hostinger_reach_plugin_is_elementor":false,"_links":{"self":[{"href":"https:\/\/de-middel.com\/fr\/wp-json\/wp\/v2\/pages\/2606","targetHints":{"allow":["GET"]}}],"collection":[{"href":"https:\/\/de-middel.com\/fr\/wp-json\/wp\/v2\/pages"}],"about":[{"href":"https:\/\/de-middel.com\/fr\/wp-json\/wp\/v2\/types\/page"}],"author":[{"embeddable":true,"href":"https:\/\/de-middel.com\/fr\/wp-json\/wp\/v2\/users\/1"}],"replies":[{"embeddable":true,"href":"https:\/\/de-middel.com\/fr\/wp-json\/wp\/v2\/comments?post=2606"}],"version-history":[{"count":2,"href":"https:\/\/de-middel.com\/fr\/wp-json\/wp\/v2\/pages\/2606\/revisions"}],"predecessor-version":[{"id":2620,"href":"https:\/\/de-middel.com\/fr\/wp-json\/wp\/v2\/pages\/2606\/revisions\/2620"}],"wp:attachment":[{"href":"https:\/\/de-middel.com\/fr\/wp-json\/wp\/v2\/media?parent=2606"}],"curies":[{"name":"wp","href":"https:\/\/api.w.org\/{rel}","templated":true}]}}