{"id":2742,"date":"2025-12-17T19:23:17","date_gmt":"2025-12-17T19:23:17","guid":{"rendered":"https:\/\/de-middel.com\/approvisionnement\/"},"modified":"2026-01-14T11:09:56","modified_gmt":"2026-01-14T11:09:56","slug":"approvisionnement","status":"publish","type":"page","link":"https:\/\/de-middel.com\/fr\/approvisionnement\/","title":{"rendered":"Approvisionnement"},"content":{"rendered":"\t\t<div data-elementor-type=\"wp-page\" data-elementor-id=\"2742\" class=\"elementor elementor-2742 elementor-159\" data-elementor-post-type=\"page\">\n\t\t\t\t<div class=\"elementor-element elementor-element-86ad687 e-flex e-con-boxed wpr-particle-no wpr-jarallax-no wpr-parallax-no wpr-sticky-section-no e-con e-parent\" data-id=\"86ad687\" data-element_type=\"container\">\n\t\t\t\t\t<div class=\"e-con-inner\">\n\t\t\t\t<div class=\"elementor-element elementor-element-e99607c elementor-widget elementor-widget-heading\" data-id=\"e99607c\" data-element_type=\"widget\" data-widget_type=\"heading.default\">\n\t\t\t\t\t<h2 class=\"elementor-heading-title elementor-size-default\">Approvisionnement<\/h2>\t\t\t\t<\/div>\n\t\t\t\t<div class=\"elementor-element elementor-element-e00bdb1 elementor-widget elementor-widget-text-editor\" data-id=\"e00bdb1\" data-element_type=\"widget\" data-widget_type=\"text-editor.default\">\n\t\t\t\t\t\t\t\t\t<p>Une \u0153uvre d&rsquo;art sp\u00e9cifique, un cadeau sp\u00e9cial ou la robe de vos r\u00eaves. Si vous recherchez un objet particulier, ce sera notre joie d&rsquo;entreprendre la recherche et de vous conseiller sur les choix les plus adapt\u00e9s. Pour les collectionneurs priv\u00e9s, les designers et les particuliers, je mettrai personnellement \u00e0 profit mon r\u00e9seau mondial pour trouver des options en votre nom. Nous agissons en tant que partenaire de confiance, en g\u00e9rant l&rsquo;ensemble du processus, de la recherche et de l&rsquo;authentification \u00e0 l&rsquo;acquisition finale et \u00e0 la logistique.  <\/p>\t\t\t\t\t\t\t\t<\/div>\n\t\t<div class=\"elementor-element elementor-element-6b5204c e-con-full e-flex wpr-particle-no wpr-jarallax-no wpr-parallax-no wpr-sticky-section-no e-con e-child\" data-id=\"6b5204c\" data-element_type=\"container\">\n\t\t\t\t<div class=\"elementor-element elementor-element-bec7de6 elementor-widget__width-initial elementor-align-justify elementor-widget elementor-widget-button\" data-id=\"bec7de6\" data-element_type=\"widget\" data-widget_type=\"button.default\">\n\t\t\t\t\t\t\t\t\t\t<a class=\"elementor-button elementor-button-link elementor-size-sm\" href=\"https:\/\/de-middel.com\/fr\/contactez-nous\/\">\n\t\t\t\t\t\t<span class=\"elementor-button-content-wrapper\">\n\t\t\t\t\t\t\t\t\t<span class=\"elementor-button-text\">PARTAGEZ VOTRE PROJET SP\u00c9CIAL AVEC NOUS<\/span>\n\t\t\t\t\t<\/span>\n\t\t\t\t\t<\/a>\n\t\t\t\t\t\t\t\t<\/div>\n\t\t\t\t<\/div>\n\t\t\t\t\t<\/div>\n\t\t\t\t<\/div>\n\t\t\t\t<\/div>\n\t\t","protected":false},"excerpt":{"rendered":"<p>Approvisionnement Une \u0153uvre d&rsquo;art sp\u00e9cifique, un cadeau sp\u00e9cial ou la robe de vos r\u00eaves. Si vous recherchez un objet particulier, ce sera notre joie d&rsquo;entreprendre la recherche et de vous conseiller sur les choix les plus adapt\u00e9s. Pour les collectionneurs priv\u00e9s, les designers et les particuliers, je mettrai personnellement \u00e0 profit mon r\u00e9seau mondial pour trouver des options en votre nom. Nous agissons en tant que partenaire de confiance, en g\u00e9rant l&rsquo;ensemble du processus, de la recherche et de l&rsquo;authentification \u00e0 l&rsquo;acquisition finale et \u00e0 la logistique. PARTAGEZ VOTRE PROJET SP\u00c9CIAL AVEC NOUS<\/p>\n","protected":false},"author":1,"featured_media":0,"parent":0,"menu_order":0,"comment_status":"closed","ping_status":"closed","template":"","meta":{"_acf_changed":false,"footnotes":""},"class_list":["post-2742","page","type-page","status-publish","hentry"],"acf":[],"aioseo_notices":[],"_hostinger_reach_plugin_has_subscription_block":false,"_hostinger_reach_plugin_is_elementor":false,"_links":{"self":[{"href":"https:\/\/de-middel.com\/fr\/wp-json\/wp\/v2\/pages\/2742","targetHints":{"allow":["GET"]}}],"collection":[{"href":"https:\/\/de-middel.com\/fr\/wp-json\/wp\/v2\/pages"}],"about":[{"href":"https:\/\/de-middel.com\/fr\/wp-json\/wp\/v2\/types\/page"}],"author":[{"embeddable":true,"href":"https:\/\/de-middel.com\/fr\/wp-json\/wp\/v2\/users\/1"}],"replies":[{"embeddable":true,"href":"https:\/\/de-middel.com\/fr\/wp-json\/wp\/v2\/comments?post=2742"}],"version-history":[{"count":1,"href":"https:\/\/de-middel.com\/fr\/wp-json\/wp\/v2\/pages\/2742\/revisions"}],"predecessor-version":[{"id":2743,"href":"https:\/\/de-middel.com\/fr\/wp-json\/wp\/v2\/pages\/2742\/revisions\/2743"}],"wp:attachment":[{"href":"https:\/\/de-middel.com\/fr\/wp-json\/wp\/v2\/media?parent=2742"}],"curies":[{"name":"wp","href":"https:\/\/api.w.org\/{rel}","templated":true}]}}