{"id":2776,"date":"2025-12-17T19:17:48","date_gmt":"2025-12-17T19:17:48","guid":{"rendered":"https:\/\/de-middel.com\/services-demballage-cadeau\/"},"modified":"2026-01-14T11:10:55","modified_gmt":"2026-01-14T11:10:55","slug":"services-demballage-cadeau","status":"publish","type":"page","link":"https:\/\/de-middel.com\/fr\/services-demballage-cadeau\/","title":{"rendered":"SERVICES D&rsquo;EMBALLAGE CADEAU"},"content":{"rendered":"\t\t<div data-elementor-type=\"wp-page\" data-elementor-id=\"2776\" class=\"elementor elementor-2776 elementor-146\" data-elementor-post-type=\"page\">\n\t\t\t\t<div class=\"elementor-element elementor-element-8ef7c26 e-flex e-con-boxed wpr-particle-no wpr-jarallax-no wpr-parallax-no wpr-sticky-section-no e-con e-parent\" data-id=\"8ef7c26\" data-element_type=\"container\">\n\t\t\t\t\t<div class=\"e-con-inner\">\n\t\t\t\t<div class=\"elementor-element elementor-element-dc86b24 elementor-widget elementor-widget-heading\" data-id=\"dc86b24\" data-element_type=\"widget\" data-widget_type=\"heading.default\">\n\t\t\t\t\t<h2 class=\"elementor-heading-title elementor-size-default\">SERVICES D'EMBALLAGE CADEAU\n<\/h2>\t\t\t\t<\/div>\n\t\t\t\t<div class=\"elementor-element elementor-element-353a008 elementor-widget elementor-widget-text-editor\" data-id=\"353a008\" data-element_type=\"widget\" data-widget_type=\"text-editor.default\">\n\t\t\t\t\t\t\t\t\t<div class=\"container-7 _60\"><div class=\"div-block-173\"><div class=\"text-block-72\"><div class=\"text-block-64 blue\">Chez De Middel, la v\u00e9rification de l&rsquo;histoire et de l&rsquo;origine d&rsquo;un objet est fondamentale dans notre processus de conservation. Chaque pi\u00e8ce propos\u00e9e est unique, et nous nous engageons \u00e0 fournir le plus haut niveau de confiance et de transparence pour votre acquisition<\/div><div class=\"text-block-64 w-richtext\"> <\/div><\/div><\/div><\/div>\t\t\t\t\t\t\t\t<\/div>\n\t\t\t\t<div class=\"elementor-element elementor-element-2afc921 elementor-widget elementor-widget-text-editor\" data-id=\"2afc921\" data-element_type=\"widget\" data-widget_type=\"text-editor.default\">\n\t\t\t\t\t\t\t\t\t<div class=\"container-7 _60\"><div class=\"div-block-173\"><div class=\"text-block-72\"><div class=\"text-block-64 blue\"><p>I. V\u00e9rification interne et certificat d&rsquo;authenticit\u00e9<br>Tous les lots sont v\u00e9rifi\u00e9s par nos sp\u00e9cialistes internes pour garantir leur authenticit\u00e9. Une fois votre acquisition termin\u00e9e, vous recevrez un certificat d&rsquo;authenticit\u00e9 De Middel officiel.<\/p><p>Ce certificat garantit l&rsquo;origine et l&rsquo;identit\u00e9 de l&rsquo;article telles que repr\u00e9sent\u00e9es sur notre site web, vous offrant une tranquillit\u00e9 d&rsquo;esprit \u00e0 chaque acquisition.<\/p><p>\u200d<\/p><p>II. Service d&rsquo;authentification sur mesure par un tiers<\/p><p>Pour les clients qui exigent le plus haut niveau d&rsquo;assurance ind\u00e9pendante, nous offrons un service d\u00e9di\u00e9 pour coordonner l&rsquo;authentification externe par un tiers :<\/p><p>Partenaires experts : Nous travaillons avec des authentificateurs tiers r\u00e9put\u00e9s et reconnus dans le monde entier, mais nous sommes \u00e9galement heureux de travailler avec la contrepartie choisie par le client pour g\u00e9rer le processus de v\u00e9rification.<\/p><p>Processus : Nous g\u00e9rons toute la logistique, la correspondance et la soumission de l&rsquo;objet \u00e0 l&rsquo;expert externe.<\/p><p>Structure des frais : Le co\u00fbt total de ce service d\u00e9pendra de l&rsquo;objet (par exemple, la taille, le support et l&rsquo;expert requis). De Middel facturera au client le co\u00fbt r\u00e9el des honoraires de l&rsquo;expert tiers.<\/p><p>Frais de service : De Middel facturera des frais de service de 10 % pour couvrir l&rsquo;administration, la logistique et la manutention de ce service sp\u00e9cialis\u00e9, avec des frais minimum de 50 \u00a3 par article. Ces frais sont distincts des frais d&rsquo;\u00e9valuation de l&rsquo;expert tiers.<\/p><\/div><\/div><\/div><\/div>\t\t\t\t\t\t\t\t<\/div>\n\t\t\t\t\t<\/div>\n\t\t\t\t<\/div>\n\t\t\t\t<\/div>\n\t\t","protected":false},"excerpt":{"rendered":"<p>SERVICES D&rsquo;EMBALLAGE CADEAU Chez De Middel, la v\u00e9rification de l&rsquo;histoire et de l&rsquo;origine d&rsquo;un objet est fondamentale dans notre processus de conservation. Chaque pi\u00e8ce propos\u00e9e est unique, et nous nous engageons \u00e0 fournir le plus haut niveau de confiance et de transparence pour votre acquisition I. V\u00e9rification interne et certificat d&rsquo;authenticit\u00e9Tous les lots sont v\u00e9rifi\u00e9s par nos sp\u00e9cialistes internes pour garantir leur authenticit\u00e9. Une fois votre acquisition termin\u00e9e, vous recevrez un certificat d&rsquo;authenticit\u00e9 De Middel officiel. Ce certificat garantit l&rsquo;origine et l&rsquo;identit\u00e9 de l&rsquo;article telles que repr\u00e9sent\u00e9es sur notre site web, vous offrant une tranquillit\u00e9 d&rsquo;esprit \u00e0 chaque acquisition. \u200d II. Service d&rsquo;authentification sur mesure par un tiers Pour les clients qui exigent le plus haut niveau d&rsquo;assurance ind\u00e9pendante, nous offrons un service d\u00e9di\u00e9 pour coordonner l&rsquo;authentification externe par un tiers : Partenaires experts : Nous travaillons avec des authentificateurs tiers r\u00e9put\u00e9s et reconnus dans le monde entier, mais nous sommes \u00e9galement heureux de travailler avec la contrepartie choisie par le client pour g\u00e9rer le processus de v\u00e9rification. Processus : Nous g\u00e9rons toute la logistique, la correspondance et la soumission de l&rsquo;objet \u00e0 l&rsquo;expert externe. Structure des frais : Le co\u00fbt total de ce service d\u00e9pendra de l&rsquo;objet (par exemple, la taille, le support et l&rsquo;expert requis). De Middel facturera au client le co\u00fbt r\u00e9el des honoraires de l&rsquo;expert tiers. Frais de service : De Middel facturera des frais de service de 10 % pour couvrir l&rsquo;administration, la logistique et la manutention de ce service sp\u00e9cialis\u00e9, avec des frais minimum de 50 \u00a3 par article. Ces frais sont distincts des frais d&rsquo;\u00e9valuation de l&rsquo;expert tiers.<\/p>\n","protected":false},"author":1,"featured_media":0,"parent":0,"menu_order":0,"comment_status":"closed","ping_status":"closed","template":"","meta":{"_acf_changed":false,"footnotes":""},"class_list":["post-2776","page","type-page","status-publish","hentry"],"acf":[],"aioseo_notices":[],"_hostinger_reach_plugin_has_subscription_block":false,"_hostinger_reach_plugin_is_elementor":false,"_links":{"self":[{"href":"https:\/\/de-middel.com\/fr\/wp-json\/wp\/v2\/pages\/2776","targetHints":{"allow":["GET"]}}],"collection":[{"href":"https:\/\/de-middel.com\/fr\/wp-json\/wp\/v2\/pages"}],"about":[{"href":"https:\/\/de-middel.com\/fr\/wp-json\/wp\/v2\/types\/page"}],"author":[{"embeddable":true,"href":"https:\/\/de-middel.com\/fr\/wp-json\/wp\/v2\/users\/1"}],"replies":[{"embeddable":true,"href":"https:\/\/de-middel.com\/fr\/wp-json\/wp\/v2\/comments?post=2776"}],"version-history":[{"count":1,"href":"https:\/\/de-middel.com\/fr\/wp-json\/wp\/v2\/pages\/2776\/revisions"}],"predecessor-version":[{"id":2777,"href":"https:\/\/de-middel.com\/fr\/wp-json\/wp\/v2\/pages\/2776\/revisions\/2777"}],"wp:attachment":[{"href":"https:\/\/de-middel.com\/fr\/wp-json\/wp\/v2\/media?parent=2776"}],"curies":[{"name":"wp","href":"https:\/\/api.w.org\/{rel}","templated":true}]}}