{"id":2901,"date":"2025-12-17T19:20:52","date_gmt":"2025-12-17T19:20:52","guid":{"rendered":"https:\/\/de-middel.com\/notre-atelier-de-location\/"},"modified":"2026-01-14T11:12:18","modified_gmt":"2026-01-14T11:12:18","slug":"notre-atelier-de-location","status":"publish","type":"page","link":"https:\/\/de-middel.com\/fr\/notre-atelier-de-location\/","title":{"rendered":"Notre atelier de location"},"content":{"rendered":"\t\t<div data-elementor-type=\"wp-page\" data-elementor-id=\"2901\" class=\"elementor elementor-2901 elementor-151\" data-elementor-post-type=\"page\">\n\t\t\t\t<div class=\"elementor-element elementor-element-d0ae977 e-flex e-con-boxed wpr-particle-no wpr-jarallax-no wpr-parallax-no wpr-sticky-section-no e-con e-parent\" data-id=\"d0ae977\" data-element_type=\"container\">\n\t\t\t\t\t<div class=\"e-con-inner\">\n\t\t\t\t<div class=\"elementor-element elementor-element-33e5f4c elementor-widget elementor-widget-heading\" data-id=\"33e5f4c\" data-element_type=\"widget\" data-widget_type=\"heading.default\">\n\t\t\t\t\t<h2 class=\"elementor-heading-title elementor-size-default\">Notre atelier de location\n<\/h2>\t\t\t\t<\/div>\n\t\t\t\t<div class=\"elementor-element elementor-element-2b3d038 elementor-widget elementor-widget-text-editor\" data-id=\"2b3d038\" data-element_type=\"widget\" data-widget_type=\"text-editor.default\">\n\t\t\t\t\t\t\t\t\t<div class=\"container-7 _60\"><div class=\"container-7 _60\"><div id=\"w-node-_74771631-1281-714d-4f25-97874e7c0f80-2f0b2a48\" class=\"w-layout-layout quick-stack-laptop-2 show wf-layout-layout\"><div id=\"w-node-_74771631-1281-714d-4f25-97874e7c0f81-2f0b2a48\" class=\"w-layout-cell cell-61\"><div id=\"w-node-_74771631-1281-714d-4f25-97874e7c0f90-2f0b2a48\" class=\"w-layout-cell\"><div class=\"normal-text-cormorant-little-space\">L&rsquo;essence de la beaut\u00e9 est la circularit\u00e9.<br>Notre service de location est l&rsquo;antith\u00e8se de la mode \u00e9ph\u00e9m\u00e8re et du consum\u00e9risme sans \u00e2me ; c&rsquo;est une mani\u00e8re consciente et moderne de participer \u00e0 l&rsquo;histoire d&rsquo;un objet. Nous proposons une s\u00e9lection de nos v\u00eatements, accessoires et \u0153uvres d&rsquo;art \u00e0 des fins personnelles, tandis que notre collection compl\u00e8te est mise \u00e0 la disposition des stylistes, des soci\u00e9t\u00e9s de production et des designers pour des projets de films, de photos et de mise en sc\u00e8ne.<\/div><\/div><\/div><\/div><\/div><\/div>\t\t\t\t\t\t\t\t<\/div>\n\t\t<div class=\"elementor-element elementor-element-480d5c3 e-con-full e-flex wpr-particle-no wpr-jarallax-no wpr-parallax-no wpr-sticky-section-no e-con e-child\" data-id=\"480d5c3\" data-element_type=\"container\">\n\t\t\t\t<div class=\"elementor-element elementor-element-b8dd7bb elementor-widget__width-initial elementor-align-justify elementor-widget elementor-widget-button\" data-id=\"b8dd7bb\" data-element_type=\"widget\" data-widget_type=\"button.default\">\n\t\t\t\t\t\t\t\t\t\t<a class=\"elementor-button elementor-button-link elementor-size-sm\" href=\"https:\/\/de-middel.com\/fr\/contactez-nous\/\">\n\t\t\t\t\t\t<span class=\"elementor-button-content-wrapper\">\n\t\t\t\t\t\t\t\t\t<span class=\"elementor-button-text\">Se renseigner<\/span>\n\t\t\t\t\t<\/span>\n\t\t\t\t\t<\/a>\n\t\t\t\t\t\t\t\t<\/div>\n\t\t\t\t<\/div>\n\t\t\t\t\t<\/div>\n\t\t\t\t<\/div>\n\t\t\t\t<\/div>\n\t\t","protected":false},"excerpt":{"rendered":"<p>Notre atelier de location L&rsquo;essence de la beaut\u00e9 est la circularit\u00e9.Notre service de location est l&rsquo;antith\u00e8se de la mode \u00e9ph\u00e9m\u00e8re et du consum\u00e9risme sans \u00e2me ; c&rsquo;est une mani\u00e8re consciente et moderne de participer \u00e0 l&rsquo;histoire d&rsquo;un objet. Nous proposons une s\u00e9lection de nos v\u00eatements, accessoires et \u0153uvres d&rsquo;art \u00e0 des fins personnelles, tandis que notre collection compl\u00e8te est mise \u00e0 la disposition des stylistes, des soci\u00e9t\u00e9s de production et des designers pour des projets de films, de photos et de mise en sc\u00e8ne. Se renseigner<\/p>\n","protected":false},"author":1,"featured_media":0,"parent":0,"menu_order":0,"comment_status":"closed","ping_status":"closed","template":"","meta":{"_acf_changed":false,"footnotes":""},"class_list":["post-2901","page","type-page","status-publish","hentry"],"acf":[],"aioseo_notices":[],"_hostinger_reach_plugin_has_subscription_block":false,"_hostinger_reach_plugin_is_elementor":false,"_links":{"self":[{"href":"https:\/\/de-middel.com\/fr\/wp-json\/wp\/v2\/pages\/2901","targetHints":{"allow":["GET"]}}],"collection":[{"href":"https:\/\/de-middel.com\/fr\/wp-json\/wp\/v2\/pages"}],"about":[{"href":"https:\/\/de-middel.com\/fr\/wp-json\/wp\/v2\/types\/page"}],"author":[{"embeddable":true,"href":"https:\/\/de-middel.com\/fr\/wp-json\/wp\/v2\/users\/1"}],"replies":[{"embeddable":true,"href":"https:\/\/de-middel.com\/fr\/wp-json\/wp\/v2\/comments?post=2901"}],"version-history":[{"count":1,"href":"https:\/\/de-middel.com\/fr\/wp-json\/wp\/v2\/pages\/2901\/revisions"}],"predecessor-version":[{"id":2902,"href":"https:\/\/de-middel.com\/fr\/wp-json\/wp\/v2\/pages\/2901\/revisions\/2902"}],"wp:attachment":[{"href":"https:\/\/de-middel.com\/fr\/wp-json\/wp\/v2\/media?parent=2901"}],"curies":[{"name":"wp","href":"https:\/\/api.w.org\/{rel}","templated":true}]}}