{"id":2916,"date":"2025-12-17T20:02:09","date_gmt":"2025-12-17T20:02:09","guid":{"rendered":"https:\/\/de-middel.com\/acquisition-de-nos-pieces\/"},"modified":"2026-01-14T11:12:38","modified_gmt":"2026-01-14T11:12:38","slug":"acquisition-de-nos-pieces","status":"publish","type":"page","link":"https:\/\/de-middel.com\/fr\/acquisition-de-nos-pieces\/","title":{"rendered":"Acquisition de nos pi\u00e8ces"},"content":{"rendered":"\t\t<div data-elementor-type=\"wp-page\" data-elementor-id=\"2916\" class=\"elementor elementor-2916 elementor-220\" data-elementor-post-type=\"page\">\n\t\t\t\t<div class=\"elementor-element elementor-element-b6fb73f e-flex e-con-boxed wpr-particle-no wpr-jarallax-no wpr-parallax-no wpr-sticky-section-no e-con e-parent\" data-id=\"b6fb73f\" data-element_type=\"container\">\n\t\t\t\t\t<div class=\"e-con-inner\">\n\t\t\t\t<div class=\"elementor-element elementor-element-3047f18 elementor-widget elementor-widget-heading\" data-id=\"3047f18\" data-element_type=\"widget\" data-widget_type=\"heading.default\">\n\t\t\t\t\t<h2 class=\"elementor-heading-title elementor-size-default\">Acquisition de nos pi\u00e8ces\n<\/h2>\t\t\t\t<\/div>\n\t\t\t\t<div class=\"elementor-element elementor-element-b011d66 elementor-widget elementor-widget-text-editor\" data-id=\"b011d66\" data-element_type=\"widget\" data-widget_type=\"text-editor.default\">\n\t\t\t\t\t\t\t\t\t<div class=\"container-7 _60\"><div class=\"div-block-173\"><div class=\"text-block-72\"><p class=\"cvGsUA direction-ltr align-start para-style-body\"><span class=\"a_GcMg font-feature-liga-off font-feature-clig-off font-feature-calt-off text-decoration-none text-strikethrough-none\">Afin de fournir le service le plus personnalis\u00e9 et le plus s\u00fbr possible, nous avons choisi de ne pas utiliser de syst\u00e8me de paiement automatis\u00e9. Au lieu de cela, nous g\u00e9rons chaque acquisition avec le soin d&rsquo;une consultation individuelle. <\/span><\/p><p class=\"cvGsUA direction-ltr align-start para-style-body\"><span class=\"a_GcMg font-feature-liga-off font-feature-clig-off font-feature-calt-off text-decoration-none text-strikethrough-none\">Un grand nombre de nos \u0153uvres d&rsquo;art, d&rsquo;arts d\u00e9coratifs et de livres rares sont \u00e9galement disponibles \u00e0 Londres, tandis que d&rsquo;autres sont conserv\u00e9s dans nos locaux europ\u00e9ens.<\/span><\/p><p class=\"cvGsUA direction-ltr align-start para-style-body\"><span class=\"a_GcMg font-feature-liga-off font-feature-clig-off font-feature-calt-off text-decoration-none text-strikethrough-none\">Les visites priv\u00e9es sont un \u00e9l\u00e9ment essentiel de notre service, et nous vous invitons \u00e0 prendre rendez-vous pour les d\u00e9couvrir en personne.<\/span><\/p><\/div><\/div><\/div>\t\t\t\t\t\t\t\t<\/div>\n\t\t<div class=\"elementor-element elementor-element-4997ea8 e-con-full e-flex wpr-particle-no wpr-jarallax-no wpr-parallax-no wpr-sticky-section-no e-con e-child\" data-id=\"4997ea8\" data-element_type=\"container\">\n\t\t\t\t<div class=\"elementor-element elementor-element-167eb31 elementor-widget elementor-widget-heading\" data-id=\"167eb31\" data-element_type=\"widget\" data-widget_type=\"heading.default\">\n\t\t\t\t\t<h2 class=\"elementor-heading-title elementor-size-default\">\u00c9tape 1&nbsp;: CR\u00c9EZ VOTRE S\u00c9LECTION PERSONNELLE\n<\/h2>\t\t\t\t<\/div>\n\t\t\t\t<div class=\"elementor-element elementor-element-d634d2a elementor-widget elementor-widget-text-editor\" data-id=\"d634d2a\" data-element_type=\"widget\" data-widget_type=\"text-editor.default\">\n\t\t\t\t\t\t\t\t\t<p>Lorsque vous explorez nos collections, veuillez s\u00e9lectionner les articles qui vous int\u00e9ressent en cliquant sur l&rsquo;ic\u00f4ne en forme de c\u0153ur \u2661 situ\u00e9e dans le coin sup\u00e9rieur droit du menu. Cela les ajoutera \u00e0 votre s\u00e9lection personnelle. <\/p>\t\t\t\t\t\t\t\t<\/div>\n\t\t\t\t<\/div>\n\t\t<div class=\"elementor-element elementor-element-871d7f4 e-con-full e-flex wpr-particle-no wpr-jarallax-no wpr-parallax-no wpr-sticky-section-no e-con e-child\" data-id=\"871d7f4\" data-element_type=\"container\">\n\t\t\t\t<div class=\"elementor-element elementor-element-5377f4c elementor-widget elementor-widget-heading\" data-id=\"5377f4c\" data-element_type=\"widget\" data-widget_type=\"heading.default\">\n\t\t\t\t\t<h2 class=\"elementor-heading-title elementor-size-default\">\u00c9TAPE 2&nbsp;: PROCESSUS D'ACQUISITION EN DEUX \u00c9TAPES\n<\/h2>\t\t\t\t<\/div>\n\t\t\t\t<div class=\"elementor-element elementor-element-817e32a elementor-widget elementor-widget-text-editor\" data-id=\"817e32a\" data-element_type=\"widget\" data-widget_type=\"text-editor.default\">\n\t\t\t\t\t\t\t\t\t<div class=\"container-7 _60\"><div class=\"div-block-173\"><div class=\"text-block-72\"><div class=\"div-block-207\"><div class=\"text-block-67\"><p><span class=\"a_GcMg font-feature-liga-off font-feature-clig-off font-feature-calt-off text-decoration-none text-strikethrough-none\">Le processus d&rsquo;acquisition utilise un paiement en deux \u00e9tapes pour finaliser l&rsquo;achat et calculer la logistique sur mesure&nbsp;:<\/span><\/p><ul role=\"list\"><li>\u00c9tape 1&nbsp;: Paiement initial<\/li><\/ul><p class=\"cvGsUA direction-ltr align-start para-style-body\"><span class=\"a_GcMg font-feature-liga-off font-feature-clig-off font-feature-calt-off text-decoration-none text-strikethrough-none\">  L&rsquo;acheteur se voit facturer 20&nbsp;% du prix de l&rsquo;objet ou des objets s\u00e9lectionn\u00e9s.<\/span><\/p><p class=\"cvGsUA direction-ltr align-start para-style-body\"><span class=\"a_GcMg font-feature-liga-off font-feature-clig-off font-feature-calt-off text-decoration-none text-strikethrough-none\">  Ce paiement initial est effectu\u00e9 lorsque l&rsquo;acheteur accepte les conditions de vente et la politique de retour, de remboursement et d&rsquo;\u00e9change<\/span><\/p><p>\u200d<\/p><ul role=\"list\"><li>\u00c9tape 2&nbsp;: Facture finale (pour le solde d\u00fb)<\/li><\/ul><p>\u200d<\/p><p><span class=\"a_GcMg font-feature-liga-off font-feature-clig-off font-feature-calt-off text-decoration-none text-strikethrough-none\">  Apr\u00e8s le paiement initial, des sp\u00e9cialistes calculeront les co\u00fbts exacts de la livraison sur mesure, de l&rsquo;assurance et des taxes. L&rsquo;acheteur recevra une facture s\u00e9par\u00e9e pour ce solde restant d\u00fb, qui devra \u00eatre r\u00e9gl\u00e9 dans les 24&nbsp;heures suivant sa r\u00e9ception <\/span><\/p><\/div><\/div><\/div><\/div><\/div>\t\t\t\t\t\t\t\t<\/div>\n\t\t\t\t<\/div>\n\t\t<div class=\"elementor-element elementor-element-179a1b0 e-con-full e-flex wpr-particle-no wpr-jarallax-no wpr-parallax-no wpr-sticky-section-no e-con e-child\" data-id=\"179a1b0\" data-element_type=\"container\">\n\t\t\t\t<div class=\"elementor-element elementor-element-3d0726b elementor-widget elementor-widget-heading\" data-id=\"3d0726b\" data-element_type=\"widget\" data-widget_type=\"heading.default\">\n\t\t\t\t\t<h2 class=\"elementor-heading-title elementor-size-default\">  \u00c9TAPE&nbsp;3&nbsp;: ACCUS\u00c9 DE R\u00c9CEPTION\n<\/h2>\t\t\t\t<\/div>\n\t\t\t\t<div class=\"elementor-element elementor-element-790b7ca elementor-widget elementor-widget-text-editor\" data-id=\"790b7ca\" data-element_type=\"widget\" data-widget_type=\"text-editor.default\">\n\t\t\t\t\t\t\t\t\t<div class=\"container-7 _60\"><div class=\"div-block-173\"><div class=\"text-block-72\"><div class=\"div-block-207\"><div class=\"text-block-67\"><div class=\"div-block-207\"><div class=\"text-block-67\"><span class=\"a_GcMg font-feature-liga-off font-feature-clig-off font-feature-calt-off text-decoration-none text-strikethrough-none\">Vous recevrez un e-mail imm\u00e9diat accusant r\u00e9ception de votre demande. Notre \u00e9quipe examinera ensuite personnellement votre s\u00e9lection afin de confirmer la disponibilit\u00e9 de chaque pi\u00e8ce. <\/span><\/div><\/div><\/div><\/div><\/div><\/div><\/div>\t\t\t\t\t\t\t\t<\/div>\n\t\t\t\t<\/div>\n\t\t<div class=\"elementor-element elementor-element-315e12c e-con-full e-flex wpr-particle-no wpr-jarallax-no wpr-parallax-no wpr-sticky-section-no e-con e-child\" data-id=\"315e12c\" data-element_type=\"container\">\n\t\t\t\t<div class=\"elementor-element elementor-element-9a82937 elementor-widget elementor-widget-heading\" data-id=\"9a82937\" data-element_type=\"widget\" data-widget_type=\"heading.default\">\n\t\t\t\t\t<h2 class=\"elementor-heading-title elementor-size-default\">\u00c9TAPE&nbsp;4&nbsp;: CONFIRMATION ET FACTURE\n<\/h2>\t\t\t\t<\/div>\n\t\t\t\t<div class=\"elementor-element elementor-element-716db1b elementor-widget elementor-widget-text-editor\" data-id=\"716db1b\" data-element_type=\"widget\" data-widget_type=\"text-editor.default\">\n\t\t\t\t\t\t\t\t\t<div class=\"container-7 _60\"><div class=\"div-block-173\"><div class=\"text-block-72\"><div class=\"div-block-207\"><div class=\"text-block-67\"><div class=\"div-block-207\"><div class=\"text-block-67 w-richtext\"><ul role=\"list\"><li><span class=\"a_GcMg font-feature-liga-off font-feature-clig-off font-feature-calt-off text-decoration-none text-strikethrough-none\">Une fois la disponibilit\u00e9 confirm\u00e9e, nous vous enverrons une facture officielle.<\/span><\/li><li><span class=\"a_GcMg font-feature-liga-off font-feature-clig-off font-feature-calt-off text-decoration-none text-strikethrough-none\">Dans les 24&nbsp;heures suivant la r\u00e9ception de votre formulaire d\u00fbment rempli, nous vous contacterons par e-mail avec la facture finale et d\u00e9taill\u00e9e.<\/span><\/li><li><span class=\"a_GcMg font-feature-liga-off font-feature-clig-off font-feature-calt-off text-decoration-none text-strikethrough-none\">Cette facture indiquera le montant total d\u00fb et comprendra les d\u00e9tails n\u00e9cessaires \u00e0 votre examen, tels que&nbsp;:<\/span><ul><li><span class=\"a_GcMg font-feature-liga-off font-feature-clig-off font-feature-calt-off text-decoration-none text-strikethrough-none\">Options de transport&nbsp;: une s\u00e9lection de m\u00e9thodes d&rsquo;exp\u00e9dition et de livraison assur\u00e9es.<\/span><\/li><li><span class=\"a_GcMg font-feature-liga-off font-feature-clig-off font-feature-calt-off text-decoration-none text-strikethrough-none\">Emballage cadeau&nbsp;: disponibilit\u00e9 et co\u00fbt des services d&#8217;emballage cadeau demand\u00e9s.<\/span><\/li><li><span class=\"a_GcMg font-feature-liga-off font-feature-clig-off font-feature-calt-off text-decoration-none text-strikethrough-none\">Authentification par un tiers&nbsp;: informations concernant les services de v\u00e9rification facultatifs par un tiers, le cas \u00e9ch\u00e9ant.<\/span><\/li><\/ul><\/li><li> <\/li><\/ul><\/div><\/div><\/div><\/div><\/div><\/div><\/div>\t\t\t\t\t\t\t\t<\/div>\n\t\t\t\t<\/div>\n\t\t<div class=\"elementor-element elementor-element-822a877 e-con-full e-flex wpr-particle-no wpr-jarallax-no wpr-parallax-no wpr-sticky-section-no e-con e-child\" data-id=\"822a877\" data-element_type=\"container\">\n\t\t\t\t<div class=\"elementor-element elementor-element-ac32b7f elementor-widget elementor-widget-heading\" data-id=\"ac32b7f\" data-element_type=\"widget\" data-widget_type=\"heading.default\">\n\t\t\t\t\t<h2 class=\"elementor-heading-title elementor-size-default\">\u00c9TAPE&nbsp;5&nbsp;: R\u00c9SERVATION ET DATE LIMITE DE PAIEMENT\n<\/h2>\t\t\t\t<\/div>\n\t\t\t\t<div class=\"elementor-element elementor-element-25c1981 elementor-widget elementor-widget-text-editor\" data-id=\"25c1981\" data-element_type=\"widget\" data-widget_type=\"text-editor.default\">\n\t\t\t\t\t\t\t\t\t<div class=\"container-7 _60\"><div class=\"div-block-173\"><div class=\"text-block-72\"><div class=\"div-block-207\"><div class=\"text-block-67\"><ul role=\"list\"><li><span class=\"a_GcMg font-feature-liga-off font-feature-clig-off font-feature-calt-off text-decoration-none text-strikethrough-none\">Les articles sp\u00e9cifi\u00e9s dans votre facture resteront r\u00e9serv\u00e9s pendant une p\u00e9riode de 24&nbsp;heures \u00e0 compter de l&rsquo;envoi de la facture finale.<\/span><\/li><li><span class=\"a_GcMg font-feature-liga-off font-feature-clig-off font-feature-calt-off text-decoration-none text-strikethrough-none\">Le paiement final est effectu\u00e9 en toute s\u00e9curit\u00e9 par virement bancaire. Tous les d\u00e9tails n\u00e9cessaires seront inclus dans votre facture. <\/span><\/li><li><span class=\"a_GcMg font-feature-liga-off font-feature-clig-off font-feature-calt-off text-decoration-none text-strikethrough-none\">Ce processus personnel garantit que chaque d\u00e9tail de votre acquisition est trait\u00e9 avec soin et pr\u00e9cision, de nos mains aux v\u00f4tres.<\/span><\/li><li><span class=\"a_GcMg font-feature-liga-off font-feature-clig-off font-feature-calt-off text-decoration-none text-strikethrough-none\">D E<\/span> <span class=\"a_GcMg font-feature-liga-off font-feature-clig-off font-feature-calt-off text-decoration-none text-strikethrough-none\">M I<\/span> <span class=\"a_GcMg font-feature-liga-off font-feature-clig-off font-feature-calt-off text-decoration-none text-strikethrough-none\">D D E L confirmera le paiement int\u00e9gral dans ce d\u00e9lai de 24&nbsp;heures afin de finaliser l&rsquo;achat.<\/span><\/li><li><span class=\"a_GcMg font-feature-liga-off font-feature-clig-off font-feature-calt-off text-decoration-none text-strikethrough-none\">Malheureusement, si la confirmation de paiement n&rsquo;est pas re\u00e7ue dans les 24&nbsp;heures, nous nous r\u00e9servons le droit de remettre les lots r\u00e9serv\u00e9s en stock.<\/span><\/li><li> <\/li><\/ul><\/div><\/div><\/div><\/div><\/div>\t\t\t\t\t\t\t\t<\/div>\n\t\t\t\t<\/div>\n\t\t\t\t\t<\/div>\n\t\t\t\t<\/div>\n\t\t\t\t<\/div>\n\t\t","protected":false},"excerpt":{"rendered":"<p>Acquisition de nos pi\u00e8ces Afin de fournir le service le plus personnalis\u00e9 et le plus s\u00fbr possible, nous avons choisi de ne pas utiliser de syst\u00e8me de paiement automatis\u00e9. Au lieu de cela, nous g\u00e9rons chaque acquisition avec le soin d&rsquo;une consultation individuelle. Un grand nombre de nos \u0153uvres d&rsquo;art, d&rsquo;arts d\u00e9coratifs et de livres rares sont \u00e9galement disponibles \u00e0 Londres, tandis que d&rsquo;autres sont conserv\u00e9s dans nos locaux europ\u00e9ens. Les visites priv\u00e9es sont un \u00e9l\u00e9ment essentiel de notre service, et nous vous invitons \u00e0 prendre rendez-vous pour les d\u00e9couvrir en personne. \u00c9tape 1&nbsp;: CR\u00c9EZ VOTRE S\u00c9LECTION PERSONNELLE Lorsque vous explorez nos collections, veuillez s\u00e9lectionner les articles qui vous int\u00e9ressent en cliquant sur l&rsquo;ic\u00f4ne en forme de c\u0153ur \u2661 situ\u00e9e dans le coin sup\u00e9rieur droit du menu. Cela les ajoutera \u00e0 votre s\u00e9lection personnelle. \u00c9TAPE 2&nbsp;: PROCESSUS D&rsquo;ACQUISITION EN DEUX \u00c9TAPES Le processus d&rsquo;acquisition utilise un paiement en deux \u00e9tapes pour finaliser l&rsquo;achat et calculer la logistique sur mesure&nbsp;: \u00c9tape 1&nbsp;: Paiement initial L&rsquo;acheteur se voit facturer 20&nbsp;% du prix de l&rsquo;objet ou des objets s\u00e9lectionn\u00e9s. Ce paiement initial est effectu\u00e9 lorsque l&rsquo;acheteur accepte les conditions de vente et la politique de retour, de remboursement et d&rsquo;\u00e9change \u200d \u00c9tape 2&nbsp;: Facture finale (pour le solde d\u00fb) \u200d Apr\u00e8s le paiement initial, des sp\u00e9cialistes calculeront les co\u00fbts exacts de la livraison sur mesure, de l&rsquo;assurance et des taxes. L&rsquo;acheteur recevra une facture s\u00e9par\u00e9e pour ce solde restant d\u00fb, qui devra \u00eatre r\u00e9gl\u00e9 dans les 24&nbsp;heures suivant sa r\u00e9ception \u00c9TAPE&nbsp;3&nbsp;: ACCUS\u00c9 DE R\u00c9CEPTION Vous recevrez un e-mail imm\u00e9diat accusant r\u00e9ception de votre demande. Notre \u00e9quipe examinera ensuite personnellement votre s\u00e9lection afin de confirmer la disponibilit\u00e9 de chaque pi\u00e8ce. \u00c9TAPE&nbsp;4&nbsp;: CONFIRMATION ET FACTURE Une fois la disponibilit\u00e9 confirm\u00e9e, nous vous enverrons une facture officielle. Dans les 24&nbsp;heures suivant la r\u00e9ception de votre formulaire d\u00fbment rempli, nous vous contacterons par e-mail avec la facture finale et d\u00e9taill\u00e9e. Cette facture indiquera le montant total d\u00fb et comprendra les d\u00e9tails n\u00e9cessaires \u00e0 votre examen, tels que&nbsp;: Options de transport&nbsp;: une s\u00e9lection de m\u00e9thodes d&rsquo;exp\u00e9dition et de livraison assur\u00e9es. Emballage cadeau&nbsp;: disponibilit\u00e9 et co\u00fbt des services d&#8217;emballage cadeau demand\u00e9s. Authentification par un tiers&nbsp;: informations concernant les services de v\u00e9rification facultatifs par un tiers, le cas \u00e9ch\u00e9ant. \u00c9TAPE&nbsp;5&nbsp;: R\u00c9SERVATION ET DATE LIMITE DE PAIEMENT Les articles sp\u00e9cifi\u00e9s dans votre facture resteront r\u00e9serv\u00e9s pendant une p\u00e9riode de 24&nbsp;heures \u00e0 compter de l&rsquo;envoi de la facture finale. Le paiement final est effectu\u00e9 en toute s\u00e9curit\u00e9 par virement bancaire. Tous les d\u00e9tails n\u00e9cessaires seront inclus dans votre facture. Ce processus personnel garantit que chaque d\u00e9tail de votre acquisition est trait\u00e9 avec soin et pr\u00e9cision, de nos mains aux v\u00f4tres. D E M I D D E L confirmera le paiement int\u00e9gral dans ce d\u00e9lai de 24&nbsp;heures afin de finaliser l&rsquo;achat. Malheureusement, si la confirmation de paiement n&rsquo;est pas re\u00e7ue dans les 24&nbsp;heures, nous nous r\u00e9servons le droit de remettre les lots r\u00e9serv\u00e9s en stock.<\/p>\n","protected":false},"author":1,"featured_media":0,"parent":0,"menu_order":0,"comment_status":"closed","ping_status":"closed","template":"","meta":{"_acf_changed":false,"footnotes":""},"class_list":["post-2916","page","type-page","status-publish","hentry"],"acf":[],"aioseo_notices":[],"_hostinger_reach_plugin_has_subscription_block":false,"_hostinger_reach_plugin_is_elementor":false,"_links":{"self":[{"href":"https:\/\/de-middel.com\/fr\/wp-json\/wp\/v2\/pages\/2916","targetHints":{"allow":["GET"]}}],"collection":[{"href":"https:\/\/de-middel.com\/fr\/wp-json\/wp\/v2\/pages"}],"about":[{"href":"https:\/\/de-middel.com\/fr\/wp-json\/wp\/v2\/types\/page"}],"author":[{"embeddable":true,"href":"https:\/\/de-middel.com\/fr\/wp-json\/wp\/v2\/users\/1"}],"replies":[{"embeddable":true,"href":"https:\/\/de-middel.com\/fr\/wp-json\/wp\/v2\/comments?post=2916"}],"version-history":[{"count":1,"href":"https:\/\/de-middel.com\/fr\/wp-json\/wp\/v2\/pages\/2916\/revisions"}],"predecessor-version":[{"id":2918,"href":"https:\/\/de-middel.com\/fr\/wp-json\/wp\/v2\/pages\/2916\/revisions\/2918"}],"wp:attachment":[{"href":"https:\/\/de-middel.com\/fr\/wp-json\/wp\/v2\/media?parent=2916"}],"curies":[{"name":"wp","href":"https:\/\/api.w.org\/{rel}","templated":true}]}}