{"id":2960,"date":"2025-12-17T19:25:40","date_gmt":"2025-12-17T19:25:40","guid":{"rendered":"https:\/\/de-middel.com\/conseil-en-art\/"},"modified":"2026-01-14T11:13:19","modified_gmt":"2026-01-14T11:13:19","slug":"conseil-en-art","status":"publish","type":"page","link":"https:\/\/de-middel.com\/fr\/conseil-en-art\/","title":{"rendered":"Conseil en art"},"content":{"rendered":"\t\t<div data-elementor-type=\"wp-page\" data-elementor-id=\"2960\" class=\"elementor elementor-2960 elementor-164\" data-elementor-post-type=\"page\">\n\t\t\t\t<div class=\"elementor-element elementor-element-e1979d1 e-flex e-con-boxed wpr-particle-no wpr-jarallax-no wpr-parallax-no wpr-sticky-section-no e-con e-parent\" data-id=\"e1979d1\" data-element_type=\"container\">\n\t\t\t\t\t<div class=\"e-con-inner\">\n\t\t\t\t<div class=\"elementor-element elementor-element-a3ee13a elementor-widget elementor-widget-heading\" data-id=\"a3ee13a\" data-element_type=\"widget\" data-widget_type=\"heading.default\">\n\t\t\t\t\t<h2 class=\"elementor-heading-title elementor-size-default\">Conseil en art\n<\/h2>\t\t\t\t<\/div>\n\t\t\t\t<div class=\"elementor-element elementor-element-e322ab4 elementor-widget elementor-widget-heading\" data-id=\"e322ab4\" data-element_type=\"widget\" data-widget_type=\"heading.default\">\n\t\t\t\t\t<h2 class=\"elementor-heading-title elementor-size-default\">LA PHILOSOPHIE\n<\/h2>\t\t\t\t<\/div>\n\t\t\t\t<div class=\"elementor-element elementor-element-5673a02 elementor-widget elementor-widget-text-editor\" data-id=\"5673a02\" data-element_type=\"widget\" data-widget_type=\"text-editor.default\">\n\t\t\t\t\t\t\t\t\t<div class=\"container-7 _60\"><div class=\"div-block-173\"><div class=\"text-block-72\"><p class=\"paragraph-5 _85\">Une collection est un portrait vivant de votre curiosit\u00e9, de votre passion et de votre vision du monde. Bien plus qu&rsquo;un instrument financier, l&rsquo;acquisition d&rsquo;une \u0153uvre doit \u00eatre une c\u00e9l\u00e9bration personnelle.<br>Notre conseil est fond\u00e9 sur le principe d&rsquo;acqu\u00e9rir de l&rsquo;art parce qu&rsquo;il r\u00e9sonne en vous. C&rsquo;est l\u00e0 que commence notre accompagnement. Il n&rsquo;y a pas de &lsquo;bonne&rsquo; raison unique \u00e0 cette connexion. Il peut s&rsquo;agir d&rsquo;un attrait philosophique profond, ou de la joie simple et imm\u00e9diate de trouver la pi\u00e8ce parfaite pour compl\u00e9ter une pi\u00e8ce.<br>Que vous fassiez vos premiers pas dans la constitution d&rsquo;une collection durable, que vous recherchiez une \u0153uvre unique qui r\u00e9sonnera pendant des g\u00e9n\u00e9rations, ou que vous recherchiez cette pi\u00e8ce unique \u00e0 n&rsquo;importe quel prix, nous nous engageons \u00e0 vous faire vivre la joie de vivre avec un art qui vous parle vraiment.<\/p><\/div><\/div><\/div>\t\t\t\t\t\t\t\t<\/div>\n\t\t<div class=\"elementor-element elementor-element-3ec5ed1 e-grid e-con-full wpr-particle-no wpr-jarallax-no wpr-parallax-no wpr-sticky-section-no e-con e-child\" data-id=\"3ec5ed1\" data-element_type=\"container\">\n\t\t<div class=\"elementor-element elementor-element-fdf39b2 e-con-full e-flex wpr-particle-no wpr-jarallax-no wpr-parallax-no wpr-sticky-section-no e-con e-child\" data-id=\"fdf39b2\" data-element_type=\"container\">\n\t\t\t\t<div class=\"elementor-element elementor-element-c7049c0 elementor-widget elementor-widget-text-editor\" data-id=\"c7049c0\" data-element_type=\"widget\" data-widget_type=\"text-editor.default\">\n\t\t\t\t\t\t\t\t\t<div class=\"container-7 _60\"><div class=\"div-block-173\"><div class=\"text-block-72\"><p class=\"paragraph-5 _85\"><span class=\"a_GcMg font-feature-liga-off font-feature-clig-off font-feature-calt-off text-decoration-none text-strikethrough-none\">\u00ab Ma passion est de connecter les gens avec un art qui fera partie de leur histoire. J&rsquo;ai pass\u00e9 des ann\u00e9es \u00e0 \u00e9tablir des relations \u00e0 travers le monde, non seulement avec des institutions, mais directement avec les artistes qui fa\u00e7onnent notre paysage culturel. Mon r\u00f4le est d&rsquo;\u00eatre votre confidente et guide de confiance, en utilisant cet acc\u00e8s pour trouver la pi\u00e8ce qui vous attend, celle qui enrichira votre vie pour les ann\u00e9es \u00e0 venir. \u00bb<\/span><\/p><\/div><\/div><\/div>\t\t\t\t\t\t\t\t<\/div>\n\t\t\t\t<div class=\"elementor-element elementor-element-3088fa1 elementor-widget elementor-widget-text-editor\" data-id=\"3088fa1\" data-element_type=\"widget\" data-widget_type=\"text-editor.default\">\n\t\t\t\t\t\t\t\t\t<div class=\"container-7 _60\"><div class=\"div-block-173\"><div class=\"text-block-72\"><div class=\"div-block-278\"><div class=\"text-block-86\"><div class=\"w-layout-cell cell-45\"><div><em class=\"italic-text-4\">-Patricia de Middel (Fondatrice)<\/em><\/div><\/div><div class=\"w-layout-cell cell-51\"> <\/div><\/div><\/div><\/div><\/div><\/div>\t\t\t\t\t\t\t\t<\/div>\n\t\t\t\t<\/div>\n\t\t<div class=\"elementor-element elementor-element-9dae5cd e-con-full e-flex wpr-particle-no wpr-jarallax-no wpr-parallax-no wpr-sticky-section-no e-con e-child\" data-id=\"9dae5cd\" data-element_type=\"container\">\n\t\t\t\t<div class=\"elementor-element elementor-element-207c2cc elementor-align-justify elementor-widget__width-initial elementor-widget elementor-widget-button\" data-id=\"207c2cc\" data-element_type=\"widget\" data-widget_type=\"button.default\">\n\t\t\t\t\t\t\t\t\t\t<a class=\"elementor-button elementor-button-link elementor-size-sm\" href=\"https:\/\/de-middel.com\/fr\/contactez-nous\/\">\n\t\t\t\t\t\t<span class=\"elementor-button-content-wrapper\">\n\t\t\t\t\t\t\t\t\t<span class=\"elementor-button-text\">R\u00e9servez votre consultation<\/span>\n\t\t\t\t\t<\/span>\n\t\t\t\t\t<\/a>\n\t\t\t\t\t\t\t\t<\/div>\n\t\t\t\t<\/div>\n\t\t\t\t<\/div>\n\t\t\t\t\t<\/div>\n\t\t\t\t<\/div>\n\t\t\t\t<\/div>\n\t\t","protected":false},"excerpt":{"rendered":"<p>Conseil en art LA PHILOSOPHIE Une collection est un portrait vivant de votre curiosit\u00e9, de votre passion et de votre vision du monde. Bien plus qu&rsquo;un instrument financier, l&rsquo;acquisition d&rsquo;une \u0153uvre doit \u00eatre une c\u00e9l\u00e9bration personnelle.Notre conseil est fond\u00e9 sur le principe d&rsquo;acqu\u00e9rir de l&rsquo;art parce qu&rsquo;il r\u00e9sonne en vous. C&rsquo;est l\u00e0 que commence notre accompagnement. Il n&rsquo;y a pas de &lsquo;bonne&rsquo; raison unique \u00e0 cette connexion. Il peut s&rsquo;agir d&rsquo;un attrait philosophique profond, ou de la joie simple et imm\u00e9diate de trouver la pi\u00e8ce parfaite pour compl\u00e9ter une pi\u00e8ce.Que vous fassiez vos premiers pas dans la constitution d&rsquo;une collection durable, que vous recherchiez une \u0153uvre unique qui r\u00e9sonnera pendant des g\u00e9n\u00e9rations, ou que vous recherchiez cette pi\u00e8ce unique \u00e0 n&rsquo;importe quel prix, nous nous engageons \u00e0 vous faire vivre la joie de vivre avec un art qui vous parle vraiment. \u00ab Ma passion est de connecter les gens avec un art qui fera partie de leur histoire. J&rsquo;ai pass\u00e9 des ann\u00e9es \u00e0 \u00e9tablir des relations \u00e0 travers le monde, non seulement avec des institutions, mais directement avec les artistes qui fa\u00e7onnent notre paysage culturel. Mon r\u00f4le est d&rsquo;\u00eatre votre confidente et guide de confiance, en utilisant cet acc\u00e8s pour trouver la pi\u00e8ce qui vous attend, celle qui enrichira votre vie pour les ann\u00e9es \u00e0 venir. \u00bb -Patricia de Middel (Fondatrice) R\u00e9servez votre consultation<\/p>\n","protected":false},"author":1,"featured_media":0,"parent":0,"menu_order":0,"comment_status":"closed","ping_status":"closed","template":"","meta":{"_acf_changed":false,"footnotes":""},"class_list":["post-2960","page","type-page","status-publish","hentry"],"acf":[],"aioseo_notices":[],"_hostinger_reach_plugin_has_subscription_block":false,"_hostinger_reach_plugin_is_elementor":false,"_links":{"self":[{"href":"https:\/\/de-middel.com\/fr\/wp-json\/wp\/v2\/pages\/2960","targetHints":{"allow":["GET"]}}],"collection":[{"href":"https:\/\/de-middel.com\/fr\/wp-json\/wp\/v2\/pages"}],"about":[{"href":"https:\/\/de-middel.com\/fr\/wp-json\/wp\/v2\/types\/page"}],"author":[{"embeddable":true,"href":"https:\/\/de-middel.com\/fr\/wp-json\/wp\/v2\/users\/1"}],"replies":[{"embeddable":true,"href":"https:\/\/de-middel.com\/fr\/wp-json\/wp\/v2\/comments?post=2960"}],"version-history":[{"count":1,"href":"https:\/\/de-middel.com\/fr\/wp-json\/wp\/v2\/pages\/2960\/revisions"}],"predecessor-version":[{"id":2961,"href":"https:\/\/de-middel.com\/fr\/wp-json\/wp\/v2\/pages\/2960\/revisions\/2961"}],"wp:attachment":[{"href":"https:\/\/de-middel.com\/fr\/wp-json\/wp\/v2\/media?parent=2960"}],"curies":[{"name":"wp","href":"https:\/\/api.w.org\/{rel}","templated":true}]}}