{"id":2962,"date":"2025-12-17T19:12:46","date_gmt":"2025-12-17T19:12:46","guid":{"rendered":"https:\/\/de-middel.com\/selection-de-maisons\/"},"modified":"2026-01-16T07:41:56","modified_gmt":"2026-01-16T07:41:56","slug":"selection-de-maisons","status":"publish","type":"page","link":"https:\/\/de-middel.com\/fr\/selection-de-maisons\/","title":{"rendered":"S\u00e9lection de maisons"},"content":{"rendered":"\t\t<div data-elementor-type=\"wp-page\" data-elementor-id=\"2962\" class=\"elementor elementor-2962 elementor-141\" data-elementor-post-type=\"page\">\n\t\t\t\t<div class=\"elementor-element elementor-element-b60c511 e-flex e-con-boxed wpr-particle-no wpr-jarallax-no wpr-parallax-no wpr-sticky-section-no e-con e-parent\" data-id=\"b60c511\" data-element_type=\"container\">\n\t\t\t\t\t<div class=\"e-con-inner\">\n\t\t\t\t<div class=\"elementor-element elementor-element-505abd8 elementor-widget elementor-widget-heading\" data-id=\"505abd8\" data-element_type=\"widget\" data-widget_type=\"heading.default\">\n\t\t\t\t\t<h2 class=\"elementor-heading-title elementor-size-default\">S\u00e9lection de maison\n<\/h2>\t\t\t\t<\/div>\n\t\t\t\t<div class=\"elementor-element elementor-element-00d4d26 elementor-widget elementor-widget-text-editor\" data-id=\"00d4d26\" data-element_type=\"widget\" data-widget_type=\"text-editor.default\">\n\t\t\t\t\t\t\t\t\t<div class=\"container-7 _60\"><div class=\"div-block-173\"><div class=\"text-block-72\"><p class=\"paragraph-5 _85\">Je pars du principe que chacun de nous poss\u00e8de une quantit\u00e9 incroyable d&rsquo;objets avec une \u00e2me, plus ou moins cach\u00e9s.<br>La s\u00e9lection de maison, pour moi, est un voyage profond\u00e9ment personnel de vision. C&rsquo;est un processus de reconnaissance de la beaut\u00e9 et du sens des objets que vous poss\u00e9dez d\u00e9j\u00e0, transformant votre maison en un sanctuaire qui refl\u00e8te votre v\u00e9ritable moi. <\/p><\/div><\/div><\/div>\t\t\t\t\t\t\t\t<\/div>\n\t\t\t\t<div class=\"elementor-element elementor-element-d1b803a elementor-widget elementor-widget-heading\" data-id=\"d1b803a\" data-element_type=\"widget\" data-widget_type=\"heading.default\">\n\t\t\t\t\t<h2 class=\"elementor-heading-title elementor-size-default\">Notre approche\n<\/h2>\t\t\t\t<\/div>\n\t\t\t\t<div class=\"elementor-element elementor-element-49f4bd3 elementor-widget elementor-widget-text-editor\" data-id=\"49f4bd3\" data-element_type=\"widget\" data-widget_type=\"text-editor.default\">\n\t\t\t\t\t\t\t\t\t<div class=\"container-7 _60\"><div class=\"div-block-173\"><div class=\"text-block-72\"><p class=\"paragraph-5 _85\">J&rsquo;aime travailler avec ces objets qui ont une forte charge \u00e9motionnelle : vieux dessins d&rsquo;enfants, cr\u00e9ations Lego, lettres d&rsquo;amour, h\u00e9ritages familiaux. Nous jouons avec l&rsquo;installation, l&rsquo;encadrement et le placement, en m\u00e9langeant ces tr\u00e9sors personnels avec d&rsquo;autres pi\u00e8ces.<br>Magiquement, ils deviennent plus qu&rsquo;\u00ab acceptables \u00bb : ils deviennent le centre c\u00e9l\u00e9br\u00e9 et joyeux de votre maison. Il s&rsquo;agit de d\u00e9couvrir votre fa\u00e7on unique de vivre parmi les objets que vous aimez.  <\/p><\/div><\/div><\/div>\t\t\t\t\t\t\t\t<\/div>\n\t\t<div class=\"elementor-element elementor-element-2a3d016 e-con-full e-flex wpr-particle-no wpr-jarallax-no wpr-parallax-no wpr-sticky-section-no e-con e-child\" data-id=\"2a3d016\" data-element_type=\"container\">\n\t\t<div class=\"elementor-element elementor-element-01fcb4c e-con-full e-flex wpr-particle-no wpr-jarallax-no wpr-parallax-no wpr-sticky-section-no e-con e-child\" data-id=\"01fcb4c\" data-element_type=\"container\">\n\t\t\t\t<div class=\"elementor-element elementor-element-1d61ec6 elementor-widget elementor-widget-image\" data-id=\"1d61ec6\" data-element_type=\"widget\" data-widget_type=\"image.default\">\n\t\t\t\t\t\t\t\t\t\t\t\t\t\t\t<img fetchpriority=\"high\" decoding=\"async\" width=\"292\" height=\"408\" src=\"https:\/\/de-middel.com\/wp-content\/uploads\/2025\/12\/Screenshot-2025-12-24-at-1.57.35-PM.png\" class=\"attachment-large size-large wp-image-1183\" alt=\"\" srcset=\"https:\/\/de-middel.com\/wp-content\/uploads\/2025\/12\/Screenshot-2025-12-24-at-1.57.35-PM.png 292w, https:\/\/de-middel.com\/wp-content\/uploads\/2025\/12\/Screenshot-2025-12-24-at-1.57.35-PM-215x300.png 215w, https:\/\/de-middel.com\/wp-content\/uploads\/2025\/12\/Screenshot-2025-12-24-at-1.57.35-PM-200x279.png 200w\" sizes=\"(max-width: 292px) 100vw, 292px\" \/>\t\t\t\t\t\t\t\t\t\t\t\t\t\t\t<\/div>\n\t\t\t\t<\/div>\n\t\t<div class=\"elementor-element elementor-element-1852a60 e-con-full e-flex wpr-particle-no wpr-jarallax-no wpr-parallax-no wpr-sticky-section-no e-con e-child\" data-id=\"1852a60\" data-element_type=\"container\">\n\t\t\t\t<div class=\"elementor-element elementor-element-17f8de2 elementor-widget elementor-widget-heading\" data-id=\"17f8de2\" data-element_type=\"widget\" data-widget_type=\"heading.default\">\n\t\t\t\t\t<h2 class=\"elementor-heading-title elementor-size-default\">PROJET S\u00c9LECTIONN\u00c9<\/h2>\t\t\t\t<\/div>\n\t\t\t\t<div class=\"elementor-element elementor-element-91687d3 elementor-widget elementor-widget-text-editor\" data-id=\"91687d3\" data-element_type=\"widget\" data-widget_type=\"text-editor.default\">\n\t\t\t\t\t\t\t\t\t<div class=\"container-7 _60\"><div class=\"div-block-173\"><div class=\"text-block-72\"><p class=\"paragraph-5 _85\"><span class=\"a_GcMg font-feature-liga-off font-feature-clig-off font-feature-calt-off text-decoration-none text-strikethrough-none\" style=\"color: rgba(28,33,32,var(--o42jjq,1)); caret-color: #1c2120; --ys-xuq: none; font-kerning: normal;\">Un salon \u00e0 Chelsea, o\u00f9 nous avons s\u00e9lectionn\u00e9 de l&rsquo;art contemporain pour cr\u00e9er un dialogue avec la collection existante du client<\/span><\/p><\/div><\/div><\/div>\t\t\t\t\t\t\t\t<\/div>\n\t\t\t\t<\/div>\n\t\t<div class=\"elementor-element elementor-element-e7af66c e-con-full e-flex wpr-particle-no wpr-jarallax-no wpr-parallax-no wpr-sticky-section-no e-con e-child\" data-id=\"e7af66c\" data-element_type=\"container\">\n\t\t\t\t<div class=\"elementor-element elementor-element-c3b5616 elementor-widget elementor-widget-image\" data-id=\"c3b5616\" data-element_type=\"widget\" data-widget_type=\"image.default\">\n\t\t\t\t\t\t\t\t\t\t\t\t\t\t\t<img decoding=\"async\" width=\"308\" height=\"412\" src=\"https:\/\/de-middel.com\/wp-content\/uploads\/2025\/12\/Screenshot-2025-12-24-at-1.57.44-PM.png\" class=\"attachment-large size-large wp-image-1184\" alt=\"\" srcset=\"https:\/\/de-middel.com\/wp-content\/uploads\/2025\/12\/Screenshot-2025-12-24-at-1.57.44-PM.png 308w, https:\/\/de-middel.com\/wp-content\/uploads\/2025\/12\/Screenshot-2025-12-24-at-1.57.44-PM-224x300.png 224w, https:\/\/de-middel.com\/wp-content\/uploads\/2025\/12\/Screenshot-2025-12-24-at-1.57.44-PM-200x268.png 200w\" sizes=\"(max-width: 308px) 100vw, 308px\" \/>\t\t\t\t\t\t\t\t\t\t\t\t\t\t\t<\/div>\n\t\t\t\t<\/div>\n\t\t\t\t<\/div>\n\t\t\t\t<div class=\"elementor-element elementor-element-eb18db9 elementor-widget elementor-widget-text-editor\" data-id=\"eb18db9\" data-element_type=\"widget\" data-widget_type=\"text-editor.default\">\n\t\t\t\t\t\t\t\t\t<div class=\"container-7 _60\"><div class=\"div-block-173\"><div class=\"text-block-72\"><p class=\"paragraph-5 _85\"><em class=\"italic-text-6\">\u00ab Patricia a un don unique pour voir l&rsquo;\u00e2me d&rsquo;une pi\u00e8ce&#8230; Elle n&rsquo;a pas seulement d\u00e9cor\u00e9 notre maison ; elle nous a aid\u00e9s \u00e0 trouver sa voix. \u00bb<\/em><\/p><\/div><\/div><\/div>\t\t\t\t\t\t\t\t<\/div>\n\t\t\t\t<div class=\"elementor-element elementor-element-21379c1 elementor-widget elementor-widget-text-editor\" data-id=\"21379c1\" data-element_type=\"widget\" data-widget_type=\"text-editor.default\">\n\t\t\t\t\t\t\t\t\t<div class=\"container-7 _60\"><div class=\"div-block-173\"><div class=\"text-block-72\"><div class=\"div-block-278\"><div class=\"text-block-86\">Paola B, Chelsea<\/div><\/div><\/div><\/div><\/div>\t\t\t\t\t\t\t\t<\/div>\n\t\t<div class=\"elementor-element elementor-element-5f9ec92 e-con-full e-flex wpr-particle-no wpr-jarallax-no wpr-parallax-no wpr-sticky-section-no e-con e-child\" data-id=\"5f9ec92\" data-element_type=\"container\">\n\t\t\t\t<div class=\"elementor-element elementor-element-281f34a elementor-align-justify elementor-widget__width-initial elementor-widget elementor-widget-button\" data-id=\"281f34a\" data-element_type=\"widget\" data-widget_type=\"button.default\">\n\t\t\t\t\t\t\t\t\t\t<a class=\"elementor-button elementor-button-link elementor-size-sm\" href=\"https:\/\/de-middel.com\/fr\/contactez-nous\/\">\n\t\t\t\t\t\t<span class=\"elementor-button-content-wrapper\">\n\t\t\t\t\t\t\t\t\t<span class=\"elementor-button-text\">Se renseigner sur la s\u00e9lection de maison<\/span>\n\t\t\t\t\t<\/span>\n\t\t\t\t\t<\/a>\n\t\t\t\t\t\t\t\t<\/div>\n\t\t\t\t<\/div>\n\t\t\t\t\t<\/div>\n\t\t\t\t<\/div>\n\t\t\t\t<\/div>\n\t\t","protected":false},"excerpt":{"rendered":"<p>S\u00e9lection de maison Je pars du principe que chacun de nous poss\u00e8de une quantit\u00e9 incroyable d&rsquo;objets avec une \u00e2me, plus ou moins cach\u00e9s.La s\u00e9lection de maison, pour moi, est un voyage profond\u00e9ment personnel de vision. C&rsquo;est un processus de reconnaissance de la beaut\u00e9 et du sens des objets que vous poss\u00e9dez d\u00e9j\u00e0, transformant votre maison en un sanctuaire qui refl\u00e8te votre v\u00e9ritable moi. Notre approche J&rsquo;aime travailler avec ces objets qui ont une forte charge \u00e9motionnelle : vieux dessins d&rsquo;enfants, cr\u00e9ations Lego, lettres d&rsquo;amour, h\u00e9ritages familiaux. Nous jouons avec l&rsquo;installation, l&rsquo;encadrement et le placement, en m\u00e9langeant ces tr\u00e9sors personnels avec d&rsquo;autres pi\u00e8ces.Magiquement, ils deviennent plus qu&rsquo;\u00ab acceptables \u00bb : ils deviennent le centre c\u00e9l\u00e9br\u00e9 et joyeux de votre maison. Il s&rsquo;agit de d\u00e9couvrir votre fa\u00e7on unique de vivre parmi les objets que vous aimez. PROJET S\u00c9LECTIONN\u00c9 Un salon \u00e0 Chelsea, o\u00f9 nous avons s\u00e9lectionn\u00e9 de l&rsquo;art contemporain pour cr\u00e9er un dialogue avec la collection existante du client \u00ab Patricia a un don unique pour voir l&rsquo;\u00e2me d&rsquo;une pi\u00e8ce&#8230; Elle n&rsquo;a pas seulement d\u00e9cor\u00e9 notre maison ; elle nous a aid\u00e9s \u00e0 trouver sa voix. \u00bb Paola B, Chelsea Se renseigner sur la s\u00e9lection de maison<\/p>\n","protected":false},"author":1,"featured_media":0,"parent":0,"menu_order":0,"comment_status":"closed","ping_status":"closed","template":"","meta":{"_acf_changed":false,"footnotes":""},"class_list":["post-2962","page","type-page","status-publish","hentry"],"acf":[],"aioseo_notices":[],"_hostinger_reach_plugin_has_subscription_block":false,"_hostinger_reach_plugin_is_elementor":false,"_links":{"self":[{"href":"https:\/\/de-middel.com\/fr\/wp-json\/wp\/v2\/pages\/2962","targetHints":{"allow":["GET"]}}],"collection":[{"href":"https:\/\/de-middel.com\/fr\/wp-json\/wp\/v2\/pages"}],"about":[{"href":"https:\/\/de-middel.com\/fr\/wp-json\/wp\/v2\/types\/page"}],"author":[{"embeddable":true,"href":"https:\/\/de-middel.com\/fr\/wp-json\/wp\/v2\/users\/1"}],"replies":[{"embeddable":true,"href":"https:\/\/de-middel.com\/fr\/wp-json\/wp\/v2\/comments?post=2962"}],"version-history":[{"count":3,"href":"https:\/\/de-middel.com\/fr\/wp-json\/wp\/v2\/pages\/2962\/revisions"}],"predecessor-version":[{"id":3390,"href":"https:\/\/de-middel.com\/fr\/wp-json\/wp\/v2\/pages\/2962\/revisions\/3390"}],"wp:attachment":[{"href":"https:\/\/de-middel.com\/fr\/wp-json\/wp\/v2\/media?parent=2962"}],"curies":[{"name":"wp","href":"https:\/\/api.w.org\/{rel}","templated":true}]}}