{"id":2995,"date":"2025-12-17T19:57:31","date_gmt":"2025-12-17T19:57:31","guid":{"rendered":"https:\/\/de-middel.com\/localisation\/"},"modified":"2026-01-15T07:42:34","modified_gmt":"2026-01-15T07:42:34","slug":"localisation","status":"publish","type":"page","link":"https:\/\/de-middel.com\/fr\/localisation\/","title":{"rendered":"Localisation"},"content":{"rendered":"\t\t<div data-elementor-type=\"wp-page\" data-elementor-id=\"2995\" class=\"elementor elementor-2995 elementor-215\" data-elementor-post-type=\"page\">\n\t\t\t\t<div class=\"elementor-element elementor-element-ce8806e e-flex e-con-boxed wpr-particle-no wpr-jarallax-no wpr-parallax-no wpr-sticky-section-no e-con e-parent\" data-id=\"ce8806e\" data-element_type=\"container\">\n\t\t\t\t\t<div class=\"e-con-inner\">\n\t\t\t\t<div class=\"elementor-element elementor-element-d89aa16 elementor-widget elementor-widget-heading\" data-id=\"d89aa16\" data-element_type=\"widget\" data-widget_type=\"heading.default\">\n\t\t\t\t\t<h2 class=\"elementor-heading-title elementor-size-default\">Localisation des sites\n<\/h2>\t\t\t\t<\/div>\n\t\t\t\t<div class=\"elementor-element elementor-element-53719c8 elementor-widget elementor-widget-text-editor\" data-id=\"53719c8\" data-element_type=\"widget\" data-widget_type=\"text-editor.default\">\n\t\t\t\t\t\t\t\t\t<div class=\"container-7 _60\"><div class=\"div-block-173\"><div class=\"text-block-72\"><div class=\"text-block-64-copy-copy-copy\">Nous sommes une marque fond\u00e9e sur des liens humains, et non sur des adresses fixes. Notre approche est globale et personnelle, avec une base \u00e0 Londres et un c\u0153ur qui s&rsquo;\u00e9tend \u00e0 travers l&rsquo;Europe. Notre espace principal se trouve au c\u0153ur de Chelsea, \u00e0 Londres, o\u00f9 nous travaillons sur une base priv\u00e9e, sur rendez-vous uniquement. Ce mod\u00e8le nous offre la flexibilit\u00e9 n\u00e9cessaire pour consacrer toute notre attention \u00e0 chaque client, garantissant ainsi une exp\u00e9rience personnelle et sans pr\u00e9cipitation.   <\/div><\/div><\/div><\/div>\t\t\t\t\t\t\t\t<\/div>\n\t\t\t\t<div class=\"elementor-element elementor-element-8db0560 elementor-widget elementor-widget-heading\" data-id=\"8db0560\" data-element_type=\"widget\" data-widget_type=\"heading.default\">\n\t\t\t\t\t<h2 class=\"elementor-heading-title elementor-size-default\">notre logistique et notre agenda\n<\/h2>\t\t\t\t<\/div>\n\t\t\t\t<div class=\"elementor-element elementor-element-9028063 elementor-widget elementor-widget-text-editor\" data-id=\"9028063\" data-element_type=\"widget\" data-widget_type=\"text-editor.default\">\n\t\t\t\t\t\t\t\t\t<div class=\"container-7 _60\"><div class=\"div-block-173\"><div class=\"text-block-72\"><p class=\"paragraph-5 _85\">Dans un esprit de durabilit\u00e9 et d&rsquo;achat lent, beaucoup de nos grandes pi\u00e8ces sont conserv\u00e9es dans des locaux s\u00e9curis\u00e9s \u00e0 travers l&rsquo;Europe, en attendant d&rsquo;\u00eatre r\u00e9cup\u00e9r\u00e9es lors de notre voyage annuel. Nous sommes heureux de coordonner des visites ou de discuter de la provenance et de la logistique de n&rsquo;importe quel objet de notre collection, o\u00f9 qu&rsquo;il se trouve actuellement.<br>Nous avons \u00e9galement un programme passionnant d&rsquo;\u00e9v\u00e9nements \u00e0 venir con\u00e7us pour construire notre communaut\u00e9, des collaborations avec des boutiques de charit\u00e9 aux pop-ups et foires priv\u00e9es, sur invitation uniquement.<br>Nous vous invitons \u00e0 vous inscrire \u00e0 notre lettre d&rsquo;information pour obtenir des informations sur ces opportunit\u00e9s exclusives. <\/p><\/div><\/div><\/div>\t\t\t\t\t\t\t\t<\/div>\n\t\t\t\t\t<\/div>\n\t\t\t\t<\/div>\n\t\t\t\t<\/div>\n\t\t","protected":false},"excerpt":{"rendered":"<p>Localisation des sites Nous sommes une marque fond\u00e9e sur des liens humains, et non sur des adresses fixes. Notre approche est globale et personnelle, avec une base \u00e0 Londres et un c\u0153ur qui s&rsquo;\u00e9tend \u00e0 travers l&rsquo;Europe. Notre espace principal se trouve au c\u0153ur de Chelsea, \u00e0 Londres, o\u00f9 nous travaillons sur une base priv\u00e9e, sur rendez-vous uniquement. Ce mod\u00e8le nous offre la flexibilit\u00e9 n\u00e9cessaire pour consacrer toute notre attention \u00e0 chaque client, garantissant ainsi une exp\u00e9rience personnelle et sans pr\u00e9cipitation. notre logistique et notre agenda Dans un esprit de durabilit\u00e9 et d&rsquo;achat lent, beaucoup de nos grandes pi\u00e8ces sont conserv\u00e9es dans des locaux s\u00e9curis\u00e9s \u00e0 travers l&rsquo;Europe, en attendant d&rsquo;\u00eatre r\u00e9cup\u00e9r\u00e9es lors de notre voyage annuel. Nous sommes heureux de coordonner des visites ou de discuter de la provenance et de la logistique de n&rsquo;importe quel objet de notre collection, o\u00f9 qu&rsquo;il se trouve actuellement.Nous avons \u00e9galement un programme passionnant d&rsquo;\u00e9v\u00e9nements \u00e0 venir con\u00e7us pour construire notre communaut\u00e9, des collaborations avec des boutiques de charit\u00e9 aux pop-ups et foires priv\u00e9es, sur invitation uniquement.Nous vous invitons \u00e0 vous inscrire \u00e0 notre lettre d&rsquo;information pour obtenir des informations sur ces opportunit\u00e9s exclusives.<\/p>\n","protected":false},"author":1,"featured_media":0,"parent":0,"menu_order":0,"comment_status":"closed","ping_status":"closed","template":"","meta":{"_acf_changed":false,"footnotes":""},"class_list":["post-2995","page","type-page","status-publish","hentry"],"acf":[],"aioseo_notices":[],"_hostinger_reach_plugin_has_subscription_block":false,"_hostinger_reach_plugin_is_elementor":false,"_links":{"self":[{"href":"https:\/\/de-middel.com\/fr\/wp-json\/wp\/v2\/pages\/2995","targetHints":{"allow":["GET"]}}],"collection":[{"href":"https:\/\/de-middel.com\/fr\/wp-json\/wp\/v2\/pages"}],"about":[{"href":"https:\/\/de-middel.com\/fr\/wp-json\/wp\/v2\/types\/page"}],"author":[{"embeddable":true,"href":"https:\/\/de-middel.com\/fr\/wp-json\/wp\/v2\/users\/1"}],"replies":[{"embeddable":true,"href":"https:\/\/de-middel.com\/fr\/wp-json\/wp\/v2\/comments?post=2995"}],"version-history":[{"count":1,"href":"https:\/\/de-middel.com\/fr\/wp-json\/wp\/v2\/pages\/2995\/revisions"}],"predecessor-version":[{"id":2997,"href":"https:\/\/de-middel.com\/fr\/wp-json\/wp\/v2\/pages\/2995\/revisions\/2997"}],"wp:attachment":[{"href":"https:\/\/de-middel.com\/fr\/wp-json\/wp\/v2\/media?parent=2995"}],"curies":[{"name":"wp","href":"https:\/\/api.w.org\/{rel}","templated":true}]}}