{"id":3001,"date":"2025-12-17T20:32:12","date_gmt":"2025-12-17T20:32:12","guid":{"rendered":"https:\/\/de-middel.com\/politique-de-confidentialite\/"},"modified":"2026-01-15T07:42:35","modified_gmt":"2026-01-15T07:42:35","slug":"politique-de-confidentialite","status":"publish","type":"page","link":"https:\/\/de-middel.com\/fr\/politique-de-confidentialite\/","title":{"rendered":"Politique de confidentialit\u00e9"},"content":{"rendered":"\t\t<div data-elementor-type=\"wp-page\" data-elementor-id=\"3001\" class=\"elementor elementor-3001 elementor-239\" data-elementor-post-type=\"page\">\n\t\t\t\t<div class=\"elementor-element elementor-element-e672fd9 services e-flex e-con-boxed wpr-particle-no wpr-jarallax-no wpr-parallax-no wpr-sticky-section-no e-con e-parent\" data-id=\"e672fd9\" data-element_type=\"container\">\n\t\t\t\t\t<div class=\"e-con-inner\">\n\t\t\t\t<div class=\"elementor-element elementor-element-1f3ac0e elementor-widget elementor-widget-heading\" data-id=\"1f3ac0e\" data-element_type=\"widget\" data-widget_type=\"heading.default\">\n\t\t\t\t\t<h2 class=\"elementor-heading-title elementor-size-default\">POLITIQUE DE CONFIDENTIALIT\u00c9\n<\/h2>\t\t\t\t<\/div>\n\t\t\t\t<div class=\"elementor-element elementor-element-4edc617 elementor-widget elementor-widget-heading\" data-id=\"4edc617\" data-element_type=\"widget\" data-widget_type=\"heading.default\">\n\t\t\t\t\t<h2 class=\"elementor-heading-title elementor-size-default\">E F F E C T I V E D A T E : 0 1 \/1 2 \/ 2 0 2 5<\/h2>\t\t\t\t<\/div>\n\t\t\t\t<div class=\"elementor-element elementor-element-e650863 elementor-widget elementor-widget-text-editor\" data-id=\"e650863\" data-element_type=\"widget\" data-widget_type=\"text-editor.default\">\n\t\t\t\t\t\t\t\t\t<div class=\"container-7 _60\"><div class=\"div-block-173\"><div class=\"text-block-72\"><div class=\"text-block-64 blue _00\">La pr\u00e9sente politique de confidentialit\u00e9 s&rsquo;applique \u00e0 la marque De Middel, qui est d\u00e9tenue et exploit\u00e9e par Axolotles Ltd. (ci-apr\u00e8s d\u00e9nomm\u00e9e \u00ab\u00a0nous\u00a0\u00bb, \u00ab\u00a0notre\u00a0\u00bb ou \u00ab\u00a0nos\u00a0\u00bb). Nous nous engageons \u00e0 prot\u00e9ger la confidentialit\u00e9 et la s\u00e9curit\u00e9 de vos donn\u00e9es personnelles. Cette politique explique comment nous, en tant qu&rsquo;Axolotles Ltd. exploitant la marque De Middel, recueillons, utilisons, divulguons et prot\u00e9geons vos informations lorsque vous visitez notre site web, utilisez nos services sur mesure ou achetez des articles de nos collections.  <\/div><\/div><\/div><\/div>\t\t\t\t\t\t\t\t<\/div>\n\t\t\t\t<div class=\"elementor-element elementor-element-deb15f3 elementor-widget elementor-widget-text-editor\" data-id=\"deb15f3\" data-element_type=\"widget\" data-widget_type=\"text-editor.default\">\n\t\t\t\t\t\t\t\t\t<div class=\"container-7 _60\"><div class=\"div-block-173\"><div class=\"text-block-72\"><div class=\"text-block-64 blue _00\"><h4 class=\"heading-102\">LES DONN\u00c9ES QUE NOUS COLLECTONS<\/h4><p class=\"paragraph-12 pading\">Nous ne recueillons que les donn\u00e9es n\u00e9cessaires \u00e0 la fourniture de nos services de haute qualit\u00e9 et au traitement des acquisitions.<\/p><\/div><\/div><\/div><\/div>\t\t\t\t\t\t\t\t<\/div>\n\t\t\t\t<div class=\"elementor-element elementor-element-504f6bc wpr-data-table-type-custom wpr-table-align-items-left elementor-widget elementor-widget-wpr-data-table\" data-id=\"504f6bc\" data-element_type=\"widget\" data-widget_type=\"wpr-data-table.default\">\n\t\t\t\t\t\n\t\t\t\t\n\t\t<div class=\"wpr-table-container\">\n\t\t<div class=\"wpr-table-inner-container \" data-table-sorting=\"no\" data-custom-pagination=\"no\" data-row-pagination=\"\" data-entry-info=\"no\" data-rows-per-page=\"\">\n\n\t\t\n\t\t\t<table class=\"wpr-data-table\" id=\"wpr-data-table\">\n\t\t\t\t\t\t\t\t\n\t\t\t\t<thead>\n\t\t\t\t\t<tr class=\"wpr-table-head-row wpr-table-row\">\n\t\t\t\t\t\n\t\t\t\t\t\t<th class=\"wpr-table-th elementor-repeater-item-de58eaf\" colspan=\"1\">\n\t\t\t\t\t\t\t<div class=\"\">\n\t\t\t\t\t\t\t\t\t\t\t\t\t\t\t\t\n\t\t\t\t\t\t\t\t\t\t\t\t\t\t\t\t\t<span class=\"wpr-table-text\">Cat\u00e9gorie<\/span>\n\t\t\t\t\t\t\t\t\t\t\t\t\t\t\t\t\t\t\t\t\t\t\t\t\t\t\t\t\t\t\t\t\t\t\t\t\t\t\t\t\t\t\t\t\t\t\t<\/div>\n\t\t\t\t\t\t<\/th>\n\t\t\t\t\t\t\n\t\t\t\t\t\t<th class=\"wpr-table-th elementor-repeater-item-22a7ed5\" colspan=\"1\">\n\t\t\t\t\t\t\t<div class=\"\">\n\t\t\t\t\t\t\t\t\t\t\t\t\t\t\t\t\n\t\t\t\t\t\t\t\t\t\t\t\t\t\t\t\t\t<span class=\"wpr-table-text\">Donn\u00e9es collect\u00e9es<\/span>\n\t\t\t\t\t\t\t\t\t\t\t\t\t\t\t\t\t\t\t\t\t\t\t\t\t\t\t\t\t\t\t\t\t\t\t\t\t\t\t\t\t\t\t\t\t\t\t<\/div>\n\t\t\t\t\t\t<\/th>\n\t\t\t\t\t\t\n\t\t\t\t\t\t<th class=\"wpr-table-th elementor-repeater-item-b0b9929\" colspan=\"1\">\n\t\t\t\t\t\t\t<div class=\"\">\n\t\t\t\t\t\t\t\t\t\t\t\t\t\t\t\t\n\t\t\t\t\t\t\t\t\t\t\t\t\t\t\t\t\t<span class=\"wpr-table-text\">Objet de la collecte<\/span>\n\t\t\t\t\t\t\t\t\t\t\t\t\t\t\t\t\t\t\t\t\t\t\t\t\t\t\t\t\t\t\t\t\t\t\t\t\t\t\t\t\t\t\t\t\t\t\t<\/div>\n\t\t\t\t\t\t<\/th>\n\t\t\t\t\t\t\t\t\t\t\t<\/tr>\n\t\t\t\t<\/thead>\n\n\t\t\t\t<tbody>\n\t\t\t\t\t\t\t\t\t<tr class=\"wpr-table-body-row wpr-table-row elementor-repeater-item-4658e8d wpr-odd\">\n\t\t\t\t\t\t\t\t\t\t\t\t\t\n\t\t\t\t\t\t\t<td colspan=\"\" rowspan=\"\" class=\"elementor-repeater-item-998b7a8 wpr-table-td\">\n\n\t\t\t\t\t\t\t\t<div class=\"wpr-td-content-wrapper \">\n\n\t\t\t\t\t\t\t\t\t<span style=\"display: inline-block; vertical-align: middle;\"><\/span>\t\t\t\t\t\t\t\t\t\t\t\t\t\t\t\t\t\t\t\t<span>\n\t\t\t\t\t\t\t\t\t \n\t\t\t\t\t\t\t\t\t\t\t<span class=\"wpr-table-text\">\n\t\t\t\t\t\t\t\t\t\t\t\tDonn\u00e9es de contact\/de demande de renseignements\n\t\t\t\t\t\t\t\t\t\t\t<\/span>\n\t\t\t\t\t\t\t\t\t\t\t\t\t\t\t\t\t\t\t\t<\/span>\n\t\t\t\t\t\t\t\t\t\t\t\t\t\t\t\t\t\t\t\t\t\t\t\t\t\t\t\t\n\t\t\t\t\t\t\t\t<\/div>\n\n\t\t\t\t\t\t\t<\/td>\n\t\t\t\t\t\t\t\t\t\t\t\t\t\t\t\n\t\t\t\t\t\t\t<td colspan=\"\" rowspan=\"\" class=\"elementor-repeater-item-ad2026e wpr-table-td\">\n\n\t\t\t\t\t\t\t\t<div class=\"wpr-td-content-wrapper \">\n\n\t\t\t\t\t\t\t\t\t\t\t\t\t\t\t\t\t\t\t\t\t\t\t\t\t\t\t\t\t<span>\n\t\t\t\t\t\t\t\t\t \n\t\t\t\t\t\t\t\t\t\t\t<span class=\"wpr-table-text\">\n\t\t\t\t\t\t\t\t\t\t\t\tNom, courriel, num\u00e9ro de t\u00e9l\u00e9phone, adresse postale.\n\t\t\t\t\t\t\t\t\t\t\t<\/span>\n\t\t\t\t\t\t\t\t\t\t\t\t\t\t\t\t\t\t\t\t<\/span>\n\t\t\t\t\t\t\t\t\t\t\t\t\t\t\t\t\t\t\t\t\t\t\t\t\t\t\t\t\n\t\t\t\t\t\t\t\t<\/div>\n\n\t\t\t\t\t\t\t<\/td>\n\t\t\t\t\t\t\t\t\t\t\t\t\t\t\t\n\t\t\t\t\t\t\t<td colspan=\"\" rowspan=\"\" class=\"elementor-repeater-item-c4001de wpr-table-td\">\n\n\t\t\t\t\t\t\t\t<div class=\"wpr-td-content-wrapper \">\n\n\t\t\t\t\t\t\t\t\t\t\t\t\t\t\t\t\t\t\t\t\t\t\t\t\t\t\t\t\t<span>\n\t\t\t\t\t\t\t\t\t \n\t\t\t\t\t\t\t\t\t\t\t<span class=\"wpr-table-text\">\n\t\t\t\t\t\t\t\t\t\t\t\tPour r\u00e9pondre aux demandes de services personnalis\u00e9s, faciliter les rendez-vous et g\u00e9rer la communication.\n\t\t\t\t\t\t\t\t\t\t\t<\/span>\n\t\t\t\t\t\t\t\t\t\t\t\t\t\t\t\t\t\t\t\t<\/span>\n\t\t\t\t\t\t\t\t\t\t\t\t\t\t\t\t\t\t\t\t\t\t\t\t\t\t\t\t\n\t\t\t\t\t\t\t\t<\/div>\n\n\t\t\t\t\t\t\t<\/td>\n\t\t\t\t\t\t\t\t\t\t\t\t<\/tr>\n\t\t\t        \t\t\t\t\t<tr class=\"wpr-table-body-row wpr-table-row elementor-repeater-item-060800b wpr-odd\">\n\t\t\t\t\t\t\t\t\t\t\t\t\t\n\t\t\t\t\t\t\t<td colspan=\"\" rowspan=\"\" class=\"elementor-repeater-item-1431a4a wpr-table-td\">\n\n\t\t\t\t\t\t\t\t<div class=\"wpr-td-content-wrapper \">\n\n\t\t\t\t\t\t\t\t\t\t\t\t\t\t\t\t\t\t\t\t\t\t\t\t\t\t\t\t\t<span>\n\t\t\t\t\t\t\t\t\t \n\t\t\t\t\t\t\t\t\t\t\t<span class=\"wpr-table-text\">\n\t\t\t\t\t\t\t\t\t\t\t\tDonn\u00e9es d'acquisition\n\t\t\t\t\t\t\t\t\t\t\t<\/span>\n\t\t\t\t\t\t\t\t\t\t\t\t\t\t\t\t\t\t\t\t<\/span>\n\t\t\t\t\t\t\t\t\t\t\t\t\t\t\t\t\t\t\t\t\t\t\t\t\t\t\t\t\n\t\t\t\t\t\t\t\t<\/div>\n\n\t\t\t\t\t\t\t<\/td>\n\t\t\t\t\t\t\t\t\t\t\t\t\t\t\t\n\t\t\t\t\t\t\t<td colspan=\"\" rowspan=\"\" class=\"elementor-repeater-item-b94f33d wpr-table-td\">\n\n\t\t\t\t\t\t\t\t<div class=\"wpr-td-content-wrapper \">\n\n\t\t\t\t\t\t\t\t\t\t\t\t\t\t\t\t\t\t\t\t\t\t\t\t\t\t\t\t\t<span>\n\t\t\t\t\t\t\t\t\t \n\t\t\t\t\t\t\t\t\t\t\t<span class=\"wpr-table-text\">\n\t\t\t\t\t\t\t\t\t\t\t\tAdresse de livraison, adresse de facturation, d\u00e9tails de la transaction (\u00e0 l'exclusion des num\u00e9ros complets de carte de cr\u00e9dit).\n\t\t\t\t\t\t\t\t\t\t\t<\/span>\n\t\t\t\t\t\t\t\t\t\t\t\t\t\t\t\t\t\t\t\t<\/span>\n\t\t\t\t\t\t\t\t\t\t\t\t\t\t\t\t\t\t\t\t\t\t\t\t\t\t\t\t\n\t\t\t\t\t\t\t\t<\/div>\n\n\t\t\t\t\t\t\t<\/td>\n\t\t\t\t\t\t\t\t\t\t\t\t\t\t\t\n\t\t\t\t\t\t\t<td colspan=\"\" rowspan=\"\" class=\"elementor-repeater-item-4f3fc3f wpr-table-td\">\n\n\t\t\t\t\t\t\t\t<div class=\"wpr-td-content-wrapper \">\n\n\t\t\t\t\t\t\t\t\t\t\t\t\t\t\t\t\t\t\t\t\t\t\t\t\t\t\t\t\t<span>\n\t\t\t\t\t\t\t\t\t \n\t\t\t\t\t\t\t\t\t\t\t<span class=\"wpr-table-text\">\n\t\t\t\t\t\t\t\t\t\t\t\tTraiter les r\u00e9servations, g\u00e9rer les paiements, organiser une logistique d'exp\u00e9dition sp\u00e9cialis\u00e9e et \u00e9mettre des factures.\n\t\t\t\t\t\t\t\t\t\t\t<\/span>\n\t\t\t\t\t\t\t\t\t\t\t\t\t\t\t\t\t\t\t\t<\/span>\n\t\t\t\t\t\t\t\t\t\t\t\t\t\t\t\t\t\t\t\t\t\t\t\t\t\t\t\t\n\t\t\t\t\t\t\t\t<\/div>\n\n\t\t\t\t\t\t\t<\/td>\n\t\t\t\t\t\t\t\t\t\t\t\t<\/tr>\n\t\t\t        \t\t\t\t\t<tr class=\"wpr-table-body-row wpr-table-row elementor-repeater-item-47d8e5f wpr-odd\">\n\t\t\t\t\t\t\t\t\t\t\t\t\t\n\t\t\t\t\t\t\t<td colspan=\"\" rowspan=\"\" class=\"elementor-repeater-item-d14f3f9 wpr-table-td\">\n\n\t\t\t\t\t\t\t\t<div class=\"wpr-td-content-wrapper \">\n\n\t\t\t\t\t\t\t\t\t\t\t\t\t\t\t\t\t\t\t\t\t\t\t\t\t\t\t\t\t<span>\n\t\t\t\t\t\t\t\t\t \n\t\t\t\t\t\t\t\t\t\t\t<span class=\"wpr-table-text\">\n\t\t\t\t\t\t\t\t\t\t\t\tDonn\u00e9es sur les services personnalis\u00e9s\n\t\t\t\t\t\t\t\t\t\t\t<\/span>\n\t\t\t\t\t\t\t\t\t\t\t\t\t\t\t\t\t\t\t\t<\/span>\n\t\t\t\t\t\t\t\t\t\t\t\t\t\t\t\t\t\t\t\t\t\t\t\t\t\t\t\t\n\t\t\t\t\t\t\t\t<\/div>\n\n\t\t\t\t\t\t\t<\/td>\n\t\t\t\t\t\t\t\t\t\t\t\t\t\t\t\n\t\t\t\t\t\t\t<td colspan=\"\" rowspan=\"\" class=\"elementor-repeater-item-a0f4a61 wpr-table-td\">\n\n\t\t\t\t\t\t\t\t<div class=\"wpr-td-content-wrapper \">\n\n\t\t\t\t\t\t\t\t\t\t\t\t\t\t\t\t\t\t\t\t\t\t\t\t\t\t\t\t\t<span>\n\t\t\t\t\t\t\t\t\t \n\t\t\t\t\t\t\t\t\t\t\t<span class=\"wpr-table-text\">\n\t\t\t\t\t\t\t\t\t\t\t\tPort\u00e9e du projet, calendrier, vision sp\u00e9cifique (par exemple, d\u00e9tails sur des \u00e9l\u00e9ments personnels \u00e0 forte charge \u00e9motionnelle).\n\t\t\t\t\t\t\t\t\t\t\t<\/span>\n\t\t\t\t\t\t\t\t\t\t\t\t\t\t\t\t\t\t\t\t<\/span>\n\t\t\t\t\t\t\t\t\t\t\t\t\t\t\t\t\t\t\t\t\t\t\t\t\t\t\t\t\n\t\t\t\t\t\t\t\t<\/div>\n\n\t\t\t\t\t\t\t<\/td>\n\t\t\t\t\t\t\t\t\t\t\t\t\t\t\t\n\t\t\t\t\t\t\t<td colspan=\"\" rowspan=\"\" class=\"elementor-repeater-item-3c63e00 wpr-table-td\">\n\n\t\t\t\t\t\t\t\t<div class=\"wpr-td-content-wrapper \">\n\n\t\t\t\t\t\t\t\t\t\t\t\t\t\t\t\t\t\t\t\t\t\t\t\t\t\t\t\t\t<span>\n\t\t\t\t\t\t\t\t\t \n\t\t\t\t\t\t\t\t\t\t\t<span class=\"wpr-table-text\">\n\t\t\t\t\t\t\t\t\t\t\t\tPr\u00e9parer des propositions curatoriales hautement personnalis\u00e9es et proc\u00e9der aux v\u00e9rifications n\u00e9cessaires.\n\t\t\t\t\t\t\t\t\t\t\t<\/span>\n\t\t\t\t\t\t\t\t\t\t\t\t\t\t\t\t\t\t\t\t<\/span>\n\t\t\t\t\t\t\t\t\t\t\t\t\t\t\t\t\t\t\t\t\t\t\t\t\t\t\t\t\n\t\t\t\t\t\t\t\t<\/div>\n\n\t\t\t\t\t\t\t<\/td>\n\t\t\t\t\t\t\t\t\t\t\t\t<\/tr>\n\t\t\t        \t\t\t\t\t<tr class=\"wpr-table-body-row wpr-table-row elementor-repeater-item-9fe13b9 wpr-odd\">\n\t\t\t\t\t\t\t\t\t\t\t\t\t\n\t\t\t\t\t\t\t<td colspan=\"\" rowspan=\"\" class=\"elementor-repeater-item-f4f9a65 wpr-table-td\">\n\n\t\t\t\t\t\t\t\t<div class=\"wpr-td-content-wrapper \">\n\n\t\t\t\t\t\t\t\t\t\t\t\t\t\t\t\t\t\t\t\t\t\t\t\t\t\t\t\t\t<span>\n\t\t\t\t\t\t\t\t\t \n\t\t\t\t\t\t\t\t\t\t\t<span class=\"wpr-table-text\">\n\t\t\t\t\t\t\t\t\t\t\t\tDonn\u00e9es marketing\n\t\t\t\t\t\t\t\t\t\t\t<\/span>\n\t\t\t\t\t\t\t\t\t\t\t\t\t\t\t\t\t\t\t\t<\/span>\n\t\t\t\t\t\t\t\t\t\t\t\t\t\t\t\t\t\t\t\t\t\t\t\t\t\t\t\t\n\t\t\t\t\t\t\t\t<\/div>\n\n\t\t\t\t\t\t\t<\/td>\n\t\t\t\t\t\t\t\t\t\t\t\t\t\t\t\n\t\t\t\t\t\t\t<td colspan=\"\" rowspan=\"\" class=\"elementor-repeater-item-f1f4f61 wpr-table-td\">\n\n\t\t\t\t\t\t\t\t<div class=\"wpr-td-content-wrapper \">\n\n\t\t\t\t\t\t\t\t\t\t\t\t\t\t\t\t\t\t\t\t\t\t\t\t\t\t\t\t\t<span>\n\t\t\t\t\t\t\t\t\t \n\t\t\t\t\t\t\t\t\t\t\t<span class=\"wpr-table-text\">\n\t\t\t\t\t\t\t\t\t\t\t\tAdresse \u00e9lectronique collect\u00e9e par le biais de l'inscription \u00e0 la \"Festive Capsule Collection\" ou d'autres listes de diffusion.\n\t\t\t\t\t\t\t\t\t\t\t<\/span>\n\t\t\t\t\t\t\t\t\t\t\t\t\t\t\t\t\t\t\t\t<\/span>\n\t\t\t\t\t\t\t\t\t\t\t\t\t\t\t\t\t\t\t\t\t\t\t\t\t\t\t\t\n\t\t\t\t\t\t\t\t<\/div>\n\n\t\t\t\t\t\t\t<\/td>\n\t\t\t\t\t\t\t\t\t\t\t\t\t\t\t\n\t\t\t\t\t\t\t<td colspan=\"\" rowspan=\"\" class=\"elementor-repeater-item-4291509 wpr-table-td\">\n\n\t\t\t\t\t\t\t\t<div class=\"wpr-td-content-wrapper \">\n\n\t\t\t\t\t\t\t\t\t\t\t\t\t\t\t\t\t\t\t\t\t\t\t\t\t\t\t\t\t<span>\n\t\t\t\t\t\t\t\t\t \n\t\t\t\t\t\t\t\t\t\t\t<span class=\"wpr-table-text\">\n\t\t\t\t\t\t\t\t\t\t\t\tPour envoyer des invitations exclusives, des annonces de lancement et des informations sur les \u00e9v\u00e9nements de d\u00e9couverte \u00e0 venir.\n\t\t\t\t\t\t\t\t\t\t\t<\/span>\n\t\t\t\t\t\t\t\t\t\t\t\t\t\t\t\t\t\t\t\t<\/span>\n\t\t\t\t\t\t\t\t\t\t\t\t\t\t\t\t\t\t\t\t\t\t\t\t\t\t\t\t\n\t\t\t\t\t\t\t\t<\/div>\n\n\t\t\t\t\t\t\t<\/td>\n\t\t\t\t\t\t\t\t\t\t\t\t<\/tr>\n\t\t\t        \t\t\t\t\t<tr class=\"wpr-table-body-row wpr-table-row elementor-repeater-item-202ea98 wpr-odd\">\n\t\t\t\t\t\t\t\t\t\t\t\t\t\n\t\t\t\t\t\t\t<td colspan=\"\" rowspan=\"\" class=\"elementor-repeater-item-3d5382f wpr-table-td\">\n\n\t\t\t\t\t\t\t\t<div class=\"wpr-td-content-wrapper \">\n\n\t\t\t\t\t\t\t\t\t\t\t\t\t\t\t\t\t\t\t\t\t\t\t\t\t\t\t\t\t<span>\n\t\t\t\t\t\t\t\t\t \n\t\t\t\t\t\t\t\t\t\t\t<span class=\"wpr-table-text\">\n\t\t\t\t\t\t\t\t\t\t\t\tDonn\u00e9es techniques\n\t\t\t\t\t\t\t\t\t\t\t<\/span>\n\t\t\t\t\t\t\t\t\t\t\t\t\t\t\t\t\t\t\t\t<\/span>\n\t\t\t\t\t\t\t\t\t\t\t\t\t\t\t\t\t\t\t\t\t\t\t\t\t\t\t\t\n\t\t\t\t\t\t\t\t<\/div>\n\n\t\t\t\t\t\t\t<\/td>\n\t\t\t\t\t\t\t\t\t\t\t\t\t\t\t\n\t\t\t\t\t\t\t<td colspan=\"\" rowspan=\"\" class=\"elementor-repeater-item-6da716e wpr-table-td\">\n\n\t\t\t\t\t\t\t\t<div class=\"wpr-td-content-wrapper \">\n\n\t\t\t\t\t\t\t\t\t\t\t\t\t\t\t\t\t\t\t\t\t\t\t\t\t\t\t\t\t<span>\n\t\t\t\t\t\t\t\t\t \n\t\t\t\t\t\t\t\t\t\t\t<span class=\"wpr-table-text\">\n\t\t\t\t\t\t\t\t\t\t\t\tAdresse IP, type de navigateur, d\u00e9tails de l'appareil et utilisation du site web (via l'analyse).\n\t\t\t\t\t\t\t\t\t\t\t<\/span>\n\t\t\t\t\t\t\t\t\t\t\t\t\t\t\t\t\t\t\t\t<\/span>\n\t\t\t\t\t\t\t\t\t\t\t\t\t\t\t\t\t\t\t\t\t\t\t\t\t\t\t\t\n\t\t\t\t\t\t\t\t<\/div>\n\n\t\t\t\t\t\t\t<\/td>\n\t\t\t\t\t\t\t\t\t\t\t\t\t\t\t\n\t\t\t\t\t\t\t<td colspan=\"\" rowspan=\"\" class=\"elementor-repeater-item-548fde0 wpr-table-td\">\n\n\t\t\t\t\t\t\t\t<div class=\"wpr-td-content-wrapper \">\n\n\t\t\t\t\t\t\t\t\t\t\t\t\t\t\t\t\t\t\t\t\t\t\t\t\t\t\t\t\t<span>\n\t\t\t\t\t\t\t\t\t \n\t\t\t\t\t\t\t\t\t\t\t<span class=\"wpr-table-text\">\n\t\t\t\t\t\t\t\t\t\t\t\tPour assurer la s\u00e9curit\u00e9 du site, diagnostiquer les probl\u00e8mes et analyser les performances du site.\n\t\t\t\t\t\t\t\t\t\t\t<\/span>\n\t\t\t\t\t\t\t\t\t\t\t\t\t\t\t\t\t\t\t\t<\/span>\n\t\t\t\t\t\t\t\t\t\t\t\t\t\t\t\t\t\t\t\t\t\t\t\t\t\t\t\t\n\t\t\t\t\t\t\t\t<\/div>\n\n\t\t\t\t\t\t\t<\/td>\n\t\t\t\t\t\t\t\t\t\t\t\t<\/tr>\n\t\t\t        \t\t\t\t<\/tbody>\n\t\t\t<\/table>\n\t\t<\/div>\n\t\t<\/div>\n    \t\t\t\t\t<\/div>\n\t\t\t\t<div class=\"elementor-element elementor-element-2915b66 elementor-widget elementor-widget-text-editor\" data-id=\"2915b66\" data-element_type=\"widget\" data-widget_type=\"text-editor.default\">\n\t\t\t\t\t\t\t\t\t<div class=\"container-7 _60\"><div class=\"div-block-173\"><div class=\"text-block-72\"><div class=\"text-block-64 blue _00\"><div class=\"div-block-264\"><h4 class=\"heading-102\">BASE JURIDIQUE DU TRAITEMENT (CONFORMIT\u00c9 AU GDPR)<\/h4><\/div><div class=\"paragraph-12 w-richtext\"><p>Nous traitons vos donn\u00e9es personnelles sur la base des fondements juridiques suivants :<\/p><ul role=\"list\"><li>Contrat : le traitement est n\u00e9cessaire \u00e0 l&rsquo;ex\u00e9cution de notre contrat avec vous (par exemple, la r\u00e9alisation d&rsquo;une acquisition ou la fourniture de services sur mesure).<\/li><li>Int\u00e9r\u00eats l\u00e9gitimes : Le traitement est n\u00e9cessaire pour nos int\u00e9r\u00eats l\u00e9gitimes (par exemple, la s\u00e9curisation de notre r\u00e9seau, l&rsquo;analyse des tendances des ventes ou l&rsquo;am\u00e9lioration de nos services), \u00e0 condition que vos droits ne l&#8217;emportent pas sur ces int\u00e9r\u00eats.<\/li><li>Consentement : Lorsque la loi l&rsquo;exige (par exemple, pour les courriels de marketing direct comme la liste Capsule Collection), nous obtenons votre consentement explicite.<\/li><\/ul><\/div><h4 class=\"heading-102\">COMMENT NOUS UTILISONS VOS DONN\u00c9ES<\/h4><div class=\"paragraph-12 w-richtext\"><p>Vos informations sont utilis\u00e9es exclusivement pour faciliter nos services :<\/p><ul role=\"list\"><li>Pour effectuer des r\u00e9servations d&rsquo;acquisition et traiter les paiements.<\/li><li>Organiser une logistique d&rsquo;exp\u00e9dition et de livraison sur mesure et assur\u00e9e.<\/li><li>Pour adapter les conseils des conservateurs et les propositions de services personnalis\u00e9s.<\/li><li>Pour vous informer de nos \u00e9v\u00e9nements exclusifs, de nos foires et du lancement de nos nouvelles collections.<\/li><\/ul><\/div><h4 class=\"heading-102\">DIVULGATION DES DONN\u00c9ES ET S\u00c9CURIT\u00c9<\/h4><div class=\"paragraph-12 w-richtext\"><p>Nous ne vendons pas vos donn\u00e9es personnelles. Nous ne partageons des informations avec des tiers que lorsque cela est n\u00e9cessaire \u00e0 la fourniture de nos services : <\/p><ul role=\"list\"><li>Partenaires logistiques : Transporteurs assur\u00e9s et transitaires (pour organiser la livraison).<\/li><li>Processeurs financiers : Passerelles de paiement (pour traiter les transactions en toute s\u00e9curit\u00e9).<\/li><li>Juridique\/conformit\u00e9 : Si la loi l&rsquo;exige, aux organismes gouvernementaux ou aux autorit\u00e9s de r\u00e9gulation.<\/li><\/ul><\/div><h4 class=\"heading-102\">VOS DROITS<\/h4><div class=\"paragraph-12 w-richtext\"><p>En vertu du GDPR, vous avez le droit de :<\/p><ul role=\"list\"><li>Acc\u00e8s : Demander une copie des donn\u00e9es personnelles que nous d\u00e9tenons \u00e0 votre sujet.<\/li><li>Rectification : Demander la correction de donn\u00e9es inexactes ou incompl\u00e8tes.<\/li><li>Effacement (\u00ab\u00a0droit \u00e0 l&rsquo;oubli\u00a0\u00bb) : Demander la suppression de vos donn\u00e9es, sous r\u00e9serve des obligations l\u00e9gales.<\/li><li>Objection : S&rsquo;opposer au traitement de vos donn\u00e9es \u00e0 des fins de marketing direct.<\/li><\/ul><\/div><h4 class=\"heading-102\">CONSERVATION DES DONN\u00c9ES<\/h4><div class=\"paragraph-12 w-richtext\"><p>Nous ne conservons les donn\u00e9es \u00e0 caract\u00e8re personnel que pendant la dur\u00e9e n\u00e9cessaire \u00e0 la r\u00e9alisation des objectifs pour lesquels elles ont \u00e9t\u00e9 collect\u00e9es, y compris la satisfaction des exigences l\u00e9gales, comptables ou en mati\u00e8re de rapports. Les dossiers d&rsquo;acquisition sont g\u00e9n\u00e9ralement conserv\u00e9s pendant six ans pour des raisons de conformit\u00e9 financi\u00e8re. <\/p><\/div><h4 class=\"heading-102\">INFORMATIONS SUR LES CONTRATS<\/h4><div class=\"paragraph-12 w-richtext\"><p>Si vous avez des questions ou des pr\u00e9occupations concernant cette politique ou si vous souhaitez exercer vos droits, veuillez contacter DE MIDDEL (propri\u00e9t\u00e9 d&rsquo;Axolotles ltd), contr\u00f4leur des donn\u00e9es at:studio@de-middel.com, adresse : 209 Fulham Road, Londres SW10 9PJ<\/p><\/div><\/div><\/div><\/div><\/div>\t\t\t\t\t\t\t\t<\/div>\n\t\t\t\t\t<\/div>\n\t\t\t\t<\/div>\n\t\t\t\t<\/div>\n\t\t","protected":false},"excerpt":{"rendered":"<p>POLITIQUE DE CONFIDENTIALIT\u00c9 E F F E C T I V E D A T E : 0 1 \/1 2 \/ 2 0 2 5 La pr\u00e9sente politique de confidentialit\u00e9 s&rsquo;applique \u00e0 la marque De Middel, qui est d\u00e9tenue et exploit\u00e9e par Axolotles Ltd. (ci-apr\u00e8s d\u00e9nomm\u00e9e \u00ab\u00a0nous\u00a0\u00bb, \u00ab\u00a0notre\u00a0\u00bb ou \u00ab\u00a0nos\u00a0\u00bb). Nous nous engageons \u00e0 prot\u00e9ger la confidentialit\u00e9 et la s\u00e9curit\u00e9 de vos donn\u00e9es personnelles. Cette politique explique comment nous, en tant qu&rsquo;Axolotles Ltd. exploitant la marque De Middel, recueillons, utilisons, divulguons et prot\u00e9geons vos informations lorsque vous visitez notre site web, utilisez nos services sur mesure ou achetez des articles de nos collections. LES DONN\u00c9ES QUE NOUS COLLECTONS Nous ne recueillons que les donn\u00e9es n\u00e9cessaires \u00e0 la fourniture de nos services de haute qualit\u00e9 et au traitement des acquisitions. Cat\u00e9gorie Donn\u00e9es collect\u00e9es Objet de la collecte Donn\u00e9es de contact\/de demande de renseignements Nom, courriel, num\u00e9ro de t\u00e9l\u00e9phone, adresse postale. Pour r\u00e9pondre aux demandes de services personnalis\u00e9s, faciliter les rendez-vous et g\u00e9rer la communication. Donn\u00e9es d&rsquo;acquisition Adresse de livraison, adresse de facturation, d\u00e9tails de la transaction (\u00e0 l&rsquo;exclusion des num\u00e9ros complets de carte de cr\u00e9dit). Traiter les r\u00e9servations, g\u00e9rer les paiements, organiser une logistique d&rsquo;exp\u00e9dition sp\u00e9cialis\u00e9e et \u00e9mettre des factures. Donn\u00e9es sur les services personnalis\u00e9s Port\u00e9e du projet, calendrier, vision sp\u00e9cifique (par exemple, d\u00e9tails sur des \u00e9l\u00e9ments personnels \u00e0 forte charge \u00e9motionnelle). Pr\u00e9parer des propositions curatoriales hautement personnalis\u00e9es et proc\u00e9der aux v\u00e9rifications n\u00e9cessaires. Donn\u00e9es marketing Adresse \u00e9lectronique collect\u00e9e par le biais de l&rsquo;inscription \u00e0 la \u00ab\u00a0Festive Capsule Collection\u00a0\u00bb ou d&rsquo;autres listes de diffusion. Pour envoyer des invitations exclusives, des annonces de lancement et des informations sur les \u00e9v\u00e9nements de d\u00e9couverte \u00e0 venir. Donn\u00e9es techniques Adresse IP, type de navigateur, d\u00e9tails de l&rsquo;appareil et utilisation du site web (via l&rsquo;analyse). Pour assurer la s\u00e9curit\u00e9 du site, diagnostiquer les probl\u00e8mes et analyser les performances du site. BASE JURIDIQUE DU TRAITEMENT (CONFORMIT\u00c9 AU GDPR) Nous traitons vos donn\u00e9es personnelles sur la base des fondements juridiques suivants : Contrat : le traitement est n\u00e9cessaire \u00e0 l&rsquo;ex\u00e9cution de notre contrat avec vous (par exemple, la r\u00e9alisation d&rsquo;une acquisition ou la fourniture de services sur mesure). Int\u00e9r\u00eats l\u00e9gitimes : Le traitement est n\u00e9cessaire pour nos int\u00e9r\u00eats l\u00e9gitimes (par exemple, la s\u00e9curisation de notre r\u00e9seau, l&rsquo;analyse des tendances des ventes ou l&rsquo;am\u00e9lioration de nos services), \u00e0 condition que vos droits ne l&#8217;emportent pas sur ces int\u00e9r\u00eats. Consentement : Lorsque la loi l&rsquo;exige (par exemple, pour les courriels de marketing direct comme la liste Capsule Collection), nous obtenons votre consentement explicite. COMMENT NOUS UTILISONS VOS DONN\u00c9ES Vos informations sont utilis\u00e9es exclusivement pour faciliter nos services : Pour effectuer des r\u00e9servations d&rsquo;acquisition et traiter les paiements. Organiser une logistique d&rsquo;exp\u00e9dition et de livraison sur mesure et assur\u00e9e. Pour adapter les conseils des conservateurs et les propositions de services personnalis\u00e9s. Pour vous informer de nos \u00e9v\u00e9nements exclusifs, de nos foires et du lancement de nos nouvelles collections. DIVULGATION DES DONN\u00c9ES ET S\u00c9CURIT\u00c9 Nous ne vendons pas vos donn\u00e9es personnelles. Nous ne partageons des informations avec des tiers que lorsque cela est n\u00e9cessaire \u00e0 la fourniture de nos services : Partenaires logistiques : Transporteurs assur\u00e9s et transitaires (pour organiser la livraison). Processeurs financiers : Passerelles de paiement (pour traiter les transactions en toute s\u00e9curit\u00e9). Juridique\/conformit\u00e9 : Si la loi l&rsquo;exige, aux organismes gouvernementaux ou aux autorit\u00e9s de r\u00e9gulation. VOS DROITS En vertu du GDPR, vous avez le droit de : Acc\u00e8s : Demander une copie des donn\u00e9es personnelles que nous d\u00e9tenons \u00e0 votre sujet. Rectification : Demander la correction de donn\u00e9es inexactes ou incompl\u00e8tes. Effacement (\u00ab\u00a0droit \u00e0 l&rsquo;oubli\u00a0\u00bb) : Demander la suppression de vos donn\u00e9es, sous r\u00e9serve des obligations l\u00e9gales. Objection : S&rsquo;opposer au traitement de vos donn\u00e9es \u00e0 des fins de marketing direct. CONSERVATION DES DONN\u00c9ES Nous ne conservons les donn\u00e9es \u00e0 caract\u00e8re personnel que pendant la dur\u00e9e n\u00e9cessaire \u00e0 la r\u00e9alisation des objectifs pour lesquels elles ont \u00e9t\u00e9 collect\u00e9es, y compris la satisfaction des exigences l\u00e9gales, comptables ou en mati\u00e8re de rapports. Les dossiers d&rsquo;acquisition sont g\u00e9n\u00e9ralement conserv\u00e9s pendant six ans pour des raisons de conformit\u00e9 financi\u00e8re. INFORMATIONS SUR LES CONTRATS Si vous avez des questions ou des pr\u00e9occupations concernant cette politique ou si vous souhaitez exercer vos droits, veuillez contacter DE MIDDEL (propri\u00e9t\u00e9 d&rsquo;Axolotles ltd), contr\u00f4leur des donn\u00e9es at:studio@de-middel.com, adresse : 209 Fulham Road, Londres SW10 9PJ<\/p>\n","protected":false},"author":1,"featured_media":0,"parent":0,"menu_order":0,"comment_status":"closed","ping_status":"closed","template":"","meta":{"_acf_changed":false,"footnotes":""},"class_list":["post-3001","page","type-page","status-publish","hentry"],"acf":[],"aioseo_notices":[],"_hostinger_reach_plugin_has_subscription_block":false,"_hostinger_reach_plugin_is_elementor":false,"_links":{"self":[{"href":"https:\/\/de-middel.com\/fr\/wp-json\/wp\/v2\/pages\/3001","targetHints":{"allow":["GET"]}}],"collection":[{"href":"https:\/\/de-middel.com\/fr\/wp-json\/wp\/v2\/pages"}],"about":[{"href":"https:\/\/de-middel.com\/fr\/wp-json\/wp\/v2\/types\/page"}],"author":[{"embeddable":true,"href":"https:\/\/de-middel.com\/fr\/wp-json\/wp\/v2\/users\/1"}],"replies":[{"embeddable":true,"href":"https:\/\/de-middel.com\/fr\/wp-json\/wp\/v2\/comments?post=3001"}],"version-history":[{"count":1,"href":"https:\/\/de-middel.com\/fr\/wp-json\/wp\/v2\/pages\/3001\/revisions"}],"predecessor-version":[{"id":3005,"href":"https:\/\/de-middel.com\/fr\/wp-json\/wp\/v2\/pages\/3001\/revisions\/3005"}],"wp:attachment":[{"href":"https:\/\/de-middel.com\/fr\/wp-json\/wp\/v2\/media?parent=3001"}],"curies":[{"name":"wp","href":"https:\/\/api.w.org\/{rel}","templated":true}]}}