{"id":3002,"date":"2025-12-17T19:36:56","date_gmt":"2025-12-17T19:36:56","guid":{"rendered":"https:\/\/de-middel.com\/notre-mission\/"},"modified":"2026-01-15T07:42:34","modified_gmt":"2026-01-15T07:42:34","slug":"notre-mission","status":"publish","type":"page","link":"https:\/\/de-middel.com\/fr\/notre-mission\/","title":{"rendered":"Notre mission"},"content":{"rendered":"\t\t<div data-elementor-type=\"wp-page\" data-elementor-id=\"3002\" class=\"elementor elementor-3002 elementor-189\" data-elementor-post-type=\"page\">\n\t\t\t\t<div class=\"elementor-element elementor-element-9a70f8d e-flex e-con-boxed wpr-particle-no wpr-jarallax-no wpr-parallax-no wpr-sticky-section-no e-con e-parent\" data-id=\"9a70f8d\" data-element_type=\"container\">\n\t\t\t\t\t<div class=\"e-con-inner\">\n\t\t\t\t<div class=\"elementor-element elementor-element-7fdfccc elementor-widget elementor-widget-image\" data-id=\"7fdfccc\" data-element_type=\"widget\" data-widget_type=\"image.default\">\n\t\t\t\t\t\t\t\t\t\t\t\t\t\t\t<img fetchpriority=\"high\" decoding=\"async\" width=\"768\" height=\"575\" src=\"https:\/\/de-middel.com\/wp-content\/uploads\/2025\/12\/6920628166b388000da1a985_Screenshot-2025-11-21-at-14.00.38-768x575.avif\" class=\"attachment-medium_large size-medium_large wp-image-191\" alt=\"\" srcset=\"https:\/\/de-middel.com\/wp-content\/uploads\/2025\/12\/6920628166b388000da1a985_Screenshot-2025-11-21-at-14.00.38-768x575.avif 768w, https:\/\/de-middel.com\/wp-content\/uploads\/2025\/12\/6920628166b388000da1a985_Screenshot-2025-11-21-at-14.00.38-200x150.avif 200w, https:\/\/de-middel.com\/wp-content\/uploads\/2025\/12\/6920628166b388000da1a985_Screenshot-2025-11-21-at-14.00.38-600x450.avif 600w, https:\/\/de-middel.com\/wp-content\/uploads\/2025\/12\/6920628166b388000da1a985_Screenshot-2025-11-21-at-14.00.38-300x225.avif 300w, https:\/\/de-middel.com\/wp-content\/uploads\/2025\/12\/6920628166b388000da1a985_Screenshot-2025-11-21-at-14.00.38-1024x767.avif 1024w, https:\/\/de-middel.com\/wp-content\/uploads\/2025\/12\/6920628166b388000da1a985_Screenshot-2025-11-21-at-14.00.38.avif 1396w\" sizes=\"(max-width: 768px) 100vw, 768px\" \/>\t\t\t\t\t\t\t\t\t\t\t\t\t\t\t<\/div>\n\t\t\t\t<div class=\"elementor-element elementor-element-bc45b7a elementor-widget elementor-widget-heading\" data-id=\"bc45b7a\" data-element_type=\"widget\" data-widget_type=\"heading.default\">\n\t\t\t\t\t<h2 class=\"elementor-heading-title elementor-size-default\">Notre mission\n<\/h2>\t\t\t\t<\/div>\n\t\t<div class=\"elementor-element elementor-element-0aae138 e-con-full e-flex wpr-particle-no wpr-jarallax-no wpr-parallax-no wpr-sticky-section-no e-con e-child\" data-id=\"0aae138\" data-element_type=\"container\">\n\t\t\t\t<div class=\"elementor-element elementor-element-1bee9e0 elementor-widget elementor-widget-text-editor\" data-id=\"1bee9e0\" data-element_type=\"widget\" data-widget_type=\"text-editor.default\">\n\t\t\t\t\t\t\t\t\t<div class=\"container-7 _60\"><div class=\"div-block-173\"><div class=\"text-block-72\"><p class=\"paragraph-5 _85\">Notre mission est d&rsquo;\u00eatre le \u00ab\u00a0middel\u00a0\u00bb : un pont qui vous relie aux objets qui r\u00e9sonnent avec votre v\u00e9rit\u00e9 et nourrissent votre \u00e2me. Nous d\u00e9fendons l&rsquo;achat lent plut\u00f4t que les tendances \u00e9ph\u00e9m\u00e8res, et la beaut\u00e9 du recyclage et de la r\u00e9imagination des objets avec lesquels vous vivez. <\/p><p>Nous d\u00e9fendons avec passion la carri\u00e8re d&rsquo;artistes vivants, tout en aidant \u00e0 red\u00e9couvrir le travail extraordinaire d&rsquo;artisans et de designers disparus depuis longtemps. Nous rendons hommage \u00e0 ces \u00ab\u00a0pi\u00e9tons de l&rsquo;histoire\u00a0\u00bb, aux individus qui ont construit notre monde visuel par leurs petits et puissants actes de cr\u00e9ation. Nous nous effor\u00e7ons de cr\u00e9er une communaut\u00e9 qui honore ce spectre complet. Nous sommes anim\u00e9s par la croyance en ce \u00ab\u00a0moment eur\u00eaka\u00a0\u00bb de la reconnaissance &#8211; cette seconde de joie int\u00e9rieure lorsque vous franchissez la porte de votre maison, et la petite pouss\u00e9e d&rsquo;\u00e9nergie que vous obtenez d&rsquo;un objet que vous aimez vraiment.  <\/p><\/div><\/div><\/div>\t\t\t\t\t\t\t\t<\/div>\n\t\t\t\t<\/div>\n\t\t\t\t\t<\/div>\n\t\t\t\t<\/div>\n\t\t<div class=\"elementor-element elementor-element-0d1ecb7 e-con-full e-flex wpr-particle-no wpr-jarallax-no wpr-parallax-no wpr-sticky-section-no e-con e-parent\" data-id=\"0d1ecb7\" data-element_type=\"container\">\n\t\t<div class=\"elementor-element elementor-element-6eb4d6b e-grid e-con-full wpr-particle-no wpr-jarallax-no wpr-parallax-no wpr-sticky-section-no e-con e-child\" data-id=\"6eb4d6b\" data-element_type=\"container\">\n\t\t<div class=\"elementor-element elementor-element-275ffc4 e-con-full e-flex wpr-particle-no wpr-jarallax-no wpr-parallax-no wpr-sticky-section-no e-con e-child\" data-id=\"275ffc4\" data-element_type=\"container\">\n\t\t\t\t<div class=\"elementor-element elementor-element-8de2703 elementor-widget elementor-widget-heading\" data-id=\"8de2703\" data-element_type=\"widget\" data-widget_type=\"heading.default\">\n\t\t\t\t\t<h2 class=\"elementor-heading-title elementor-size-default\">notre \u00e9quipe<\/h2>\t\t\t\t<\/div>\n\t\t\t\t<div class=\"elementor-element elementor-element-399624e elementor-widget elementor-widget-image\" data-id=\"399624e\" data-element_type=\"widget\" data-widget_type=\"image.default\">\n\t\t\t\t\t\t\t\t\t\t\t\t\t\t\t<img decoding=\"async\" width=\"538\" height=\"636\" src=\"https:\/\/de-middel.com\/wp-content\/uploads\/2025\/12\/6934cbdab667facffe4f3b24_Copy-of-FINAL-DE-MIDDEL-WEBSITE-3-1.png\" class=\"attachment-1536x1536 size-1536x1536 wp-image-192\" alt=\"\" srcset=\"https:\/\/de-middel.com\/wp-content\/uploads\/2025\/12\/6934cbdab667facffe4f3b24_Copy-of-FINAL-DE-MIDDEL-WEBSITE-3-1.png 538w, https:\/\/de-middel.com\/wp-content\/uploads\/2025\/12\/6934cbdab667facffe4f3b24_Copy-of-FINAL-DE-MIDDEL-WEBSITE-3-1-200x236.png 200w, https:\/\/de-middel.com\/wp-content\/uploads\/2025\/12\/6934cbdab667facffe4f3b24_Copy-of-FINAL-DE-MIDDEL-WEBSITE-3-1-254x300.png 254w\" sizes=\"(max-width: 538px) 100vw, 538px\" \/>\t\t\t\t\t\t\t\t\t\t\t\t\t\t\t<\/div>\n\t\t\t\t<\/div>\n\t\t<div class=\"elementor-element elementor-element-5b9f808 e-con-full e-flex wpr-particle-no wpr-jarallax-no wpr-parallax-no wpr-sticky-section-no e-con e-child\" data-id=\"5b9f808\" data-element_type=\"container\">\n\t\t<div class=\"elementor-element elementor-element-5eba803 e-con-full e-flex wpr-particle-no wpr-jarallax-no wpr-parallax-no wpr-sticky-section-no e-con e-child\" data-id=\"5eba803\" data-element_type=\"container\">\n\t\t\t\t<div class=\"elementor-element elementor-element-09ea06d elementor-widget elementor-widget-text-editor\" data-id=\"09ea06d\" data-element_type=\"widget\" data-widget_type=\"text-editor.default\">\n\t\t\t\t\t\t\t\t\t<div class=\"container-7 _60\"><div class=\"div-block-173\"><div class=\"text-block-72\"><p>Cette vision est mon histoire personnelle. Je m&rsquo;appelle De Middel, et j&rsquo;ai con\u00e7u notre mission pour qu&rsquo;elle soit exactement cela : le \u00ab\u00a0middel\u00a0\u00bb, ou pont, vers votre \u00ab\u00a0Art de la joie\u00a0\u00bb. <\/p><p>Ma perspective est globale, personnelle et profond\u00e9ment enracin\u00e9e. Je suis mi-belge, mi-espagnole, avec des anc\u00eatres venus du monde entier, et je vis \u00e0 Londres depuis pr\u00e8s de 30 ans. Mon parcours professionnel a \u00e9galement \u00e9t\u00e9 un pont, passant de la finance et des m\u00e9dias \u00e0 l&rsquo;entrepreneuriat, au mentorat et au coaching.  <\/p><p>Ce travail s&rsquo;appuie sur 15 ann\u00e9es d&rsquo;accompagnement d&rsquo;artistes et sur mon travail en tant que membre de l&rsquo;African Art Foundation au Nigeria.<\/p><\/div><\/div><\/div>\t\t\t\t\t\t\t\t<\/div>\n\t\t\t\t<\/div>\n\t\t\t\t<\/div>\n\t\t\t\t<\/div>\n\t\t\t\t<div class=\"elementor-element elementor-element-d994de9 elementor-widget elementor-widget-text-editor\" data-id=\"d994de9\" data-element_type=\"widget\" data-widget_type=\"text-editor.default\">\n\t\t\t\t\t\t\t\t\t<div class=\"container-7 _60\"><div class=\"div-block-173\"><div class=\"text-block-72\"><p>Mais ma plus grande influence est celle de mon \u00ab\u00a0\u00e9quipe\u00a0\u00bb &#8211; ma famille incroyable, r\u00e9partie dans le monde entier, mes quatre enfants et ma m\u00e8re andalouse. Ils sont \u00e0 l&rsquo;origine de mon approche empathique et de ma conviction que les objets avec lesquels nous vivons sont une constellation de nos histoires personnelles. <\/p><p>Cette collection en est le reflet. Il s&rsquo;agit d&rsquo;un m\u00e9lange unique de trois sources sinc\u00e8res : <\/p><ul role=\"list\"><li>Des objets pr\u00e9cieux issus de l&rsquo;h\u00e9ritage de trois g\u00e9n\u00e9rations de ma propre famille.<\/li><li>Des \u0153uvres d&rsquo;artistes contemporains qui me sont chers et que nous sommes fiers de d\u00e9fendre.<\/li><li>Les pi\u00e8ces que je collectionne personnellement au cours d&rsquo;un voyage annuel durable sur la route &#8211; un voyage avec ma voiture et mon chien pour r\u00e9cup\u00e9rer chaque trouvaille.<\/li><\/ul><p>Il ne s&rsquo;agit pas seulement d&rsquo;une collection. C&rsquo;est toute une vie de relations &#8211; avec ma famille, avec les artistes que je d\u00e9fends et avec l&rsquo;incroyable r\u00e9seau d&rsquo;amis talentueux avec lesquels j&rsquo;ai l&rsquo;honneur de partager cette route. <\/p><p>C&rsquo;est l&rsquo;Art de la Joie, r\u00e9alis\u00e9.<\/p><\/div><\/div><\/div>\t\t\t\t\t\t\t\t<\/div>\n\t\t\t\t<\/div>\n\t\t\t\t<\/div>\n\t\t","protected":false},"excerpt":{"rendered":"<p>Notre mission Notre mission est d&rsquo;\u00eatre le \u00ab\u00a0middel\u00a0\u00bb : un pont qui vous relie aux objets qui r\u00e9sonnent avec votre v\u00e9rit\u00e9 et nourrissent votre \u00e2me. Nous d\u00e9fendons l&rsquo;achat lent plut\u00f4t que les tendances \u00e9ph\u00e9m\u00e8res, et la beaut\u00e9 du recyclage et de la r\u00e9imagination des objets avec lesquels vous vivez. Nous d\u00e9fendons avec passion la carri\u00e8re d&rsquo;artistes vivants, tout en aidant \u00e0 red\u00e9couvrir le travail extraordinaire d&rsquo;artisans et de designers disparus depuis longtemps. Nous rendons hommage \u00e0 ces \u00ab\u00a0pi\u00e9tons de l&rsquo;histoire\u00a0\u00bb, aux individus qui ont construit notre monde visuel par leurs petits et puissants actes de cr\u00e9ation. Nous nous effor\u00e7ons de cr\u00e9er une communaut\u00e9 qui honore ce spectre complet. Nous sommes anim\u00e9s par la croyance en ce \u00ab\u00a0moment eur\u00eaka\u00a0\u00bb de la reconnaissance &#8211; cette seconde de joie int\u00e9rieure lorsque vous franchissez la porte de votre maison, et la petite pouss\u00e9e d&rsquo;\u00e9nergie que vous obtenez d&rsquo;un objet que vous aimez vraiment. notre \u00e9quipe Cette vision est mon histoire personnelle. Je m&rsquo;appelle De Middel, et j&rsquo;ai con\u00e7u notre mission pour qu&rsquo;elle soit exactement cela : le \u00ab\u00a0middel\u00a0\u00bb, ou pont, vers votre \u00ab\u00a0Art de la joie\u00a0\u00bb. Ma perspective est globale, personnelle et profond\u00e9ment enracin\u00e9e. Je suis mi-belge, mi-espagnole, avec des anc\u00eatres venus du monde entier, et je vis \u00e0 Londres depuis pr\u00e8s de 30 ans. Mon parcours professionnel a \u00e9galement \u00e9t\u00e9 un pont, passant de la finance et des m\u00e9dias \u00e0 l&rsquo;entrepreneuriat, au mentorat et au coaching. Ce travail s&rsquo;appuie sur 15 ann\u00e9es d&rsquo;accompagnement d&rsquo;artistes et sur mon travail en tant que membre de l&rsquo;African Art Foundation au Nigeria. Mais ma plus grande influence est celle de mon \u00ab\u00a0\u00e9quipe\u00a0\u00bb &#8211; ma famille incroyable, r\u00e9partie dans le monde entier, mes quatre enfants et ma m\u00e8re andalouse. Ils sont \u00e0 l&rsquo;origine de mon approche empathique et de ma conviction que les objets avec lesquels nous vivons sont une constellation de nos histoires personnelles. Cette collection en est le reflet. Il s&rsquo;agit d&rsquo;un m\u00e9lange unique de trois sources sinc\u00e8res : Des objets pr\u00e9cieux issus de l&rsquo;h\u00e9ritage de trois g\u00e9n\u00e9rations de ma propre famille. Des \u0153uvres d&rsquo;artistes contemporains qui me sont chers et que nous sommes fiers de d\u00e9fendre. Les pi\u00e8ces que je collectionne personnellement au cours d&rsquo;un voyage annuel durable sur la route &#8211; un voyage avec ma voiture et mon chien pour r\u00e9cup\u00e9rer chaque trouvaille. Il ne s&rsquo;agit pas seulement d&rsquo;une collection. C&rsquo;est toute une vie de relations &#8211; avec ma famille, avec les artistes que je d\u00e9fends et avec l&rsquo;incroyable r\u00e9seau d&rsquo;amis talentueux avec lesquels j&rsquo;ai l&rsquo;honneur de partager cette route. C&rsquo;est l&rsquo;Art de la Joie, r\u00e9alis\u00e9.<\/p>\n","protected":false},"author":1,"featured_media":0,"parent":0,"menu_order":0,"comment_status":"closed","ping_status":"closed","template":"","meta":{"_acf_changed":false,"footnotes":""},"class_list":["post-3002","page","type-page","status-publish","hentry"],"acf":[],"aioseo_notices":[],"_hostinger_reach_plugin_has_subscription_block":false,"_hostinger_reach_plugin_is_elementor":false,"_links":{"self":[{"href":"https:\/\/de-middel.com\/fr\/wp-json\/wp\/v2\/pages\/3002","targetHints":{"allow":["GET"]}}],"collection":[{"href":"https:\/\/de-middel.com\/fr\/wp-json\/wp\/v2\/pages"}],"about":[{"href":"https:\/\/de-middel.com\/fr\/wp-json\/wp\/v2\/types\/page"}],"author":[{"embeddable":true,"href":"https:\/\/de-middel.com\/fr\/wp-json\/wp\/v2\/users\/1"}],"replies":[{"embeddable":true,"href":"https:\/\/de-middel.com\/fr\/wp-json\/wp\/v2\/comments?post=3002"}],"version-history":[{"count":1,"href":"https:\/\/de-middel.com\/fr\/wp-json\/wp\/v2\/pages\/3002\/revisions"}],"predecessor-version":[{"id":3006,"href":"https:\/\/de-middel.com\/fr\/wp-json\/wp\/v2\/pages\/3002\/revisions\/3006"}],"wp:attachment":[{"href":"https:\/\/de-middel.com\/fr\/wp-json\/wp\/v2\/media?parent=3002"}],"curies":[{"name":"wp","href":"https:\/\/api.w.org\/{rel}","templated":true}]}}