{"id":3007,"date":"2025-12-17T20:18:21","date_gmt":"2025-12-17T20:18:21","guid":{"rendered":"https:\/\/de-middel.com\/acquisition-tayloring\/"},"modified":"2026-01-15T07:42:35","modified_gmt":"2026-01-15T07:42:35","slug":"acquisition-tayloring","status":"publish","type":"page","link":"https:\/\/de-middel.com\/fr\/acquisition-tayloring\/","title":{"rendered":"ACQUISITION TAYLORING"},"content":{"rendered":"\t\t<div data-elementor-type=\"wp-page\" data-elementor-id=\"3007\" class=\"elementor elementor-3007 elementor-231\" data-elementor-post-type=\"page\">\n\t\t\t\t<div class=\"elementor-element elementor-element-c522b16 e-flex e-con-boxed wpr-particle-no wpr-jarallax-no wpr-parallax-no wpr-sticky-section-no e-con e-parent\" data-id=\"c522b16\" data-element_type=\"container\" data-settings=\"{&quot;background_background&quot;:&quot;classic&quot;}\">\n\t\t\t\t\t<div class=\"e-con-inner\">\n\t\t<div class=\"elementor-element elementor-element-b3c6ad5 e-con-full e-flex wpr-particle-no wpr-jarallax-no wpr-parallax-no wpr-sticky-section-no e-con e-child\" data-id=\"b3c6ad5\" data-element_type=\"container\">\n\t\t\t\t<div class=\"elementor-element elementor-element-eaccff2 elementor-widget elementor-widget-heading\" data-id=\"eaccff2\" data-element_type=\"widget\" data-widget_type=\"heading.default\">\n\t\t\t\t\t<h2 class=\"elementor-heading-title elementor-size-default\">ACQUISITION TAYLORING\n<\/h2>\t\t\t\t<\/div>\n\t\t\t\t<div class=\"elementor-element elementor-element-9f11012 elementor-widget elementor-widget-text-editor\" data-id=\"9f11012\" data-element_type=\"widget\" data-widget_type=\"text-editor.default\">\n\t\t\t\t\t\t\t\t\t<div class=\"container-7 _60\"><div class=\"div-block-173\"><div class=\"text-block-72\"><p class=\"blue\">L&rsquo;acquisition d&rsquo;une pi\u00e8ce aupr\u00e8s de De Middel est un processus sur mesure, et nos services d&rsquo;adaptation des acquisitions garantissent que les \u00e9tapes finales, de la v\u00e9rification \u00e0 la pr\u00e9sentation, r\u00e9pondent aux normes de soin les plus \u00e9lev\u00e9es. Ces services sp\u00e9cialis\u00e9s sont calcul\u00e9s et ajout\u00e9s \u00e0 votre facture logistique finale lors de la confirmation de votre acquisition. <\/p><\/div><\/div><\/div>\t\t\t\t\t\t\t\t<\/div>\n\t\t\t\t<div class=\"elementor-element elementor-element-0d9231f elementor-widget elementor-widget-text-editor\" data-id=\"0d9231f\" data-element_type=\"widget\" data-widget_type=\"text-editor.default\">\n\t\t\t\t\t\t\t\t\t<div class=\"container-7 _60\"><div class=\"div-block-173\"><div class=\"text-block-72\"><p>I. Emballage cadeau sur mesure :<a class=\"link-6\" style=\"color: #006c98;\" href=\"#gift\">(voir lien<\/a> )<\/p><p>Nous travaillons avec des artisans papetiers locaux pour nous assurer que la pr\u00e9sentation est aussi unique que l&rsquo;objet lui-m\u00eame.<\/p><\/div><\/div><\/div>\t\t\t\t\t\t\t\t<\/div>\n\t\t\t\t<div class=\"elementor-element elementor-element-a0f0fc7 elementor-widget elementor-widget-text-editor\" data-id=\"a0f0fc7\" data-element_type=\"widget\" data-widget_type=\"text-editor.default\">\n\t\t\t\t\t\t\t\t\t<div class=\"container-7 _60\"><div class=\"div-block-173\"><div class=\"text-block-72\"><p>II. Note magnifiquement calligraphi\u00e9e : <\/p><p>Une note personnalis\u00e9e et manuscrite accompagne votre acquisition, apportant une touche humaine et raffin\u00e9e \u00e0 la pr\u00e9sentation.<\/p><\/div><\/div><\/div>\t\t\t\t\t\t\t\t<\/div>\n\t\t\t\t<div class=\"elementor-element elementor-element-4a461ad elementor-widget elementor-widget-text-editor\" data-id=\"4a461ad\" data-element_type=\"widget\" data-widget_type=\"text-editor.default\">\n\t\t\t\t\t\t\t\t\t<div class=\"container-7 _60\"><div class=\"div-block-173\"><div class=\"text-block-72\"><p>III. Le transport en gants blancs : <\/p><p>Service de livraison sp\u00e9cialis\u00e9 pour les articles n\u00e9cessitant une s\u00e9curit\u00e9 maximale, un environnement contr\u00f4l\u00e9 et une attention particuli\u00e8re pendant le transport et la mise en place.<\/p><\/div><\/div><\/div>\t\t\t\t\t\t\t\t<\/div>\n\t\t\t\t<div class=\"elementor-element elementor-element-28efa96 elementor-widget elementor-widget-text-editor\" data-id=\"28efa96\" data-element_type=\"widget\" data-widget_type=\"text-editor.default\">\n\t\t\t\t\t\t\t\t\t<div class=\"container-7 _60\"><div class=\"div-block-173\"><div class=\"text-block-72\"><p>IV. Int\u00e9gration curatoriale :<a class=\"link-6\" style=\"color: #006c98;\" href=\"https:\/\/de-middel.com\/fr\/selection-de-maisons\/\">(voir lien)<\/a> <\/p><p>B\u00e9n\u00e9ficiez de conseils d&rsquo;experts et d&rsquo;un encadrement sophistiqu\u00e9 sur l&#8217;emplacement optimal et l&rsquo;installation finale de l&rsquo;objet, en veillant \u00e0 ce qu&rsquo;il s&rsquo;int\u00e8gre parfaitement \u00e0 votre collection existante ou \u00e0 votre d\u00e9coration d&rsquo;int\u00e9rieur.<\/p><\/div><\/div><\/div>\t\t\t\t\t\t\t\t<\/div>\n\t\t\t\t<div class=\"elementor-element elementor-element-a485980 elementor-widget elementor-widget-text-editor\" data-id=\"a485980\" data-element_type=\"widget\" data-widget_type=\"text-editor.default\">\n\t\t\t\t\t\t\t\t\t<div class=\"container-7 _60\"><div class=\"div-block-173\"><div class=\"text-block-72\"><p class=\"blue\">V. Authentification par un tiers :<a class=\"link-6\" style=\"color: #006c98;\" href=\"#services\">(voir lien<\/a>) V\u00e9rification de l&rsquo;authenticit\u00e9 de l&rsquo;objet par un expert externe reconnu.<\/p><\/div><\/div><\/div>\t\t\t\t\t\t\t\t<\/div>\n\t\t\t\t<\/div>\n\t\t\t\t\t<\/div>\n\t\t\t\t<\/div>\n\t\t<div class=\"elementor-element elementor-element-0094c81 services e-flex e-con-boxed wpr-particle-no wpr-jarallax-no wpr-parallax-no wpr-sticky-section-no e-con e-parent\" data-id=\"0094c81\" data-element_type=\"container\" id=\"services\">\n\t\t\t\t\t<div class=\"e-con-inner\">\n\t\t\t\t<div class=\"elementor-element elementor-element-6ac109c elementor-widget elementor-widget-heading\" data-id=\"6ac109c\" data-element_type=\"widget\" data-widget_type=\"heading.default\">\n\t\t\t\t\t<h2 class=\"elementor-heading-title elementor-size-default\">services d'authentification\n<\/h2>\t\t\t\t<\/div>\n\t\t\t\t<div class=\"elementor-element elementor-element-2792b49 elementor-widget elementor-widget-text-editor\" data-id=\"2792b49\" data-element_type=\"widget\" data-widget_type=\"text-editor.default\">\n\t\t\t\t\t\t\t\t\t<div class=\"container-7 _60\"><div class=\"div-block-173\"><div class=\"text-block-72\"><div class=\"text-block-64 blue _00\">Chez De Middel, la v\u00e9rification de l&rsquo;histoire et de l&rsquo;origine d&rsquo;un objet est fondamentale dans notre processus de conservation. Chaque pi\u00e8ce propos\u00e9e est unique et nous nous engageons \u00e0 vous offrir le plus haut niveau de confiance et de transparence pour votre acquisition. <\/div><\/div><\/div><\/div>\t\t\t\t\t\t\t\t<\/div>\n\t\t\t\t<div class=\"elementor-element elementor-element-f8897fc elementor-widget elementor-widget-text-editor\" data-id=\"f8897fc\" data-element_type=\"widget\" data-widget_type=\"text-editor.default\">\n\t\t\t\t\t\t\t\t\t<div class=\"container-7 _60\"><div class=\"div-block-173\"><div class=\"text-block-72\"><div class=\"text-block-64 blue _00\"><p>I. V\u00e9rification interne et certificat d&rsquo;authenticit\u00e9<\/p><p><br>L&rsquo;authenticit\u00e9 de tous les lots est v\u00e9rifi\u00e9e par nos sp\u00e9cialistes internes. \u00c0 l&rsquo;issue de votre acquisition, vous recevrez un certificat d&rsquo;authenticit\u00e9 officiel de De Middel. <\/p><p>Ce certificat garantit l&rsquo;origine et l&rsquo;identit\u00e9 de l&rsquo;article tel qu&rsquo;il est pr\u00e9sent\u00e9 sur notre site web, ce qui vous assure une tranquillit\u00e9 d&rsquo;esprit lors de chaque acquisition.<\/p><p>\u200d<\/p><p>II. Service d&rsquo;authentification tiers sur mesure <br><br><\/p><p>Pour les clients qui exigent le plus haut niveau d&rsquo;assurance ind\u00e9pendante, nous offrons un service d\u00e9di\u00e9 \u00e0 la coordination de l&rsquo;authentification externe par un tiers :<\/p><p>\u200d<\/p><p>Partenaires experts : Nous travaillons avec des authentificateurs tiers r\u00e9put\u00e9s et reconnus dans le monde entier, mais nous sommes \u00e9galement heureux de travailler avec la contrepartie choisie par le client pour g\u00e9rer le processus de v\u00e9rification.<\/p><p>\u200d<\/p><p>Processus : Nous nous occupons de toute la logistique, de la correspondance et de la soumission de l&rsquo;objet \u00e0 l&rsquo;expert externe.<\/p><p>\u200d<\/p><p>Structure des frais : Le co\u00fbt total de ce service d\u00e9pend de l&rsquo;objet (par exemple, la taille, le support et l&rsquo;expert requis). De Middel facturera au client le co\u00fbt r\u00e9el des honoraires de l&rsquo;expert tiers. <\/p><p>\u200d<\/p><p>Frais de service : De Middel facturera des frais de service de 10 % pour couvrir l&rsquo;administration, la logistique et la gestion de ce service sp\u00e9cialis\u00e9, avec un minimum de 50 livres sterling par objet. Ces frais sont distincts des frais d&rsquo;\u00e9valuation de l&rsquo;expert tiers. <\/p><\/div><\/div><\/div><\/div>\t\t\t\t\t\t\t\t<\/div>\n\t\t\t\t\t<\/div>\n\t\t\t\t<\/div>\n\t\t<div class=\"elementor-element elementor-element-95e5583 gift e-flex e-con-boxed wpr-particle-no wpr-jarallax-no wpr-parallax-no wpr-sticky-section-no e-con e-parent\" data-id=\"95e5583\" data-element_type=\"container\" id=\"gift\">\n\t\t\t\t\t<div class=\"e-con-inner\">\n\t\t\t\t<div class=\"elementor-element elementor-element-fbe9b31 elementor-widget elementor-widget-heading\" data-id=\"fbe9b31\" data-element_type=\"widget\" data-widget_type=\"heading.default\">\n\t\t\t\t\t<h2 class=\"elementor-heading-title elementor-size-default\">SERVICES D'EMBALLAGE DE CADEAUX\n<\/h2>\t\t\t\t<\/div>\n\t\t\t\t<div class=\"elementor-element elementor-element-afcef58 elementor-widget elementor-widget-text-editor\" data-id=\"afcef58\" data-element_type=\"widget\" data-widget_type=\"text-editor.default\">\n\t\t\t\t\t\t\t\t\t<div class=\"container-7 _60\"><div class=\"div-block-173\"><div class=\"text-block-72\"><div class=\"text-block-64 blue _00\"><div class=\"text-block-64 blue _00\">Chez De Middel, la v\u00e9rification de l&rsquo;histoire et de l&rsquo;origine d&rsquo;un objet est fondamentale dans notre processus de conservation. Chaque pi\u00e8ce propos\u00e9e est unique et nous nous engageons \u00e0 vous offrir le plus haut niveau de confiance et de transparence pour votre acquisition. <\/div><div class=\"text-block-64 w-richtext\"> <\/div><\/div><\/div><\/div><\/div>\t\t\t\t\t\t\t\t<\/div>\n\t\t\t\t<div class=\"elementor-element elementor-element-0c307d9 elementor-widget elementor-widget-text-editor\" data-id=\"0c307d9\" data-element_type=\"widget\" data-widget_type=\"text-editor.default\">\n\t\t\t\t\t\t\t\t\t<div class=\"container-7 _60\"><div class=\"div-block-173\"><div class=\"text-block-72\"><div class=\"text-block-64 blue _00\"><p>I. V\u00e9rification interne et certificat d&rsquo;authenticit\u00e9<br><br><\/p><p>L&rsquo;authenticit\u00e9 de tous les lots est v\u00e9rifi\u00e9e par nos sp\u00e9cialistes internes. \u00c0 l&rsquo;issue de votre acquisition, vous recevrez un certificat d&rsquo;authenticit\u00e9 officiel de De Middel. <\/p><p>Ce certificat garantit l&rsquo;origine et l&rsquo;identit\u00e9 de l&rsquo;article tel qu&rsquo;il est pr\u00e9sent\u00e9 sur notre site web, ce qui vous assure une tranquillit\u00e9 d&rsquo;esprit lors de chaque acquisition.<\/p><p>\u200d<\/p><p>II. Service d&rsquo;authentification tiers sur mesure <br><br><\/p><p>Pour les clients qui exigent le plus haut niveau d&rsquo;assurance ind\u00e9pendante, nous offrons un service d\u00e9di\u00e9 \u00e0 la coordination de l&rsquo;authentification externe par un tiers :<\/p><p>Partenaires experts : Nous travaillons avec des authentificateurs tiers r\u00e9put\u00e9s et reconnus dans le monde entier, mais nous sommes \u00e9galement heureux de travailler avec la contrepartie choisie par le client pour g\u00e9rer le processus de v\u00e9rification.<\/p><p>\u200d<\/p><p>Processus : Nous nous chargeons de toute la logistique, de la correspondance et de la soumission de l&rsquo;objet \u00e0 l&rsquo;expert externe.<\/p><p>\u200d<\/p><p>Structure des frais : Le co\u00fbt total de ce service d\u00e9pend de l&rsquo;objet (par exemple, la taille, le support et l&rsquo;expert requis). De Middel facturera au client le co\u00fbt r\u00e9el des honoraires de l&rsquo;expert tiers. <\/p><p>\u200d<\/p><p>Frais de service : De Middel facturera des frais de service de 10 % pour couvrir l&rsquo;administration, la logistique et la gestion de ce service sp\u00e9cialis\u00e9, avec un minimum de 50 livres sterling par objet. Ces frais sont distincts des frais d&rsquo;\u00e9valuation de l&rsquo;expert tiers. <\/p><p>\u200d<\/p><\/div><\/div><\/div><\/div>\t\t\t\t\t\t\t\t<\/div>\n\t\t\t\t\t<\/div>\n\t\t\t\t<\/div>\n\t\t\t\t<\/div>\n\t\t","protected":false},"excerpt":{"rendered":"<p>ACQUISITION TAYLORING L&rsquo;acquisition d&rsquo;une pi\u00e8ce aupr\u00e8s de De Middel est un processus sur mesure, et nos services d&rsquo;adaptation des acquisitions garantissent que les \u00e9tapes finales, de la v\u00e9rification \u00e0 la pr\u00e9sentation, r\u00e9pondent aux normes de soin les plus \u00e9lev\u00e9es. Ces services sp\u00e9cialis\u00e9s sont calcul\u00e9s et ajout\u00e9s \u00e0 votre facture logistique finale lors de la confirmation de votre acquisition. I. Emballage cadeau sur mesure :(voir lien ) Nous travaillons avec des artisans papetiers locaux pour nous assurer que la pr\u00e9sentation est aussi unique que l&rsquo;objet lui-m\u00eame. II. Note magnifiquement calligraphi\u00e9e : Une note personnalis\u00e9e et manuscrite accompagne votre acquisition, apportant une touche humaine et raffin\u00e9e \u00e0 la pr\u00e9sentation. III. Le transport en gants blancs : Service de livraison sp\u00e9cialis\u00e9 pour les articles n\u00e9cessitant une s\u00e9curit\u00e9 maximale, un environnement contr\u00f4l\u00e9 et une attention particuli\u00e8re pendant le transport et la mise en place. IV. Int\u00e9gration curatoriale :(voir lien) B\u00e9n\u00e9ficiez de conseils d&rsquo;experts et d&rsquo;un encadrement sophistiqu\u00e9 sur l&#8217;emplacement optimal et l&rsquo;installation finale de l&rsquo;objet, en veillant \u00e0 ce qu&rsquo;il s&rsquo;int\u00e8gre parfaitement \u00e0 votre collection existante ou \u00e0 votre d\u00e9coration d&rsquo;int\u00e9rieur. V. Authentification par un tiers :(voir lien) V\u00e9rification de l&rsquo;authenticit\u00e9 de l&rsquo;objet par un expert externe reconnu. services d&rsquo;authentification Chez De Middel, la v\u00e9rification de l&rsquo;histoire et de l&rsquo;origine d&rsquo;un objet est fondamentale dans notre processus de conservation. Chaque pi\u00e8ce propos\u00e9e est unique et nous nous engageons \u00e0 vous offrir le plus haut niveau de confiance et de transparence pour votre acquisition. I. V\u00e9rification interne et certificat d&rsquo;authenticit\u00e9 L&rsquo;authenticit\u00e9 de tous les lots est v\u00e9rifi\u00e9e par nos sp\u00e9cialistes internes. \u00c0 l&rsquo;issue de votre acquisition, vous recevrez un certificat d&rsquo;authenticit\u00e9 officiel de De Middel. Ce certificat garantit l&rsquo;origine et l&rsquo;identit\u00e9 de l&rsquo;article tel qu&rsquo;il est pr\u00e9sent\u00e9 sur notre site web, ce qui vous assure une tranquillit\u00e9 d&rsquo;esprit lors de chaque acquisition. \u200d II. Service d&rsquo;authentification tiers sur mesure Pour les clients qui exigent le plus haut niveau d&rsquo;assurance ind\u00e9pendante, nous offrons un service d\u00e9di\u00e9 \u00e0 la coordination de l&rsquo;authentification externe par un tiers : \u200d Partenaires experts : Nous travaillons avec des authentificateurs tiers r\u00e9put\u00e9s et reconnus dans le monde entier, mais nous sommes \u00e9galement heureux de travailler avec la contrepartie choisie par le client pour g\u00e9rer le processus de v\u00e9rification. \u200d Processus : Nous nous occupons de toute la logistique, de la correspondance et de la soumission de l&rsquo;objet \u00e0 l&rsquo;expert externe. \u200d Structure des frais : Le co\u00fbt total de ce service d\u00e9pend de l&rsquo;objet (par exemple, la taille, le support et l&rsquo;expert requis). De Middel facturera au client le co\u00fbt r\u00e9el des honoraires de l&rsquo;expert tiers. \u200d Frais de service : De Middel facturera des frais de service de 10 % pour couvrir l&rsquo;administration, la logistique et la gestion de ce service sp\u00e9cialis\u00e9, avec un minimum de 50 livres sterling par objet. Ces frais sont distincts des frais d&rsquo;\u00e9valuation de l&rsquo;expert tiers. SERVICES D&rsquo;EMBALLAGE DE CADEAUX Chez De Middel, la v\u00e9rification de l&rsquo;histoire et de l&rsquo;origine d&rsquo;un objet est fondamentale dans notre processus de conservation. Chaque pi\u00e8ce propos\u00e9e est unique et nous nous engageons \u00e0 vous offrir le plus haut niveau de confiance et de transparence pour votre acquisition. I. V\u00e9rification interne et certificat d&rsquo;authenticit\u00e9 L&rsquo;authenticit\u00e9 de tous les lots est v\u00e9rifi\u00e9e par nos sp\u00e9cialistes internes. \u00c0 l&rsquo;issue de votre acquisition, vous recevrez un certificat d&rsquo;authenticit\u00e9 officiel de De Middel. Ce certificat garantit l&rsquo;origine et l&rsquo;identit\u00e9 de l&rsquo;article tel qu&rsquo;il est pr\u00e9sent\u00e9 sur notre site web, ce qui vous assure une tranquillit\u00e9 d&rsquo;esprit lors de chaque acquisition. \u200d II. Service d&rsquo;authentification tiers sur mesure Pour les clients qui exigent le plus haut niveau d&rsquo;assurance ind\u00e9pendante, nous offrons un service d\u00e9di\u00e9 \u00e0 la coordination de l&rsquo;authentification externe par un tiers : Partenaires experts : Nous travaillons avec des authentificateurs tiers r\u00e9put\u00e9s et reconnus dans le monde entier, mais nous sommes \u00e9galement heureux de travailler avec la contrepartie choisie par le client pour g\u00e9rer le processus de v\u00e9rification. \u200d Processus : Nous nous chargeons de toute la logistique, de la correspondance et de la soumission de l&rsquo;objet \u00e0 l&rsquo;expert externe. \u200d Structure des frais : Le co\u00fbt total de ce service d\u00e9pend de l&rsquo;objet (par exemple, la taille, le support et l&rsquo;expert requis). De Middel facturera au client le co\u00fbt r\u00e9el des honoraires de l&rsquo;expert tiers. \u200d Frais de service : De Middel facturera des frais de service de 10 % pour couvrir l&rsquo;administration, la logistique et la gestion de ce service sp\u00e9cialis\u00e9, avec un minimum de 50 livres sterling par objet. Ces frais sont distincts des frais d&rsquo;\u00e9valuation de l&rsquo;expert tiers. \u200d<\/p>\n","protected":false},"author":1,"featured_media":0,"parent":0,"menu_order":0,"comment_status":"closed","ping_status":"closed","template":"","meta":{"_acf_changed":false,"footnotes":""},"class_list":["post-3007","page","type-page","status-publish","hentry"],"acf":[],"aioseo_notices":[],"_hostinger_reach_plugin_has_subscription_block":false,"_hostinger_reach_plugin_is_elementor":false,"_links":{"self":[{"href":"https:\/\/de-middel.com\/fr\/wp-json\/wp\/v2\/pages\/3007","targetHints":{"allow":["GET"]}}],"collection":[{"href":"https:\/\/de-middel.com\/fr\/wp-json\/wp\/v2\/pages"}],"about":[{"href":"https:\/\/de-middel.com\/fr\/wp-json\/wp\/v2\/types\/page"}],"author":[{"embeddable":true,"href":"https:\/\/de-middel.com\/fr\/wp-json\/wp\/v2\/users\/1"}],"replies":[{"embeddable":true,"href":"https:\/\/de-middel.com\/fr\/wp-json\/wp\/v2\/comments?post=3007"}],"version-history":[{"count":1,"href":"https:\/\/de-middel.com\/fr\/wp-json\/wp\/v2\/pages\/3007\/revisions"}],"predecessor-version":[{"id":3008,"href":"https:\/\/de-middel.com\/fr\/wp-json\/wp\/v2\/pages\/3007\/revisions\/3008"}],"wp:attachment":[{"href":"https:\/\/de-middel.com\/fr\/wp-json\/wp\/v2\/media?parent=3007"}],"curies":[{"name":"wp","href":"https:\/\/api.w.org\/{rel}","templated":true}]}}