{"id":3013,"date":"2025-12-17T20:09:33","date_gmt":"2025-12-17T20:09:33","guid":{"rendered":"https:\/\/de-middel.com\/viewings\/"},"modified":"2026-01-15T07:42:35","modified_gmt":"2026-01-15T07:42:35","slug":"viewings","status":"publish","type":"page","link":"https:\/\/de-middel.com\/fr\/viewings\/","title":{"rendered":"VIEWINGS"},"content":{"rendered":"\t\t<div data-elementor-type=\"wp-page\" data-elementor-id=\"3013\" class=\"elementor elementor-3013 elementor-225\" data-elementor-post-type=\"page\">\n\t\t\t\t<div class=\"elementor-element elementor-element-edb979b e-flex e-con-boxed wpr-particle-no wpr-jarallax-no wpr-parallax-no wpr-sticky-section-no e-con e-parent\" data-id=\"edb979b\" data-element_type=\"container\">\n\t\t\t\t\t<div class=\"e-con-inner\">\n\t\t\t\t<div class=\"elementor-element elementor-element-f8c9317 elementor-widget elementor-widget-heading\" data-id=\"f8c9317\" data-element_type=\"widget\" data-widget_type=\"heading.default\">\n\t\t\t\t\t<h2 class=\"elementor-heading-title elementor-size-default\">VIEWINGS<\/h2>\t\t\t\t<\/div>\n\t\t\t\t<div class=\"elementor-element elementor-element-b88e393 elementor-widget elementor-widget-text-editor\" data-id=\"b88e393\" data-element_type=\"widget\" data-widget_type=\"text-editor.default\">\n\t\t\t\t\t\t\t\t\t<div class=\"container-7 _60\"><div class=\"div-block-173\"><div class=\"text-block-72\"><div class=\"div-block-267\"><div class=\"text-block-64 blue\">Chez De Middel, nous accordons une grande importance \u00e0 l&rsquo;exp\u00e9rience directe de nos collections. Notre approche sur mesure est con\u00e7ue pour offrir un maximum de flexibilit\u00e9 et vous permettre d&rsquo;appr\u00e9cier pleinement la qualit\u00e9 unique, le savoir-faire et l&rsquo;histoire de chaque objet. Nous vous invitons chaleureusement \u00e0 prendre rendez-vous pour voir les objets en personne.  <\/div><\/div><\/div><\/div><\/div>\t\t\t\t\t\t\t\t<\/div>\n\t\t\t\t\t<\/div>\n\t\t\t\t<\/div>\n\t\t<div class=\"elementor-element elementor-element-636b7b7 e-flex e-con-boxed wpr-particle-no wpr-jarallax-no wpr-parallax-no wpr-sticky-section-no e-con e-parent\" data-id=\"636b7b7\" data-element_type=\"container\">\n\t\t\t\t\t<div class=\"e-con-inner\">\n\t\t\t\t<div class=\"elementor-element elementor-element-f51d91e elementor-widget elementor-widget-heading\" data-id=\"f51d91e\" data-element_type=\"widget\" data-widget_type=\"heading.default\">\n\t\t\t\t\t<h2 class=\"elementor-heading-title elementor-size-default\">LOGISTIQUE DE LA COLLECTE ET DE LA VISUALISATION\n<\/h2>\t\t\t\t<\/div>\n\t\t\t\t<div class=\"elementor-element elementor-element-1903657 elementor-widget elementor-widget-text-editor\" data-id=\"1903657\" data-element_type=\"widget\" data-widget_type=\"text-editor.default\">\n\t\t\t\t\t\t\t\t\t<div class=\"container-7 _60\"><div class=\"div-block-173\"><div class=\"text-block-72\"><div class=\"div-block-267\"><div class=\"text-block-64 blue\"><div class=\"container-7 _60\"><div class=\"div-block-173\"><div class=\"text-block-72\"><div class=\"div-block-268\"><div class=\"div-block-269\"><p class=\"text-block-64\">Nous g\u00e9rons notre inventaire diversifi\u00e9 sur plusieurs sites s\u00e9curis\u00e9s \u00e0 travers l&rsquo;Europe afin d&rsquo;assurer la conservation, la s\u00e9curit\u00e9 et le stockage sp\u00e9cialis\u00e9 de chaque pi\u00e8ce. Cette structure dispers\u00e9e n\u00e9cessite une approche personnalis\u00e9e de la programmation. La visite de toutes les collections, y compris les beaux-arts, les arts d\u00e9coratifs, les livres rares, la mode et les bijoux, se fait uniquement sur rendez-vous. Veuillez contacter notre studio en pr\u00e9cisant le(s) objet(s) exact(s) que vous souhaitez voir et votre lieu de r\u00e9sidence. Nous vous confirmerons la localisation europ\u00e9enne actuelle de l&rsquo;objet (qui varie selon l&rsquo;objet). Arrangement sur mesure : Nous conviendrons alors d&rsquo;une date et d&rsquo;un lieu d&rsquo;exposition, ce qui n\u00e9cessite souvent une logistique sp\u00e9cialis\u00e9e pour garantir que l&rsquo;objet est pr\u00e9sent\u00e9 dans un cadre appropri\u00e9 et s\u00e9curis\u00e9. En raison de l&#8217;emplacement unique et des exigences de manipulation de notre inventaire, nous demandons un pr\u00e9avis d&rsquo;au moins trois jours pour organiser votre rendez-vous d&rsquo;exposition.      <\/p><\/div><\/div><\/div><\/div><\/div><\/div><\/div><\/div><\/div><\/div>\t\t\t\t\t\t\t\t<\/div>\n\t\t\t\t\t<\/div>\n\t\t\t\t<\/div>\n\t\t<div class=\"elementor-element elementor-element-8c81dd5 e-flex e-con-boxed wpr-particle-no wpr-jarallax-no wpr-parallax-no wpr-sticky-section-no e-con e-parent\" data-id=\"8c81dd5\" data-element_type=\"container\">\n\t\t\t\t\t<div class=\"e-con-inner\">\n\t\t\t\t<div class=\"elementor-element elementor-element-c5f6480 elementor-widget elementor-widget-heading\" data-id=\"c5f6480\" data-element_type=\"widget\" data-widget_type=\"heading.default\">\n\t\t\t\t\t<h2 class=\"elementor-heading-title elementor-size-default\">\u00c9V\u00c9NEMENTS EXCLUSIFS DE D\u00c9COUVERTE\n<\/h2>\t\t\t\t<\/div>\n\t\t\t\t<div class=\"elementor-element elementor-element-922639b elementor-widget elementor-widget-text-editor\" data-id=\"922639b\" data-element_type=\"widget\" data-widget_type=\"text-editor.default\">\n\t\t\t\t\t\t\t\t\t<div class=\"container-7 _60\"><div class=\"div-block-173\"><div class=\"text-block-72\"><div class=\"div-block-267\"><div class=\"text-block-64 blue\"><div class=\"container-7 _60\"><div class=\"div-block-173\"><div class=\"text-block-72\"><div class=\"div-block-268\"><div class=\"div-block-269\"><div class=\"div-block-202\"><div class=\"viewings-and-returnings-div\"><div class=\"div-block-204\"><div class=\"text-block-64 w-richtext\"><p>Nous croyons qu&rsquo;il est important de favoriser les relations directes avec nos collectionneurs et de pr\u00e9senter nos collections dans des cadres intimistes :<\/p><ul role=\"list\"><li>Sur invitation uniquement : Nous organisons r\u00e9guli\u00e8rement des \u00e9v\u00e9nements de d\u00e9couverte exclusifs au Royaume-Uni et en Europe pour nos collectionneurs enregistr\u00e9s.<\/li><li>Foires sp\u00e9cialis\u00e9es : Nous participons \u00e9galement \u00e0 des foires sp\u00e9cialis\u00e9es s\u00e9lectionn\u00e9es tout au long de l&rsquo;ann\u00e9e.<\/li><li>Nos rencontres uniques \u00e0 domicile : Nous organisons de temps \u00e0 autre nos \u00ab\u00a0Home Gatherings\u00a0\u00bb, qui constituent un environnement intime et unique pour d\u00e9couvrir de pr\u00e8s notre philosophie de conservation.<\/li><\/ul><p>Veuillez contacter notre studio pour vous assurer que vous \u00eates bien inscrit pour recevoir des invitations \u00e0 ces \u00e9v\u00e9nements.<\/p><\/div><\/div><\/div><\/div><div class=\"footer-v5\"><div class=\"div-block-256\"> <\/div><\/div><\/div><\/div><\/div><\/div><\/div><\/div><\/div><\/div><\/div><\/div>\t\t\t\t\t\t\t\t<\/div>\n\t\t\t\t\t<\/div>\n\t\t\t\t<\/div>\n\t\t\t\t<\/div>\n\t\t","protected":false},"excerpt":{"rendered":"<p>VIEWINGS Chez De Middel, nous accordons une grande importance \u00e0 l&rsquo;exp\u00e9rience directe de nos collections. Notre approche sur mesure est con\u00e7ue pour offrir un maximum de flexibilit\u00e9 et vous permettre d&rsquo;appr\u00e9cier pleinement la qualit\u00e9 unique, le savoir-faire et l&rsquo;histoire de chaque objet. Nous vous invitons chaleureusement \u00e0 prendre rendez-vous pour voir les objets en personne. LOGISTIQUE DE LA COLLECTE ET DE LA VISUALISATION Nous g\u00e9rons notre inventaire diversifi\u00e9 sur plusieurs sites s\u00e9curis\u00e9s \u00e0 travers l&rsquo;Europe afin d&rsquo;assurer la conservation, la s\u00e9curit\u00e9 et le stockage sp\u00e9cialis\u00e9 de chaque pi\u00e8ce. Cette structure dispers\u00e9e n\u00e9cessite une approche personnalis\u00e9e de la programmation. La visite de toutes les collections, y compris les beaux-arts, les arts d\u00e9coratifs, les livres rares, la mode et les bijoux, se fait uniquement sur rendez-vous. Veuillez contacter notre studio en pr\u00e9cisant le(s) objet(s) exact(s) que vous souhaitez voir et votre lieu de r\u00e9sidence. Nous vous confirmerons la localisation europ\u00e9enne actuelle de l&rsquo;objet (qui varie selon l&rsquo;objet). Arrangement sur mesure : Nous conviendrons alors d&rsquo;une date et d&rsquo;un lieu d&rsquo;exposition, ce qui n\u00e9cessite souvent une logistique sp\u00e9cialis\u00e9e pour garantir que l&rsquo;objet est pr\u00e9sent\u00e9 dans un cadre appropri\u00e9 et s\u00e9curis\u00e9. En raison de l&#8217;emplacement unique et des exigences de manipulation de notre inventaire, nous demandons un pr\u00e9avis d&rsquo;au moins trois jours pour organiser votre rendez-vous d&rsquo;exposition. \u00c9V\u00c9NEMENTS EXCLUSIFS DE D\u00c9COUVERTE Nous croyons qu&rsquo;il est important de favoriser les relations directes avec nos collectionneurs et de pr\u00e9senter nos collections dans des cadres intimistes : Sur invitation uniquement : Nous organisons r\u00e9guli\u00e8rement des \u00e9v\u00e9nements de d\u00e9couverte exclusifs au Royaume-Uni et en Europe pour nos collectionneurs enregistr\u00e9s. Foires sp\u00e9cialis\u00e9es : Nous participons \u00e9galement \u00e0 des foires sp\u00e9cialis\u00e9es s\u00e9lectionn\u00e9es tout au long de l&rsquo;ann\u00e9e. Nos rencontres uniques \u00e0 domicile : Nous organisons de temps \u00e0 autre nos \u00ab\u00a0Home Gatherings\u00a0\u00bb, qui constituent un environnement intime et unique pour d\u00e9couvrir de pr\u00e8s notre philosophie de conservation. Veuillez contacter notre studio pour vous assurer que vous \u00eates bien inscrit pour recevoir des invitations \u00e0 ces \u00e9v\u00e9nements.<\/p>\n","protected":false},"author":1,"featured_media":0,"parent":0,"menu_order":0,"comment_status":"closed","ping_status":"closed","template":"","meta":{"_acf_changed":false,"footnotes":""},"class_list":["post-3013","page","type-page","status-publish","hentry"],"acf":[],"aioseo_notices":[],"_hostinger_reach_plugin_has_subscription_block":false,"_hostinger_reach_plugin_is_elementor":false,"_links":{"self":[{"href":"https:\/\/de-middel.com\/fr\/wp-json\/wp\/v2\/pages\/3013","targetHints":{"allow":["GET"]}}],"collection":[{"href":"https:\/\/de-middel.com\/fr\/wp-json\/wp\/v2\/pages"}],"about":[{"href":"https:\/\/de-middel.com\/fr\/wp-json\/wp\/v2\/types\/page"}],"author":[{"embeddable":true,"href":"https:\/\/de-middel.com\/fr\/wp-json\/wp\/v2\/users\/1"}],"replies":[{"embeddable":true,"href":"https:\/\/de-middel.com\/fr\/wp-json\/wp\/v2\/comments?post=3013"}],"version-history":[{"count":1,"href":"https:\/\/de-middel.com\/fr\/wp-json\/wp\/v2\/pages\/3013\/revisions"}],"predecessor-version":[{"id":3014,"href":"https:\/\/de-middel.com\/fr\/wp-json\/wp\/v2\/pages\/3013\/revisions\/3014"}],"wp:attachment":[{"href":"https:\/\/de-middel.com\/fr\/wp-json\/wp\/v2\/media?parent=3013"}],"curies":[{"name":"wp","href":"https:\/\/api.w.org\/{rel}","templated":true}]}}