{"id":3019,"date":"2025-12-17T20:58:56","date_gmt":"2025-12-17T20:58:56","guid":{"rendered":"https:\/\/de-middel.com\/avis-juridique\/"},"modified":"2026-01-15T07:43:00","modified_gmt":"2026-01-15T07:43:00","slug":"avis-juridique","status":"publish","type":"page","link":"https:\/\/de-middel.com\/fr\/avis-juridique\/","title":{"rendered":"AVIS JURIDIQUE"},"content":{"rendered":"\t\t<div data-elementor-type=\"wp-page\" data-elementor-id=\"3019\" class=\"elementor elementor-3019 elementor-265\" data-elementor-post-type=\"page\">\n\t\t\t\t<div class=\"elementor-element elementor-element-d8c6a12 services e-flex e-con-boxed wpr-particle-no wpr-jarallax-no wpr-parallax-no wpr-sticky-section-no e-con e-parent\" data-id=\"d8c6a12\" data-element_type=\"container\">\n\t\t\t\t\t<div class=\"e-con-inner\">\n\t\t\t\t<div class=\"elementor-element elementor-element-73743e3 elementor-widget elementor-widget-heading\" data-id=\"73743e3\" data-element_type=\"widget\" data-widget_type=\"heading.default\">\n\t\t\t\t\t<h2 class=\"elementor-heading-title elementor-size-default\">AVIS JURIDIQUE\n<\/h2>\t\t\t\t<\/div>\n\t\t\t\t<div class=\"elementor-element elementor-element-1b5475d elementor-widget elementor-widget-heading\" data-id=\"1b5475d\" data-element_type=\"widget\" data-widget_type=\"heading.default\">\n\t\t\t\t\t<h2 class=\"elementor-heading-title elementor-size-default\">I.\u00c9DITEUR &amp; OP\u00c9RATEUR<\/h2>\t\t\t\t<\/div>\n\t\t\t\t<div class=\"elementor-element elementor-element-04596bd elementor-widget elementor-widget-text-editor\" data-id=\"04596bd\" data-element_type=\"widget\" data-widget_type=\"text-editor.default\">\n\t\t\t\t\t\t\t\t\t<p>Ce site web et la marque De Middel sont d\u00e9tenus et exploit\u00e9s par : Axolotles Ltd<\/p>\t\t\t\t\t\t\t\t<\/div>\n\t\t\t\t<div class=\"elementor-element elementor-element-e010d65 elementor-widget elementor-widget-heading\" data-id=\"e010d65\" data-element_type=\"widget\" data-widget_type=\"heading.default\">\n\t\t\t\t\t<h2 class=\"elementor-heading-title elementor-size-default\">II. Si\u00e8ge social et contact<\/h2>\t\t\t\t<\/div>\n\t\t\t\t<div class=\"elementor-element elementor-element-9ccde7d elementor-widget elementor-widget-text-editor\" data-id=\"9ccde7d\" data-element_type=\"widget\" data-widget_type=\"text-editor.default\">\n\t\t\t\t\t\t\t\t\tAdresse de l&rsquo;entreprise : 209 Fulham Road, London SW10 9PJ, United Kingdom<br>Contact Email : studio@de-middel.com<br>Contact Phone : +44 7481028 429\n<br>Num\u00e9ro d&rsquo;enregistrement de la soci\u00e9t\u00e9 : 11420111\t\t\t\t\t\t\t\t<\/div>\n\t\t\t\t<div class=\"elementor-element elementor-element-678014b elementor-widget elementor-widget-heading\" data-id=\"678014b\" data-element_type=\"widget\" data-widget_type=\"heading.default\">\n\t\t\t\t\t<h2 class=\"elementor-heading-title elementor-size-default\">III.Informations g\u00e9n\u00e9rales<\/h2>\t\t\t\t<\/div>\n\t\t\t\t<div class=\"elementor-element elementor-element-e0e307e elementor-widget elementor-widget-text-editor\" data-id=\"e0e307e\" data-element_type=\"widget\" data-widget_type=\"text-editor.default\">\n\t\t\t\t\t\t\t\t\t<p>Ce site web et la marque De Middel sont d\u00e9tenus et exploit\u00e9s par : Axolotles Ltd<\/p>\t\t\t\t\t\t\t\t<\/div>\n\t\t\t\t\t<\/div>\n\t\t\t\t<\/div>\n\t\t\t\t<\/div>\n\t\t","protected":false},"excerpt":{"rendered":"<p>AVIS JURIDIQUE I.\u00c9DITEUR &amp; OP\u00c9RATEUR Ce site web et la marque De Middel sont d\u00e9tenus et exploit\u00e9s par : Axolotles Ltd II. Si\u00e8ge social et contact Adresse de l&rsquo;entreprise : 209 Fulham Road, London SW10 9PJ, United KingdomContact Email : studio@de-middel.comContact Phone : +44 7481028 429 Num\u00e9ro d&rsquo;enregistrement de la soci\u00e9t\u00e9 : 11420111 III.Informations g\u00e9n\u00e9rales Ce site web et la marque De Middel sont d\u00e9tenus et exploit\u00e9s par : Axolotles Ltd<\/p>\n","protected":false},"author":1,"featured_media":0,"parent":0,"menu_order":0,"comment_status":"closed","ping_status":"closed","template":"","meta":{"_acf_changed":false,"footnotes":""},"class_list":["post-3019","page","type-page","status-publish","hentry"],"acf":[],"aioseo_notices":[],"_hostinger_reach_plugin_has_subscription_block":false,"_hostinger_reach_plugin_is_elementor":false,"_links":{"self":[{"href":"https:\/\/de-middel.com\/fr\/wp-json\/wp\/v2\/pages\/3019","targetHints":{"allow":["GET"]}}],"collection":[{"href":"https:\/\/de-middel.com\/fr\/wp-json\/wp\/v2\/pages"}],"about":[{"href":"https:\/\/de-middel.com\/fr\/wp-json\/wp\/v2\/types\/page"}],"author":[{"embeddable":true,"href":"https:\/\/de-middel.com\/fr\/wp-json\/wp\/v2\/users\/1"}],"replies":[{"embeddable":true,"href":"https:\/\/de-middel.com\/fr\/wp-json\/wp\/v2\/comments?post=3019"}],"version-history":[{"count":1,"href":"https:\/\/de-middel.com\/fr\/wp-json\/wp\/v2\/pages\/3019\/revisions"}],"predecessor-version":[{"id":3020,"href":"https:\/\/de-middel.com\/fr\/wp-json\/wp\/v2\/pages\/3019\/revisions\/3020"}],"wp:attachment":[{"href":"https:\/\/de-middel.com\/fr\/wp-json\/wp\/v2\/media?parent=3019"}],"curies":[{"name":"wp","href":"https:\/\/api.w.org\/{rel}","templated":true}]}}