{"id":2699,"date":"2025-12-19T12:52:34","date_gmt":"2025-12-19T12:52:34","guid":{"rendered":"https:\/\/de-middel.com\/product\/ensemble-de-sculptures-lumineuses-rochers-signees-et-illuminees\/"},"modified":"2025-12-19T12:52:34","modified_gmt":"2025-12-19T12:52:34","slug":"ensemble-de-sculptures-lumineuses-rochers-signees-et-illuminees","status":"publish","type":"product","link":"https:\/\/de-middel.com\/fr\/produit\/ensemble-de-sculptures-lumineuses-rochers-signees-et-illuminees\/","title":{"rendered":"Ensemble de sculptures lumineuses \u00ab\u00a0Rochers\u00a0\u00bb, sign\u00e9es et illumin\u00e9es"},"content":{"rendered":"<p>Un ensemble de quatre grandes sculptures lumineuses de forme organique, connues sous le nom de \u00ab\u00a0Rochers\u00a0\u00bb, con\u00e7ues par Arik Levy et produites par SERRALUNGA (\u00e9diteur). Les pi\u00e8ces sont fabriqu\u00e9es \u00e0 partir de plastique durable, con\u00e7u pour \u00eatre utilis\u00e9 \u00e0 l&rsquo;int\u00e9rieur comme \u00e0 l&rsquo;ext\u00e9rieur. Elles pr\u00e9sentent une forme abstraite de roche et sont sign\u00e9es individuellement par le designer.  <\/p>\n","protected":false},"excerpt":{"rendered":"<p>Un ensemble de quatre grandes sculptures lumineuses de forme organique, connues sous le nom de \u00ab\u00a0Rochers\u00a0\u00bb, con\u00e7ues par Arik Levy et produites par SERRALUNGA (\u00e9diteur). Les pi\u00e8ces sont fabriqu\u00e9es \u00e0 partir de plastique durable, con\u00e7u pour \u00eatre utilis\u00e9 \u00e0 l&rsquo;int\u00e9rieur comme \u00e0 l&rsquo;ext\u00e9rieur. Elles pr\u00e9sentent une forme abstraite de roche et sont sign\u00e9es individuellement par le designer.  <\/p>\n","protected":false},"featured_media":639,"template":"","meta":{"_acf_changed":false},"product_brand":[125],"product_cat":[342,339,345,346],"product_tag":[],"class_list":{"0":"post-2699","1":"product","2":"type-product","3":"status-publish","4":"has-post-thumbnail","6":"product_brand-arik-levy-serralunga","7":"product_cat-eclairage","8":"product_cat-interieur","9":"product_cat-sieges","10":"product_cat-tableaux","11":"pa_collection-arts-decoratifs","12":"pa_color-blanc","14":"first","15":"instock","16":"shipping-taxable","17":"purchasable","18":"product-type-simple"},"acf":[],"aioseo_notices":[],"_links":{"self":[{"href":"https:\/\/de-middel.com\/fr\/wp-json\/wp\/v2\/product\/2699","targetHints":{"allow":["GET"]}}],"collection":[{"href":"https:\/\/de-middel.com\/fr\/wp-json\/wp\/v2\/product"}],"about":[{"href":"https:\/\/de-middel.com\/fr\/wp-json\/wp\/v2\/types\/product"}],"wp:featuredmedia":[{"embeddable":true,"href":"https:\/\/de-middel.com\/fr\/wp-json\/wp\/v2\/media\/639"}],"wp:attachment":[{"href":"https:\/\/de-middel.com\/fr\/wp-json\/wp\/v2\/media?parent=2699"}],"wp:term":[{"taxonomy":"product_brand","embeddable":true,"href":"https:\/\/de-middel.com\/fr\/wp-json\/wp\/v2\/product_brand?post=2699"},{"taxonomy":"product_cat","embeddable":true,"href":"https:\/\/de-middel.com\/fr\/wp-json\/wp\/v2\/product_cat?post=2699"},{"taxonomy":"product_tag","embeddable":true,"href":"https:\/\/de-middel.com\/fr\/wp-json\/wp\/v2\/product_tag?post=2699"}],"curies":[{"name":"wp","href":"https:\/\/api.w.org\/{rel}","templated":true}]}}