{"id":2711,"date":"2025-12-19T12:29:11","date_gmt":"2025-12-19T12:29:11","guid":{"rendered":"https:\/\/de-middel.com\/product\/applique-capricornio-de-1973\/"},"modified":"2025-12-19T12:29:11","modified_gmt":"2025-12-19T12:29:11","slug":"applique-capricornio-de-1973","status":"publish","type":"product","link":"https:\/\/de-middel.com\/fr\/produit\/applique-capricornio-de-1973\/","title":{"rendered":"Applique \u00ab\u00a0Capricornio\u00a0\u00bb de 1973"},"content":{"rendered":"<p>La lampe polyvalente \u00ab\u00a0Capricorno\u00a0\u00bb, con\u00e7ue par Afra et Tobia Scarpa pour Flos en 1973. Ce luminaire peut \u00eatre utilis\u00e9 comme applique murale ou plafonnier et se caract\u00e9rise par ses r\u00e9flecteurs en m\u00e9tal laqu\u00e9 r\u00e9glables et ses d\u00e9tails en plastique. Le design incarne parfaitement la ma\u00eetrise de Scarpa en mati\u00e8re de design industriel fonctionnel et esth\u00e9tique.  <\/p>\n","protected":false},"excerpt":{"rendered":"<p>La lampe polyvalente \u00ab\u00a0Capricorno\u00a0\u00bb, con\u00e7ue par Afra et Tobia Scarpa pour Flos en 1973. Ce luminaire peut \u00eatre utilis\u00e9 comme applique murale ou plafonnier et se caract\u00e9rise par ses r\u00e9flecteurs en m\u00e9tal laqu\u00e9 r\u00e9glables et ses d\u00e9tails en plastique. Le design incarne parfaitement la ma\u00eetrise de Scarpa en mati\u00e8re de design industriel fonctionnel et esth\u00e9tique.  <\/p>\n","protected":false},"featured_media":623,"template":"","meta":{"_acf_changed":false},"product_brand":[117],"product_cat":[355,342,339,354],"product_tag":[],"class_list":{"0":"post-2711","1":"product","2":"type-product","3":"status-publish","4":"has-post-thumbnail","6":"product_brand-afra-e-tobia-scarpa","7":"product_cat-applique-murale","8":"product_cat-eclairage","9":"product_cat-interieur","10":"product_cat-plafonniers","11":"pa_collection-arts-decoratifs","12":"pa_color-blanc","14":"first","15":"instock","16":"shipping-taxable","17":"purchasable","18":"product-type-simple"},"acf":[],"aioseo_notices":[],"_links":{"self":[{"href":"https:\/\/de-middel.com\/fr\/wp-json\/wp\/v2\/product\/2711","targetHints":{"allow":["GET"]}}],"collection":[{"href":"https:\/\/de-middel.com\/fr\/wp-json\/wp\/v2\/product"}],"about":[{"href":"https:\/\/de-middel.com\/fr\/wp-json\/wp\/v2\/types\/product"}],"wp:featuredmedia":[{"embeddable":true,"href":"https:\/\/de-middel.com\/fr\/wp-json\/wp\/v2\/media\/623"}],"wp:attachment":[{"href":"https:\/\/de-middel.com\/fr\/wp-json\/wp\/v2\/media?parent=2711"}],"wp:term":[{"taxonomy":"product_brand","embeddable":true,"href":"https:\/\/de-middel.com\/fr\/wp-json\/wp\/v2\/product_brand?post=2711"},{"taxonomy":"product_cat","embeddable":true,"href":"https:\/\/de-middel.com\/fr\/wp-json\/wp\/v2\/product_cat?post=2711"},{"taxonomy":"product_tag","embeddable":true,"href":"https:\/\/de-middel.com\/fr\/wp-json\/wp\/v2\/product_tag?post=2711"}],"curies":[{"name":"wp","href":"https:\/\/api.w.org\/{rel}","templated":true}]}}