{"id":2744,"date":"2025-12-19T13:29:21","date_gmt":"2025-12-19T13:29:21","guid":{"rendered":"https:\/\/de-middel.com\/product\/sac-engrenage-annees-1950\/"},"modified":"2025-12-19T13:29:21","modified_gmt":"2025-12-19T13:29:21","slug":"sac-engrenage-annees-1950","status":"publish","type":"product","link":"https:\/\/de-middel.com\/fr\/produit\/sac-engrenage-annees-1950\/","title":{"rendered":"Sac \u00ab&nbsp;Engrenage&nbsp;\u00bb, ann\u00e9es&nbsp;1950"},"content":{"rendered":"<p>Un sac \u00e0 main Herm\u00e8s classique et \u00e9l\u00e9gant pour dames du d\u00e9but des ann\u00e9es&nbsp;1950, connu sous le nom de mod\u00e8le \u00ab&nbsp;Engrenage&nbsp;\u00bb. Il est habilement fabriqu\u00e9 en cuir noir lisse (g\u00e9n\u00e9ralement en Box Calf) et rehauss\u00e9 d&rsquo;accessoires raffin\u00e9s dor\u00e9s. Cette pi\u00e8ce vintage incarne une sophistication intemporelle, avec une silhouette raffin\u00e9e et structur\u00e9e et une poign\u00e9e sup\u00e9rieure. C&rsquo;est un objet de collection tr\u00e8s convoit\u00e9 et un exemple embl\u00e9matique du luxe du patrimoine fran\u00e7ais du milieu du si\u00e8cle.   <\/p>\n","protected":false},"excerpt":{"rendered":"<p>Un sac \u00e0 main Herm\u00e8s classique et \u00e9l\u00e9gant pour dames du d\u00e9but des ann\u00e9es&nbsp;1950, connu sous le nom de mod\u00e8le \u00ab&nbsp;Engrenage&nbsp;\u00bb. Il est habilement fabriqu\u00e9 en cuir noir lisse (g\u00e9n\u00e9ralement en Box Calf) et rehauss\u00e9 d&rsquo;accessoires raffin\u00e9s dor\u00e9s. Cette pi\u00e8ce vintage incarne une sophistication intemporelle, avec une silhouette raffin\u00e9e et structur\u00e9e et une poign\u00e9e sup\u00e9rieure. C&rsquo;est un objet de collection tr\u00e8s convoit\u00e9 et un exemple embl\u00e9matique du luxe du patrimoine fran\u00e7ais du milieu du si\u00e8cle.   <\/p>\n","protected":false},"featured_media":664,"template":"","meta":{"_acf_changed":false},"product_brand":[144],"product_cat":[359,361,360],"product_tag":[],"class_list":{"0":"post-2744","1":"product","2":"type-product","3":"status-publish","4":"has-post-thumbnail","6":"product_brand-hermes","7":"product_cat-mode","8":"product_cat-sacs-a-main-et-cabas","9":"product_cat-sacs-et-bagages","10":"pa_collection-mode","11":"pa_color-dore","12":"pa_color-noir","14":"first","15":"instock","16":"shipping-taxable","17":"purchasable","18":"product-type-simple"},"acf":[],"aioseo_notices":[],"_links":{"self":[{"href":"https:\/\/de-middel.com\/fr\/wp-json\/wp\/v2\/product\/2744","targetHints":{"allow":["GET"]}}],"collection":[{"href":"https:\/\/de-middel.com\/fr\/wp-json\/wp\/v2\/product"}],"about":[{"href":"https:\/\/de-middel.com\/fr\/wp-json\/wp\/v2\/types\/product"}],"wp:featuredmedia":[{"embeddable":true,"href":"https:\/\/de-middel.com\/fr\/wp-json\/wp\/v2\/media\/664"}],"wp:attachment":[{"href":"https:\/\/de-middel.com\/fr\/wp-json\/wp\/v2\/media?parent=2744"}],"wp:term":[{"taxonomy":"product_brand","embeddable":true,"href":"https:\/\/de-middel.com\/fr\/wp-json\/wp\/v2\/product_brand?post=2744"},{"taxonomy":"product_cat","embeddable":true,"href":"https:\/\/de-middel.com\/fr\/wp-json\/wp\/v2\/product_cat?post=2744"},{"taxonomy":"product_tag","embeddable":true,"href":"https:\/\/de-middel.com\/fr\/wp-json\/wp\/v2\/product_tag?post=2744"}],"curies":[{"name":"wp","href":"https:\/\/api.w.org\/{rel}","templated":true}]}}