{"id":2752,"date":"2025-12-19T12:42:53","date_gmt":"2025-12-19T12:42:53","guid":{"rendered":"https:\/\/de-middel.com\/product\/modele-ls-120-des-annees-1960\/"},"modified":"2025-12-19T12:42:53","modified_gmt":"2025-12-19T12:42:53","slug":"modele-ls-120-des-annees-1960","status":"publish","type":"product","link":"https:\/\/de-middel.com\/fr\/produit\/modele-ls-120-des-annees-1960\/","title":{"rendered":"Mod\u00e8le \u00ab LS-120 \u00bb des ann\u00e9es 1960"},"content":{"rendered":"<p>Magnifique et rare suspension moderne du milieu du si\u00e8cle, le lustre LS-120, con\u00e7u par Carlo Nason pour Mazzega \u00e0 Murano, en Italie, vers 1960. Il s&rsquo;agit de la grande version \u00e0 quatre \u00e9l\u00e9ments empil\u00e9s (contrairement \u00e0 la version plus petite \u00e0 trois niveaux). Il est fabriqu\u00e9 \u00e0 partir de verre Pulegoso \u00e9pais et textur\u00e9, connu pour sa texture opaque due \u00e0 des bulles d&rsquo;air internes contr\u00f4l\u00e9es.  <\/p>\n","protected":false},"excerpt":{"rendered":"<p>Magnifique et rare suspension moderne du milieu du si\u00e8cle, le lustre LS-120, con\u00e7u par Carlo Nason pour Mazzega \u00e0 Murano, en Italie, vers 1960. Il s&rsquo;agit de la grande version \u00e0 quatre \u00e9l\u00e9ments empil\u00e9s (contrairement \u00e0 la version plus petite \u00e0 trois niveaux). Il est fabriqu\u00e9 \u00e0 partir de verre Pulegoso \u00e9pais et textur\u00e9, connu pour sa texture opaque due \u00e0 des bulles d&rsquo;air internes contr\u00f4l\u00e9es.  <\/p>\n","protected":false},"featured_media":633,"template":"","meta":{"_acf_changed":false},"product_brand":[122],"product_cat":[342,339,354],"product_tag":[],"class_list":{"0":"post-2752","1":"product","2":"type-product","3":"status-publish","4":"has-post-thumbnail","6":"product_brand-carlo-nason","7":"product_cat-eclairage","8":"product_cat-interieur","9":"product_cat-plafonniers","10":"pa_collection-arts-decoratifs","11":"pa_color-blanc","13":"first","14":"instock","15":"shipping-taxable","16":"purchasable","17":"product-type-simple"},"acf":[],"aioseo_notices":[],"_links":{"self":[{"href":"https:\/\/de-middel.com\/fr\/wp-json\/wp\/v2\/product\/2752","targetHints":{"allow":["GET"]}}],"collection":[{"href":"https:\/\/de-middel.com\/fr\/wp-json\/wp\/v2\/product"}],"about":[{"href":"https:\/\/de-middel.com\/fr\/wp-json\/wp\/v2\/types\/product"}],"wp:featuredmedia":[{"embeddable":true,"href":"https:\/\/de-middel.com\/fr\/wp-json\/wp\/v2\/media\/633"}],"wp:attachment":[{"href":"https:\/\/de-middel.com\/fr\/wp-json\/wp\/v2\/media?parent=2752"}],"wp:term":[{"taxonomy":"product_brand","embeddable":true,"href":"https:\/\/de-middel.com\/fr\/wp-json\/wp\/v2\/product_brand?post=2752"},{"taxonomy":"product_cat","embeddable":true,"href":"https:\/\/de-middel.com\/fr\/wp-json\/wp\/v2\/product_cat?post=2752"},{"taxonomy":"product_tag","embeddable":true,"href":"https:\/\/de-middel.com\/fr\/wp-json\/wp\/v2\/product_tag?post=2752"}],"curies":[{"name":"wp","href":"https:\/\/api.w.org\/{rel}","templated":true}]}}