{"id":2753,"date":"2025-12-19T13:21:52","date_gmt":"2025-12-19T13:21:52","guid":{"rendered":"https:\/\/de-middel.com\/product\/nappe-de-restaurant-encadree\/"},"modified":"2025-12-19T13:21:52","modified_gmt":"2025-12-19T13:21:52","slug":"nappe-de-restaurant-encadree","status":"publish","type":"product","link":"https:\/\/de-middel.com\/fr\/produit\/nappe-de-restaurant-encadree\/","title":{"rendered":"Nappe de restaurant encadr\u00e9e"},"content":{"rendered":"<p>Rare fragment de nappe en papier encadr\u00e9 et hautement collectionnable de Jean Cocteau, cr\u00e9\u00e9 en 1947. Cette pi\u00e8ce exceptionnelle a \u00e9t\u00e9 expos\u00e9e la m\u00eame ann\u00e9e \u00e0 la galerie Paul Morihien au Palais-Royal \u00e0 Paris, dans le cadre de la c\u00e9l\u00e8bre \u00ab&nbsp;Exposition de Nappes de Restaurant&nbsp;\u00bb. Cocteau utilisait des nappes en papier coup\u00e9es et dessin\u00e9es lors de repas intimes avec des personnalit\u00e9s culturelles comme Picasso, Giacometti et Dora Maar. Ce fragment est un exemple poignant de la capacit\u00e9 de Cocteau \u00e0 transformer l&rsquo;\u00e9ph\u00e9m\u00e8re en art   <\/p>\n","protected":false},"excerpt":{"rendered":"<p>Rare fragment de nappe en papier encadr\u00e9 et hautement collectionnable de Jean Cocteau, cr\u00e9\u00e9 en 1947. Cette pi\u00e8ce exceptionnelle a \u00e9t\u00e9 expos\u00e9e la m\u00eame ann\u00e9e \u00e0 la galerie Paul Morihien au Palais-Royal \u00e0 Paris, dans le cadre de la c\u00e9l\u00e8bre \u00ab&nbsp;Exposition de Nappes de Restaurant&nbsp;\u00bb. Cocteau utilisait des nappes en papier coup\u00e9es et dessin\u00e9es lors de repas intimes avec des personnalit\u00e9s culturelles comme Picasso, Giacometti et Dora Maar. Ce fragment est un exemple poignant de la capacit\u00e9 de Cocteau \u00e0 transformer l&rsquo;\u00e9ph\u00e9m\u00e8re en art   <\/p>\n","protected":false},"featured_media":658,"template":"","meta":{"_acf_changed":false},"product_brand":[142],"product_cat":[371,370],"product_tag":[],"class_list":{"0":"post-2753","1":"product","2":"type-product","3":"status-publish","4":"has-post-thumbnail","6":"product_brand-jean-cocteau","7":"product_cat-autres-medias","8":"product_cat-beaux-arts","9":"pa_collection-beaux-arts","10":"pa_color-marron","11":"pa_color-noir","13":"first","14":"instock","15":"shipping-taxable","16":"purchasable","17":"product-type-simple"},"acf":[],"aioseo_notices":[],"_links":{"self":[{"href":"https:\/\/de-middel.com\/fr\/wp-json\/wp\/v2\/product\/2753","targetHints":{"allow":["GET"]}}],"collection":[{"href":"https:\/\/de-middel.com\/fr\/wp-json\/wp\/v2\/product"}],"about":[{"href":"https:\/\/de-middel.com\/fr\/wp-json\/wp\/v2\/types\/product"}],"wp:featuredmedia":[{"embeddable":true,"href":"https:\/\/de-middel.com\/fr\/wp-json\/wp\/v2\/media\/658"}],"wp:attachment":[{"href":"https:\/\/de-middel.com\/fr\/wp-json\/wp\/v2\/media?parent=2753"}],"wp:term":[{"taxonomy":"product_brand","embeddable":true,"href":"https:\/\/de-middel.com\/fr\/wp-json\/wp\/v2\/product_brand?post=2753"},{"taxonomy":"product_cat","embeddable":true,"href":"https:\/\/de-middel.com\/fr\/wp-json\/wp\/v2\/product_cat?post=2753"},{"taxonomy":"product_tag","embeddable":true,"href":"https:\/\/de-middel.com\/fr\/wp-json\/wp\/v2\/product_tag?post=2753"}],"curies":[{"name":"wp","href":"https:\/\/api.w.org\/{rel}","templated":true}]}}