{"id":2756,"date":"2025-12-19T11:40:15","date_gmt":"2025-12-19T11:40:15","guid":{"rendered":"https:\/\/de-middel.com\/product\/bol-lotus-kangxi\/"},"modified":"2025-12-19T11:40:15","modified_gmt":"2025-12-19T11:40:15","slug":"bol-lotus-kangxi","status":"publish","type":"product","link":"https:\/\/de-middel.com\/fr\/produit\/bol-lotus-kangxi\/","title":{"rendered":"BOL LOTUS KANGXI"},"content":{"rendered":"<p>UN BOL LOTUS EN PORCELAINE CHINOISE INSOLITE DU XIXE SI\u00c8CLE portant des marques Kangxi \u00e0 la base, de FORME naturaliste, recouvert de poissons. 25 cm x 16 cm. Grande pi\u00e8ce d&rsquo;eau int\u00e9rieure vintage, bol \u00e0 poissons en c\u00e9ramique chinoise ou lave-lotus d\u00e9coratif.  <\/p>\n","protected":false},"excerpt":{"rendered":"<p>UN BOL LOTUS EN PORCELAINE CHINOISE INSOLITE DU XIXE SI\u00c8CLE portant des marques Kangxi \u00e0 la base, de FORME naturaliste, recouvert de poissons. 25 cm x 16 cm. Grande pi\u00e8ce d&rsquo;eau int\u00e9rieure vintage, bol \u00e0 poissons en c\u00e9ramique chinoise ou lave-lotus d\u00e9coratif.  <\/p>\n","protected":false},"featured_media":619,"template":"","meta":{"_acf_changed":false},"product_brand":[113],"product_cat":[339,343,373],"product_tag":[],"class_list":{"0":"post-2756","1":"product","2":"type-product","3":"status-publish","4":"has-post-thumbnail","6":"product_brand-xix-century-chinese","7":"product_cat-interieur","8":"product_cat-objets-dart","9":"product_cat-porcelaine-et-ceramique","10":"pa_collection-arts-decoratifs","11":"pa_color-bleu","12":"pa_color-rose","13":"pa_color-vert","15":"first","16":"instock","17":"shipping-taxable","18":"purchasable","19":"product-type-simple"},"acf":[],"aioseo_notices":[],"_links":{"self":[{"href":"https:\/\/de-middel.com\/fr\/wp-json\/wp\/v2\/product\/2756","targetHints":{"allow":["GET"]}}],"collection":[{"href":"https:\/\/de-middel.com\/fr\/wp-json\/wp\/v2\/product"}],"about":[{"href":"https:\/\/de-middel.com\/fr\/wp-json\/wp\/v2\/types\/product"}],"wp:featuredmedia":[{"embeddable":true,"href":"https:\/\/de-middel.com\/fr\/wp-json\/wp\/v2\/media\/619"}],"wp:attachment":[{"href":"https:\/\/de-middel.com\/fr\/wp-json\/wp\/v2\/media?parent=2756"}],"wp:term":[{"taxonomy":"product_brand","embeddable":true,"href":"https:\/\/de-middel.com\/fr\/wp-json\/wp\/v2\/product_brand?post=2756"},{"taxonomy":"product_cat","embeddable":true,"href":"https:\/\/de-middel.com\/fr\/wp-json\/wp\/v2\/product_cat?post=2756"},{"taxonomy":"product_tag","embeddable":true,"href":"https:\/\/de-middel.com\/fr\/wp-json\/wp\/v2\/product_tag?post=2756"}],"curies":[{"name":"wp","href":"https:\/\/api.w.org\/{rel}","templated":true}]}}