{"id":2765,"date":"2025-12-19T12:45:16","date_gmt":"2025-12-19T12:45:16","guid":{"rendered":"https:\/\/de-middel.com\/product\/table-brazil-de-1981\/"},"modified":"2025-12-19T12:45:16","modified_gmt":"2025-12-19T12:45:16","slug":"table-brazil-de-1981","status":"publish","type":"product","link":"https:\/\/de-middel.com\/fr\/produit\/table-brazil-de-1981\/","title":{"rendered":"Table \u00ab&nbsp;Brazil&nbsp;\u00bb de 1981"},"content":{"rendered":"<p>Con\u00e7ue en 1981 par Peter Shire pour la marque italienne embl\u00e9matique Memphis Milano, la table \u00ab&nbsp;Brazil&nbsp;\u00bb est un exemple frappant de design postmoderne radical. Avec sa silhouette asym\u00e9trique audacieuse, sa palette de couleurs vibrantes et sa g\u00e9om\u00e9trie ludique, elle capture l\u2019essence du mouvement Memphis fond\u00e9 par Ettore Sottsass. <\/p>\n<p>Fabriqu\u00e9e en bois laqu\u00e9, cette pi\u00e8ce sculpturale refl\u00e8te l\u2019approche distinctive de Shire&nbsp;: allier la fonction \u00e0 l\u2019exp\u00e9rimentation visuelle. La table n\u2019est pas seulement un objet fonctionnel, mais une pi\u00e8ce de design digne d\u2019un collectionneur, embl\u00e9matique de la r\u00e9volution du design du d\u00e9but des ann\u00e9es&nbsp;1980. <\/p>\n<p>Une pi\u00e8ce embl\u00e9matique et rare du design du XXe&nbsp;si\u00e8cle, parfaite pour les collectionneurs, les mus\u00e9es ou tout espace \u00e0 la recherche d\u2019une pi\u00e8ce ma\u00eetresse \u00e0 la fois forte et ludique.<\/p>\n","protected":false},"excerpt":{"rendered":"<p>Con\u00e7ue en 1981 par Peter Shire pour la marque italienne embl\u00e9matique Memphis Milano, la table \u00ab&nbsp;Brazil&nbsp;\u00bb est un exemple frappant de design postmoderne radical. Avec sa silhouette asym\u00e9trique audacieuse, sa palette de couleurs vibrantes et sa g\u00e9om\u00e9trie ludique, elle capture l\u2019essence du mouvement Memphis fond\u00e9 par Ettore Sottsass. <\/p>\n<p>Fabriqu\u00e9e en bois laqu\u00e9, cette pi\u00e8ce sculpturale refl\u00e8te l\u2019approche distinctive de Shire&nbsp;: allier la fonction \u00e0 l\u2019exp\u00e9rimentation visuelle. La table n\u2019est pas seulement un objet fonctionnel, mais une pi\u00e8ce de design digne d\u2019un collectionneur, embl\u00e9matique de la r\u00e9volution du design du d\u00e9but des ann\u00e9es&nbsp;1980. <\/p>\n<p>Une pi\u00e8ce embl\u00e9matique et rare du design du XXe&nbsp;si\u00e8cle, parfaite pour les collectionneurs, les mus\u00e9es ou tout espace \u00e0 la recherche d\u2019une pi\u00e8ce ma\u00eetresse \u00e0 la fois forte et ludique.<\/p>\n","protected":false},"featured_media":635,"template":"","meta":{"_acf_changed":false},"product_brand":[123],"product_cat":[377,339,346],"product_tag":[],"class_list":{"0":"post-2765","1":"product","2":"type-product","3":"status-publish","4":"has-post-thumbnail","6":"product_brand-peter-shire-for-memphis","7":"product_cat-autres-tables","8":"product_cat-interieur","9":"product_cat-tableaux","10":"pa_collection-arts-decoratifs","11":"pa_color-jaune","12":"pa_color-noir","13":"pa_color-rose","14":"pa_color-vert","16":"first","17":"instock","18":"shipping-taxable","19":"purchasable","20":"product-type-simple"},"acf":[],"aioseo_notices":[],"_links":{"self":[{"href":"https:\/\/de-middel.com\/fr\/wp-json\/wp\/v2\/product\/2765","targetHints":{"allow":["GET"]}}],"collection":[{"href":"https:\/\/de-middel.com\/fr\/wp-json\/wp\/v2\/product"}],"about":[{"href":"https:\/\/de-middel.com\/fr\/wp-json\/wp\/v2\/types\/product"}],"wp:featuredmedia":[{"embeddable":true,"href":"https:\/\/de-middel.com\/fr\/wp-json\/wp\/v2\/media\/635"}],"wp:attachment":[{"href":"https:\/\/de-middel.com\/fr\/wp-json\/wp\/v2\/media?parent=2765"}],"wp:term":[{"taxonomy":"product_brand","embeddable":true,"href":"https:\/\/de-middel.com\/fr\/wp-json\/wp\/v2\/product_brand?post=2765"},{"taxonomy":"product_cat","embeddable":true,"href":"https:\/\/de-middel.com\/fr\/wp-json\/wp\/v2\/product_cat?post=2765"},{"taxonomy":"product_tag","embeddable":true,"href":"https:\/\/de-middel.com\/fr\/wp-json\/wp\/v2\/product_tag?post=2765"}],"curies":[{"name":"wp","href":"https:\/\/api.w.org\/{rel}","templated":true}]}}