{"id":2771,"date":"2025-12-19T12:48:54","date_gmt":"2025-12-19T12:48:54","guid":{"rendered":"https:\/\/de-middel.com\/product\/table-basse-emblematique-a-six-pieds-africaine\/"},"modified":"2025-12-19T12:48:54","modified_gmt":"2025-12-19T12:48:54","slug":"table-basse-emblematique-a-six-pieds-africaine","status":"publish","type":"product","link":"https:\/\/de-middel.com\/fr\/produit\/table-basse-emblematique-a-six-pieds-africaine\/","title":{"rendered":"Table basse embl\u00e9matique \u00e0 six pieds \u00ab&nbsp;Africaine&nbsp;\u00bb"},"content":{"rendered":"<p>Table basse circulaire \u00e0 six pieds John Dickinson, datant des ann\u00e9es&nbsp;1970. Ce mod\u00e8le \u00ab&nbsp;Africain&nbsp;\u00bb pr\u00e9sente un plateau conique soutenu par six pieds stylis\u00e9s, inspir\u00e9s des formes artistiques africaines, offrant un m\u00e9lange unique d\u2019art et de fonctionnalit\u00e9. Fabriqu\u00e9e en pl\u00e2tre peint sur b\u00e9ton et finie dans un blanc sophistiqu\u00e9, elle est suffisamment robuste pour une utilisation int\u00e9rieure et ext\u00e9rieure. L\u2019importance de ce mod\u00e8le est attest\u00e9e par sa pr\u00e9sence dans le New York Times Book of Interior Design and Decoration, illustr\u00e9e in situ \u00e0 la page&nbsp;156.   <\/p>\n","protected":false},"excerpt":{"rendered":"<p>Table basse circulaire \u00e0 six pieds John Dickinson, datant des ann\u00e9es&nbsp;1970. Ce mod\u00e8le \u00ab&nbsp;Africain&nbsp;\u00bb pr\u00e9sente un plateau conique soutenu par six pieds stylis\u00e9s, inspir\u00e9s des formes artistiques africaines, offrant un m\u00e9lange unique d\u2019art et de fonctionnalit\u00e9. Fabriqu\u00e9e en pl\u00e2tre peint sur b\u00e9ton et finie dans un blanc sophistiqu\u00e9, elle est suffisamment robuste pour une utilisation int\u00e9rieure et ext\u00e9rieure. L\u2019importance de ce mod\u00e8le est attest\u00e9e par sa pr\u00e9sence dans le New York Times Book of Interior Design and Decoration, illustr\u00e9e in situ \u00e0 la page&nbsp;156.   <\/p>\n","protected":false},"featured_media":637,"template":"","meta":{"_acf_changed":false},"product_brand":[124],"product_cat":[339,346,380],"product_tag":[],"class_list":{"0":"post-2771","1":"product","2":"type-product","3":"status-publish","4":"has-post-thumbnail","6":"product_brand-john-reed-dickinson","7":"product_cat-interieur","8":"product_cat-tableaux","9":"product_cat-tables-basses","10":"pa_collection-arts-decoratifs","11":"pa_color-blanc","13":"first","14":"instock","15":"shipping-taxable","16":"purchasable","17":"product-type-simple"},"acf":[],"aioseo_notices":[],"_links":{"self":[{"href":"https:\/\/de-middel.com\/fr\/wp-json\/wp\/v2\/product\/2771","targetHints":{"allow":["GET"]}}],"collection":[{"href":"https:\/\/de-middel.com\/fr\/wp-json\/wp\/v2\/product"}],"about":[{"href":"https:\/\/de-middel.com\/fr\/wp-json\/wp\/v2\/types\/product"}],"wp:featuredmedia":[{"embeddable":true,"href":"https:\/\/de-middel.com\/fr\/wp-json\/wp\/v2\/media\/637"}],"wp:attachment":[{"href":"https:\/\/de-middel.com\/fr\/wp-json\/wp\/v2\/media?parent=2771"}],"wp:term":[{"taxonomy":"product_brand","embeddable":true,"href":"https:\/\/de-middel.com\/fr\/wp-json\/wp\/v2\/product_brand?post=2771"},{"taxonomy":"product_cat","embeddable":true,"href":"https:\/\/de-middel.com\/fr\/wp-json\/wp\/v2\/product_cat?post=2771"},{"taxonomy":"product_tag","embeddable":true,"href":"https:\/\/de-middel.com\/fr\/wp-json\/wp\/v2\/product_tag?post=2771"}],"curies":[{"name":"wp","href":"https:\/\/api.w.org\/{rel}","templated":true}]}}