{"id":2778,"date":"2025-12-19T11:13:45","date_gmt":"2025-12-19T11:13:45","guid":{"rendered":"https:\/\/de-middel.com\/product\/service-a-cafe-et-a-the-la-fenice\/"},"modified":"2025-12-19T11:13:45","modified_gmt":"2025-12-19T11:13:45","slug":"service-a-cafe-et-a-the-la-fenice","status":"publish","type":"product","link":"https:\/\/de-middel.com\/fr\/produit\/service-a-cafe-et-a-the-la-fenice\/","title":{"rendered":"Service \u00e0 caf\u00e9 et \u00e0 th\u00e9 \u00ab La Fenice \u00bb"},"content":{"rendered":"<p>Un service \u00e0 caf\u00e9 et \u00e0 th\u00e9 de quatre pi\u00e8ces extr\u00eamement rare, l&rsquo;ensemble \u00ab La Fenice \u00bb, con\u00e7u par le ma\u00eetre orf\u00e8vre italien Lino Sabattini vers 1989. L&rsquo;ensemble est fabriqu\u00e9 en m\u00e9tal argent\u00e9 et pr\u00e9sente de superbes plateaux en verre bleu. Cette collection se compose d&rsquo;une cafeti\u00e8re, d&rsquo;une th\u00e9i\u00e8re, d&rsquo;un pot \u00e0 lait et d&rsquo;un plateau. Son style est une fusion sophistiqu\u00e9e du modernisme sculptural et de l&rsquo;esprit historiquement r\u00e9f\u00e9rentiel du postmodernisme.   <\/p>\n","protected":false},"excerpt":{"rendered":"<p>Un service \u00e0 caf\u00e9 et \u00e0 th\u00e9 de quatre pi\u00e8ces extr\u00eamement rare, l&rsquo;ensemble \u00ab La Fenice \u00bb, con\u00e7u par le ma\u00eetre orf\u00e8vre italien Lino Sabattini vers 1989. L&rsquo;ensemble est fabriqu\u00e9 en m\u00e9tal argent\u00e9 et pr\u00e9sente de superbes plateaux en verre bleu. Cette collection se compose d&rsquo;une cafeti\u00e8re, d&rsquo;une th\u00e9i\u00e8re, d&rsquo;un pot \u00e0 lait et d&rsquo;un plateau. Son style est une fusion sophistiqu\u00e9e du modernisme sculptural et de l&rsquo;esprit historiquement r\u00e9f\u00e9rentiel du postmodernisme.   <\/p>\n","protected":false},"featured_media":2780,"template":"","meta":{"_acf_changed":false},"product_brand":[104],"product_cat":[381,339,343],"product_tag":[],"class_list":{"0":"post-2778","1":"product","2":"type-product","3":"status-publish","4":"has-post-thumbnail","6":"product_brand-lino-sabattini","7":"product_cat-art-de-la-table","8":"product_cat-interieur","9":"product_cat-objets-dart","10":"pa_collection-arts-decoratifs","11":"pa_color-argent","12":"pa_color-bleu","14":"first","15":"instock","16":"shipping-taxable","17":"purchasable","18":"product-type-simple"},"acf":[],"aioseo_notices":[],"_links":{"self":[{"href":"https:\/\/de-middel.com\/fr\/wp-json\/wp\/v2\/product\/2778","targetHints":{"allow":["GET"]}}],"collection":[{"href":"https:\/\/de-middel.com\/fr\/wp-json\/wp\/v2\/product"}],"about":[{"href":"https:\/\/de-middel.com\/fr\/wp-json\/wp\/v2\/types\/product"}],"wp:featuredmedia":[{"embeddable":true,"href":"https:\/\/de-middel.com\/fr\/wp-json\/wp\/v2\/media\/2780"}],"wp:attachment":[{"href":"https:\/\/de-middel.com\/fr\/wp-json\/wp\/v2\/media?parent=2778"}],"wp:term":[{"taxonomy":"product_brand","embeddable":true,"href":"https:\/\/de-middel.com\/fr\/wp-json\/wp\/v2\/product_brand?post=2778"},{"taxonomy":"product_cat","embeddable":true,"href":"https:\/\/de-middel.com\/fr\/wp-json\/wp\/v2\/product_cat?post=2778"},{"taxonomy":"product_tag","embeddable":true,"href":"https:\/\/de-middel.com\/fr\/wp-json\/wp\/v2\/product_tag?post=2778"}],"curies":[{"name":"wp","href":"https:\/\/api.w.org\/{rel}","templated":true}]}}