{"id":2931,"date":"2025-12-19T10:56:13","date_gmt":"2025-12-19T10:56:13","guid":{"rendered":"https:\/\/de-middel.com\/product\/vase-art-deco-en-cristal-taille\/"},"modified":"2025-12-19T10:56:13","modified_gmt":"2025-12-19T10:56:13","slug":"vase-art-deco-en-cristal-taille","status":"publish","type":"product","link":"https:\/\/de-middel.com\/fr\/produit\/vase-art-deco-en-cristal-taille\/","title":{"rendered":"Vase Art D\u00e9co en cristal taill\u00e9"},"content":{"rendered":"<p>Un vase Art D\u00e9co authentique et exceptionnel de la prestigieuse cristallerie Val Saint Lambert. La pi\u00e8ce est r\u00e9alis\u00e9e dans une combinaison distinctive de cristal taill\u00e9 vert et incolore, pr\u00e9sentant la g\u00e9om\u00e9trie nette, les facettes audacieuses et les tons contrast\u00e9s embl\u00e9matiques du style Art D\u00e9co classique. Le vase est \u00e9galement sign\u00e9, confirmant sa provenance.  <\/p>\n","protected":false},"excerpt":{"rendered":"<p>Un vase Art D\u00e9co authentique et exceptionnel de la prestigieuse cristallerie Val Saint Lambert. La pi\u00e8ce est r\u00e9alis\u00e9e dans une combinaison distinctive de cristal taill\u00e9 vert et incolore, pr\u00e9sentant la g\u00e9om\u00e9trie nette, les facettes audacieuses et les tons contrast\u00e9s embl\u00e9matiques du style Art D\u00e9co classique. Le vase est \u00e9galement sign\u00e9, confirmant sa provenance.  <\/p>\n","protected":false},"featured_media":604,"template":"","meta":{"_acf_changed":false},"product_brand":[93],"product_cat":[339,343,384],"product_tag":[],"class_list":{"0":"post-2931","1":"product","2":"type-product","3":"status-publish","4":"has-post-thumbnail","6":"product_brand-val-saint-lambert","7":"product_cat-interieur","8":"product_cat-objets-dart","9":"product_cat-verre-et-cristal","10":"pa_collection-beaux-arts","11":"pa_color-vert","13":"first","14":"instock","15":"shipping-taxable","16":"purchasable","17":"product-type-simple"},"acf":[],"aioseo_notices":[],"_links":{"self":[{"href":"https:\/\/de-middel.com\/fr\/wp-json\/wp\/v2\/product\/2931","targetHints":{"allow":["GET"]}}],"collection":[{"href":"https:\/\/de-middel.com\/fr\/wp-json\/wp\/v2\/product"}],"about":[{"href":"https:\/\/de-middel.com\/fr\/wp-json\/wp\/v2\/types\/product"}],"wp:featuredmedia":[{"embeddable":true,"href":"https:\/\/de-middel.com\/fr\/wp-json\/wp\/v2\/media\/604"}],"wp:attachment":[{"href":"https:\/\/de-middel.com\/fr\/wp-json\/wp\/v2\/media?parent=2931"}],"wp:term":[{"taxonomy":"product_brand","embeddable":true,"href":"https:\/\/de-middel.com\/fr\/wp-json\/wp\/v2\/product_brand?post=2931"},{"taxonomy":"product_cat","embeddable":true,"href":"https:\/\/de-middel.com\/fr\/wp-json\/wp\/v2\/product_cat?post=2931"},{"taxonomy":"product_tag","embeddable":true,"href":"https:\/\/de-middel.com\/fr\/wp-json\/wp\/v2\/product_tag?post=2931"}],"curies":[{"name":"wp","href":"https:\/\/api.w.org\/{rel}","templated":true}]}}