{"id":2932,"date":"2025-12-19T10:34:21","date_gmt":"2025-12-19T10:34:21","guid":{"rendered":"https:\/\/de-middel.com\/product\/vase-en-cristal-taille-transparent-des-annees-1950\/"},"modified":"2025-12-19T10:34:21","modified_gmt":"2025-12-19T10:34:21","slug":"vase-en-cristal-taille-transparent-des-annees-1950","status":"publish","type":"product","link":"https:\/\/de-middel.com\/fr\/produit\/vase-en-cristal-taille-transparent-des-annees-1950\/","title":{"rendered":"Vase en cristal taill\u00e9 transparent des ann\u00e9es&nbsp;1950"},"content":{"rendered":"<p>Un vase authentique sign\u00e9 par le prestigieux fabricant de cristal Val Saint Lambert, datant des ann\u00e9es&nbsp;1950. La pi\u00e8ce pr\u00e9sente un contraste saisissant de cristal bleu et taill\u00e9 transparent, mettant en valeur le savoir-faire m\u00e9ticuleux et la taille profonde et nette qui font la renomm\u00e9e de la manufacture belge. <\/p>\n","protected":false},"excerpt":{"rendered":"<p>Un vase authentique sign\u00e9 par le prestigieux fabricant de cristal Val Saint Lambert, datant des ann\u00e9es&nbsp;1950. La pi\u00e8ce pr\u00e9sente un contraste saisissant de cristal bleu et taill\u00e9 transparent, mettant en valeur le savoir-faire m\u00e9ticuleux et la taille profonde et nette qui font la renomm\u00e9e de la manufacture belge. <\/p>\n","protected":false},"featured_media":598,"template":"","meta":{"_acf_changed":false},"product_brand":[93],"product_cat":[339,343,384],"product_tag":[],"class_list":{"0":"post-2932","1":"product","2":"type-product","3":"status-publish","4":"has-post-thumbnail","6":"product_brand-val-saint-lambert","7":"product_cat-interieur","8":"product_cat-objets-dart","9":"product_cat-verre-et-cristal","10":"pa_collection-arts-decoratifs","11":"pa_color-bleu","13":"first","14":"instock","15":"shipping-taxable","16":"purchasable","17":"product-type-simple"},"acf":[],"aioseo_notices":[],"_links":{"self":[{"href":"https:\/\/de-middel.com\/fr\/wp-json\/wp\/v2\/product\/2932","targetHints":{"allow":["GET"]}}],"collection":[{"href":"https:\/\/de-middel.com\/fr\/wp-json\/wp\/v2\/product"}],"about":[{"href":"https:\/\/de-middel.com\/fr\/wp-json\/wp\/v2\/types\/product"}],"wp:featuredmedia":[{"embeddable":true,"href":"https:\/\/de-middel.com\/fr\/wp-json\/wp\/v2\/media\/598"}],"wp:attachment":[{"href":"https:\/\/de-middel.com\/fr\/wp-json\/wp\/v2\/media?parent=2932"}],"wp:term":[{"taxonomy":"product_brand","embeddable":true,"href":"https:\/\/de-middel.com\/fr\/wp-json\/wp\/v2\/product_brand?post=2932"},{"taxonomy":"product_cat","embeddable":true,"href":"https:\/\/de-middel.com\/fr\/wp-json\/wp\/v2\/product_cat?post=2932"},{"taxonomy":"product_tag","embeddable":true,"href":"https:\/\/de-middel.com\/fr\/wp-json\/wp\/v2\/product_tag?post=2932"}],"curies":[{"name":"wp","href":"https:\/\/api.w.org\/{rel}","templated":true}]}}