{"id":2936,"date":"2025-12-19T10:51:49","date_gmt":"2025-12-19T10:51:49","guid":{"rendered":"https:\/\/de-middel.com\/product\/val-saint-lambert-pique-fleurs\/"},"modified":"2025-12-19T10:51:49","modified_gmt":"2025-12-19T10:51:49","slug":"val-saint-lambert-pique-fleurs","status":"publish","type":"product","link":"https:\/\/de-middel.com\/fr\/produit\/val-saint-lambert-pique-fleurs\/","title":{"rendered":"Val Saint Lambert Pique-Fleurs"},"content":{"rendered":"<p>Un grand et \u00e9l\u00e9gant pique-fleurs con\u00e7u par Charles Graffart pour la c\u00e9l\u00e8bre cristallerie Val Saint Lambert. La pi\u00e8ce pr\u00e9sente un d\u00e9cor en cristal tr\u00e8s ornement\u00e9, taill\u00e9 en profondeur, dans une combinaison saisissante de verre violet et transparent. Le travail de conception de Graffart a contribu\u00e9 \u00e0 d\u00e9finir l&rsquo;esth\u00e9tique du fabricant au milieu du XXe si\u00e8cle.  <\/p>\n","protected":false},"excerpt":{"rendered":"<p>Un grand et \u00e9l\u00e9gant pique-fleurs con\u00e7u par Charles Graffart pour la c\u00e9l\u00e8bre cristallerie Val Saint Lambert. La pi\u00e8ce pr\u00e9sente un d\u00e9cor en cristal tr\u00e8s ornement\u00e9, taill\u00e9 en profondeur, dans une combinaison saisissante de verre violet et transparent. Le travail de conception de Graffart a contribu\u00e9 \u00e0 d\u00e9finir l&rsquo;esth\u00e9tique du fabricant au milieu du XXe si\u00e8cle.  <\/p>\n","protected":false},"featured_media":602,"template":"","meta":{"_acf_changed":false},"product_brand":[],"product_cat":[339,343,384],"product_tag":[],"class_list":{"0":"post-2936","1":"product","2":"type-product","3":"status-publish","4":"has-post-thumbnail","6":"product_cat-interieur","7":"product_cat-objets-dart","8":"product_cat-verre-et-cristal","9":"pa_collection-arts-decoratifs","10":"pa_color-rose","12":"first","13":"instock","14":"shipping-taxable","15":"purchasable","16":"product-type-simple"},"acf":[],"aioseo_notices":[],"_links":{"self":[{"href":"https:\/\/de-middel.com\/fr\/wp-json\/wp\/v2\/product\/2936","targetHints":{"allow":["GET"]}}],"collection":[{"href":"https:\/\/de-middel.com\/fr\/wp-json\/wp\/v2\/product"}],"about":[{"href":"https:\/\/de-middel.com\/fr\/wp-json\/wp\/v2\/types\/product"}],"wp:featuredmedia":[{"embeddable":true,"href":"https:\/\/de-middel.com\/fr\/wp-json\/wp\/v2\/media\/602"}],"wp:attachment":[{"href":"https:\/\/de-middel.com\/fr\/wp-json\/wp\/v2\/media?parent=2936"}],"wp:term":[{"taxonomy":"product_brand","embeddable":true,"href":"https:\/\/de-middel.com\/fr\/wp-json\/wp\/v2\/product_brand?post=2936"},{"taxonomy":"product_cat","embeddable":true,"href":"https:\/\/de-middel.com\/fr\/wp-json\/wp\/v2\/product_cat?post=2936"},{"taxonomy":"product_tag","embeddable":true,"href":"https:\/\/de-middel.com\/fr\/wp-json\/wp\/v2\/product_tag?post=2936"}],"curies":[{"name":"wp","href":"https:\/\/api.w.org\/{rel}","templated":true}]}}