{"id":3031,"date":"2025-12-19T13:04:08","date_gmt":"2025-12-19T13:04:08","guid":{"rendered":"https:\/\/de-middel.com\/product\/fauteuil-a-bascule-et-tabouret-du-milieu-du-siecle\/"},"modified":"2025-12-19T13:04:08","modified_gmt":"2025-12-19T13:04:08","slug":"fauteuil-a-bascule-et-tabouret-du-milieu-du-siecle","status":"publish","type":"product","link":"https:\/\/de-middel.com\/fr\/produit\/fauteuil-a-bascule-et-tabouret-du-milieu-du-siecle\/","title":{"rendered":"Fauteuil \u00e0 bascule et tabouret du milieu du si\u00e8cle"},"content":{"rendered":"<p>Ensemble assorti de meubles du milieu du 20e si\u00e8cle marqu\u00e9s AFM JAPAN. Il comprend deux \u00e9l\u00e9gants fauteuils \u00e0 bascule \u00e0 accoudoir ouvert en bois fruitier, avec des si\u00e8ges et des dossiers en rotin tress\u00e9. L&rsquo;ensemble est compl\u00e9t\u00e9 par un pouf coordonn\u00e9. Le design \u00e9quilibre des lignes nettes et modernes avec des mat\u00e9riaux naturels, typiques de l&rsquo;appr\u00e9ciation de l&rsquo;\u00e9poque pour l&rsquo;esth\u00e9tique japonaise.   <\/p>\n","protected":false},"excerpt":{"rendered":"<p>Ensemble assorti de meubles du milieu du 20e si\u00e8cle marqu\u00e9s AFM JAPAN. Il comprend deux \u00e9l\u00e9gants fauteuils \u00e0 bascule \u00e0 accoudoir ouvert en bois fruitier, avec des si\u00e8ges et des dossiers en rotin tress\u00e9. L&rsquo;ensemble est compl\u00e9t\u00e9 par un pouf coordonn\u00e9. Le design \u00e9quilibre des lignes nettes et modernes avec des mat\u00e9riaux naturels, typiques de l&rsquo;appr\u00e9ciation de l&rsquo;\u00e9poque pour l&rsquo;esth\u00e9tique japonaise.   <\/p>\n","protected":false},"featured_media":646,"template":"","meta":{"_acf_changed":false},"product_brand":[131],"product_cat":[402,401,339,345],"product_tag":[],"class_list":{"0":"post-3031","1":"product","2":"type-product","3":"status-publish","4":"has-post-thumbnail","6":"product_brand-afm-japan","7":"product_cat-autres-sieges","8":"product_cat-fauteuils","9":"product_cat-interieur","10":"product_cat-sieges","11":"pa_collection-arts-decoratifs","12":"pa_color-blanc","13":"pa_color-jaune","14":"pa_color-marron","16":"first","17":"instock","18":"shipping-taxable","19":"purchasable","20":"product-type-simple"},"acf":[],"aioseo_notices":[],"_links":{"self":[{"href":"https:\/\/de-middel.com\/fr\/wp-json\/wp\/v2\/product\/3031","targetHints":{"allow":["GET"]}}],"collection":[{"href":"https:\/\/de-middel.com\/fr\/wp-json\/wp\/v2\/product"}],"about":[{"href":"https:\/\/de-middel.com\/fr\/wp-json\/wp\/v2\/types\/product"}],"wp:featuredmedia":[{"embeddable":true,"href":"https:\/\/de-middel.com\/fr\/wp-json\/wp\/v2\/media\/646"}],"wp:attachment":[{"href":"https:\/\/de-middel.com\/fr\/wp-json\/wp\/v2\/media?parent=3031"}],"wp:term":[{"taxonomy":"product_brand","embeddable":true,"href":"https:\/\/de-middel.com\/fr\/wp-json\/wp\/v2\/product_brand?post=3031"},{"taxonomy":"product_cat","embeddable":true,"href":"https:\/\/de-middel.com\/fr\/wp-json\/wp\/v2\/product_cat?post=3031"},{"taxonomy":"product_tag","embeddable":true,"href":"https:\/\/de-middel.com\/fr\/wp-json\/wp\/v2\/product_tag?post=3031"}],"curies":[{"name":"wp","href":"https:\/\/api.w.org\/{rel}","templated":true}]}}