{"id":3036,"date":"2025-12-19T13:09:48","date_gmt":"2025-12-19T13:09:48","guid":{"rendered":"https:\/\/de-middel.com\/product\/chaise-longue-de-la-famille-margaret-thatcher-en-bleu-thatcher-emblematique\/"},"modified":"2025-12-19T13:09:48","modified_gmt":"2025-12-19T13:09:48","slug":"chaise-longue-de-la-famille-margaret-thatcher-en-bleu-thatcher-emblematique","status":"publish","type":"product","link":"https:\/\/de-middel.com\/fr\/produit\/chaise-longue-de-la-famille-margaret-thatcher-en-bleu-thatcher-emblematique\/","title":{"rendered":"Chaise longue de la famille Margaret Thatcher en \u00ab\u00a0bleu Thatcher\u00a0\u00bb embl\u00e9matique."},"content":{"rendered":"<p>Chaise longue, recouverte d&rsquo;un tissu bleu Thatcher. Provenance : Propri\u00e9t\u00e9 de la famille Thatcher. Margaret Hilda Thatcher, Baroness Thatcher, LG, OM, DStJ, PC, FRS, HonFRSC (13 octobre 1925 &#8211; 8 avril 2013) ; par filiation.Dimensions : 86,4 cm (H) x 142,2 cm (L) x 74,9 cm (P)  <\/p>\n","protected":false},"excerpt":{"rendered":"<p>Chaise longue, recouverte d&rsquo;un tissu bleu Thatcher. Provenance : Propri\u00e9t\u00e9 de la famille Thatcher. Margaret Hilda Thatcher, Baroness Thatcher, LG, OM, DStJ, PC, FRS, HonFRSC (13 octobre 1925 &#8211; 8 avril 2013) ; par filiation.Dimensions : 86,4 cm (H) x 142,2 cm (L) x 74,9 cm (P)  <\/p>\n","protected":false},"featured_media":650,"template":"","meta":{"_acf_changed":false},"product_brand":[136],"product_cat":[403,339,345],"product_tag":[],"class_list":{"0":"post-3036","1":"product","2":"type-product","3":"status-publish","4":"has-post-thumbnail","6":"product_brand-historical-political-provenance","7":"product_cat-canapes-et-diables","8":"product_cat-interieur","9":"product_cat-sieges","10":"pa_collection-arts-decoratifs","11":"pa_color-bleu","12":"pa_color-marron","14":"first","15":"instock","16":"shipping-taxable","17":"purchasable","18":"product-type-simple"},"acf":[],"aioseo_notices":[],"_links":{"self":[{"href":"https:\/\/de-middel.com\/fr\/wp-json\/wp\/v2\/product\/3036","targetHints":{"allow":["GET"]}}],"collection":[{"href":"https:\/\/de-middel.com\/fr\/wp-json\/wp\/v2\/product"}],"about":[{"href":"https:\/\/de-middel.com\/fr\/wp-json\/wp\/v2\/types\/product"}],"wp:featuredmedia":[{"embeddable":true,"href":"https:\/\/de-middel.com\/fr\/wp-json\/wp\/v2\/media\/650"}],"wp:attachment":[{"href":"https:\/\/de-middel.com\/fr\/wp-json\/wp\/v2\/media?parent=3036"}],"wp:term":[{"taxonomy":"product_brand","embeddable":true,"href":"https:\/\/de-middel.com\/fr\/wp-json\/wp\/v2\/product_brand?post=3036"},{"taxonomy":"product_cat","embeddable":true,"href":"https:\/\/de-middel.com\/fr\/wp-json\/wp\/v2\/product_cat?post=3036"},{"taxonomy":"product_tag","embeddable":true,"href":"https:\/\/de-middel.com\/fr\/wp-json\/wp\/v2\/product_tag?post=3036"}],"curies":[{"name":"wp","href":"https:\/\/api.w.org\/{rel}","templated":true}]}}