{"id":3037,"date":"2025-12-19T13:00:05","date_gmt":"2025-12-19T13:00:05","guid":{"rendered":"https:\/\/de-middel.com\/product\/cadre-de-lit-roma-peint-a-la-main\/"},"modified":"2025-12-19T13:00:05","modified_gmt":"2025-12-19T13:00:05","slug":"cadre-de-lit-roma-peint-a-la-main","status":"publish","type":"product","link":"https:\/\/de-middel.com\/fr\/produit\/cadre-de-lit-roma-peint-a-la-main\/","title":{"rendered":"Cadre de lit Roma peint \u00e0 la main"},"content":{"rendered":"<p>Un spectaculaire cadre de lit Roma \u00e0 quatre colonnes de Porte Italia Interiors Srl, fabriqu\u00e9 \u00e0 la main en Italie. Le cadre pr\u00e9sente d&rsquo;\u00e9l\u00e9gants poteaux \u00e0 fleur et est fini en Argento (effet feuille d&rsquo;argent), appliqu\u00e9 selon les techniques v\u00e9nitiennes traditionnelles du dix-huiti\u00e8me si\u00e8cle. Cette pi\u00e8ce personnalisable allie une \u00e9l\u00e9gance romantique et intemporelle \u00e0 une esth\u00e9tique fantaisiste peinte \u00e0 la main. (Voir l&rsquo;\u00e9chantillon de couleur de l&rsquo;image pour la finition Argento).   <\/p>\n","protected":false},"excerpt":{"rendered":"<p>Un spectaculaire cadre de lit Roma \u00e0 quatre colonnes de Porte Italia Interiors Srl, fabriqu\u00e9 \u00e0 la main en Italie. Le cadre pr\u00e9sente d&rsquo;\u00e9l\u00e9gants poteaux \u00e0 fleur et est fini en Argento (effet feuille d&rsquo;argent), appliqu\u00e9 selon les techniques v\u00e9nitiennes traditionnelles du dix-huiti\u00e8me si\u00e8cle. Cette pi\u00e8ce personnalisable allie une \u00e9l\u00e9gance romantique et intemporelle \u00e0 une esth\u00e9tique fantaisiste peinte \u00e0 la main. (Je suis captiv\u00e9e par l&rsquo;art et le romantisme de cette pi\u00e8ce. C&rsquo;est le summum du luxe, transformant une chambre \u00e0 coucher en un sanctuaire personnel. L&rsquo;utilisation de techniques v\u00e9nitiennes anciennes sur un meuble aussi imposant l&rsquo;\u00e9l\u00e8ve au-del\u00e0 de la simple utilit\u00e9 pour en faire un \u00e9l\u00e9ment architectural de pure joie d\u00e9corative. Nous consid\u00e9rons ce meuble comme une pi\u00e8ce fondamentale pour l&rsquo;installation d&rsquo;un r\u00e9cit d&rsquo;\u00e9l\u00e9gance fantaisiste et d&rsquo;artisanat italien durable.Fabricant : Porte Italia Interiors Srl Mod\u00e8le : Cadre de lit Roma (RC.23119) Style : XVIIIe si\u00e8cle v\u00e9nitien peint \u00e0 la main Finition : Argento (effet feuille d&rsquo;argent) Dimensions (H x L x P) : 248 cm x 182 cm x 233 cm Condition : Nouveau \/ Excellent (selon source originale)PORTE ITALIA : Cadre de lit Roma (Bamboo Finish)Porte Italia Interiors Srl, Whimsical \/ Chinoiserie StyleLit Roma Bamboo Porte Italia peint \u00e0 la main, blanc avec vert pomme et d\u00e9tails de papillon.Un lit \u00e0 baldaquin fantaisiste de Porte Italia, appel\u00e9 Bamboo Roma Bed. Le cadre est peint \u00e0 la main en blanc avec un motif de bambou vert pomme, de foug\u00e8res d\u00e9licates et de papillons. Cette pi\u00e8ce personnalisable allie le romantisme \u00e0 l&rsquo;\u00e9l\u00e9gance intemporelle et est con\u00e7ue pour apporter de la joie dans n&rsquo;importe quelle chambre \u00e0 coucher.<\/p>\n","protected":false},"featured_media":3039,"template":"","meta":{"_acf_changed":false},"product_brand":[128],"product_cat":[405,409,339,404],"product_tag":[],"class_list":{"0":"post-3037","1":"product","2":"type-product","3":"status-publish","4":"has-post-thumbnail","6":"product_brand-porte-italia","7":"product_cat-autres-meubles-et-accessoires","8":"product_cat-autres-pieces-de-mobilier","9":"product_cat-interieur","10":"product_cat-lits","11":"pa_collection-arts-decoratifs","12":"pa_color-blanc","14":"first","15":"instock","16":"shipping-taxable","17":"purchasable","18":"product-type-simple"},"acf":[],"aioseo_notices":[],"_links":{"self":[{"href":"https:\/\/de-middel.com\/fr\/wp-json\/wp\/v2\/product\/3037","targetHints":{"allow":["GET"]}}],"collection":[{"href":"https:\/\/de-middel.com\/fr\/wp-json\/wp\/v2\/product"}],"about":[{"href":"https:\/\/de-middel.com\/fr\/wp-json\/wp\/v2\/types\/product"}],"wp:featuredmedia":[{"embeddable":true,"href":"https:\/\/de-middel.com\/fr\/wp-json\/wp\/v2\/media\/3039"}],"wp:attachment":[{"href":"https:\/\/de-middel.com\/fr\/wp-json\/wp\/v2\/media?parent=3037"}],"wp:term":[{"taxonomy":"product_brand","embeddable":true,"href":"https:\/\/de-middel.com\/fr\/wp-json\/wp\/v2\/product_brand?post=3037"},{"taxonomy":"product_cat","embeddable":true,"href":"https:\/\/de-middel.com\/fr\/wp-json\/wp\/v2\/product_cat?post=3037"},{"taxonomy":"product_tag","embeddable":true,"href":"https:\/\/de-middel.com\/fr\/wp-json\/wp\/v2\/product_tag?post=3037"}],"curies":[{"name":"wp","href":"https:\/\/api.w.org\/{rel}","templated":true}]}}