{"id":3044,"date":"2025-12-19T13:07:17","date_gmt":"2025-12-19T13:07:17","guid":{"rendered":"https:\/\/de-middel.com\/product\/commode-anglaise-de-style-georgien\/"},"modified":"2025-12-19T13:07:17","modified_gmt":"2025-12-19T13:07:17","slug":"commode-anglaise-de-style-georgien","status":"publish","type":"product","link":"https:\/\/de-middel.com\/fr\/produit\/commode-anglaise-de-style-georgien\/","title":{"rendered":"Commode anglaise de style g\u00e9orgien"},"content":{"rendered":"<p>Commode \u00e0 trois tiroirs en acajou \u00e0 fa\u00e7ade en arc de cercle, finement travaill\u00e9e. La pi\u00e8ce pr\u00e9sente d&rsquo;\u00e9l\u00e9gants d\u00e9tails de marqueterie incrust\u00e9s sur toute sa fa\u00e7ade, mettant en valeur l&rsquo;\u00e9b\u00e9nisterie anglaise classique. Cette commode \u00e0 la fois belle et fonctionnelle offre un grand espace de rangement et conserve un profil gracieux et incurv\u00e9.  <\/p>\n","protected":false},"excerpt":{"rendered":"<p>Commode \u00e0 trois tiroirs en acajou \u00e0 fa\u00e7ade en arc de cercle, finement travaill\u00e9e. La pi\u00e8ce pr\u00e9sente d&rsquo;\u00e9l\u00e9gants d\u00e9tails de marqueterie incrust\u00e9s sur toute sa fa\u00e7ade, mettant en valeur l&rsquo;\u00e9b\u00e9nisterie anglaise classique. Cette commode \u00e0 la fois belle et fonctionnelle offre un grand espace de rangement et conserve un profil gracieux et incurv\u00e9.  <\/p>\n","protected":false},"featured_media":648,"template":"","meta":{"_acf_changed":false},"product_brand":[134],"product_cat":[405,409,339,410],"product_tag":[],"class_list":{"0":"post-3044","1":"product","2":"type-product","3":"status-publish","4":"has-post-thumbnail","6":"product_brand-margareth-thatcher-provenance","7":"product_cat-autres-meubles-et-accessoires","8":"product_cat-autres-pieces-de-mobilier","9":"product_cat-interieur","10":"product_cat-utilite-et-service-2","11":"pa_collection-arts-decoratifs","12":"pa_color-marron","14":"first","15":"instock","16":"shipping-taxable","17":"purchasable","18":"product-type-simple"},"acf":[],"aioseo_notices":[],"_links":{"self":[{"href":"https:\/\/de-middel.com\/fr\/wp-json\/wp\/v2\/product\/3044","targetHints":{"allow":["GET"]}}],"collection":[{"href":"https:\/\/de-middel.com\/fr\/wp-json\/wp\/v2\/product"}],"about":[{"href":"https:\/\/de-middel.com\/fr\/wp-json\/wp\/v2\/types\/product"}],"wp:featuredmedia":[{"embeddable":true,"href":"https:\/\/de-middel.com\/fr\/wp-json\/wp\/v2\/media\/648"}],"wp:attachment":[{"href":"https:\/\/de-middel.com\/fr\/wp-json\/wp\/v2\/media?parent=3044"}],"wp:term":[{"taxonomy":"product_brand","embeddable":true,"href":"https:\/\/de-middel.com\/fr\/wp-json\/wp\/v2\/product_brand?post=3044"},{"taxonomy":"product_cat","embeddable":true,"href":"https:\/\/de-middel.com\/fr\/wp-json\/wp\/v2\/product_cat?post=3044"},{"taxonomy":"product_tag","embeddable":true,"href":"https:\/\/de-middel.com\/fr\/wp-json\/wp\/v2\/product_tag?post=3044"}],"curies":[{"name":"wp","href":"https:\/\/api.w.org\/{rel}","templated":true}]}}