{"id":3046,"date":"2025-12-19T12:56:57","date_gmt":"2025-12-19T12:56:57","guid":{"rendered":"https:\/\/de-middel.com\/product\/paire-de-chaises-en-pin-vintage\/"},"modified":"2025-12-19T12:56:57","modified_gmt":"2025-12-19T12:56:57","slug":"paire-de-chaises-en-pin-vintage","status":"publish","type":"product","link":"https:\/\/de-middel.com\/fr\/produit\/paire-de-chaises-en-pin-vintage\/","title":{"rendered":"Paire de chaises en pin vintage"},"content":{"rendered":"<p>Une paire de chaises vintage \u00e0 accoudoir ouvert, construites en pin aux tons chauds, avec une esth\u00e9tique inspir\u00e9e par le ma\u00eetre danois Poul Kj\u00e6rholm. Les chaises sont dot\u00e9es d&rsquo;une assise et d&rsquo;un dossier en corde tress\u00e9e, offrant \u00e0 la fois confort et contraste tactile et naturel avec la simplicit\u00e9 de la structure en bois. Vendues par paire.  <\/p>\n","protected":false},"excerpt":{"rendered":"<p>Une paire de chaises vintage \u00e0 accoudoir ouvert, construites en pin aux tons chauds, avec une esth\u00e9tique inspir\u00e9e par le ma\u00eetre danois Poul Kj\u00e6rholm. Les chaises sont dot\u00e9es d&rsquo;une assise et d&rsquo;un dossier en corde tress\u00e9e, offrant \u00e0 la fois confort et contraste tactile et naturel avec la simplicit\u00e9 de la structure en bois. Vendues par paire.  <\/p>\n","protected":false},"featured_media":642,"template":"","meta":{"_acf_changed":false},"product_brand":[126],"product_cat":[402,411,339,345],"product_tag":[],"class_list":{"0":"post-3046","1":"product","2":"type-product","3":"status-publish","4":"has-post-thumbnail","6":"product_brand-paul-kjaerholm","7":"product_cat-autres-sieges","8":"product_cat-chaises","9":"product_cat-interieur","10":"product_cat-sieges","11":"pa_collection-arts-decoratifs","12":"pa_color-blanc","13":"pa_color-jaune","14":"pa_color-marron","16":"first","17":"instock","18":"shipping-taxable","19":"purchasable","20":"product-type-simple"},"acf":[],"aioseo_notices":[],"_links":{"self":[{"href":"https:\/\/de-middel.com\/fr\/wp-json\/wp\/v2\/product\/3046","targetHints":{"allow":["GET"]}}],"collection":[{"href":"https:\/\/de-middel.com\/fr\/wp-json\/wp\/v2\/product"}],"about":[{"href":"https:\/\/de-middel.com\/fr\/wp-json\/wp\/v2\/types\/product"}],"wp:featuredmedia":[{"embeddable":true,"href":"https:\/\/de-middel.com\/fr\/wp-json\/wp\/v2\/media\/642"}],"wp:attachment":[{"href":"https:\/\/de-middel.com\/fr\/wp-json\/wp\/v2\/media?parent=3046"}],"wp:term":[{"taxonomy":"product_brand","embeddable":true,"href":"https:\/\/de-middel.com\/fr\/wp-json\/wp\/v2\/product_brand?post=3046"},{"taxonomy":"product_cat","embeddable":true,"href":"https:\/\/de-middel.com\/fr\/wp-json\/wp\/v2\/product_cat?post=3046"},{"taxonomy":"product_tag","embeddable":true,"href":"https:\/\/de-middel.com\/fr\/wp-json\/wp\/v2\/product_tag?post=3046"}],"curies":[{"name":"wp","href":"https:\/\/api.w.org\/{rel}","templated":true}]}}