{"id":3050,"date":"2025-12-19T12:39:15","date_gmt":"2025-12-19T12:39:15","guid":{"rendered":"https:\/\/de-middel.com\/product\/diffuseur-mania-des-annees-1970\/"},"modified":"2025-12-19T12:39:15","modified_gmt":"2025-12-19T12:39:15","slug":"diffuseur-mania-des-annees-1970","status":"publish","type":"product","link":"https:\/\/de-middel.com\/fr\/produit\/diffuseur-mania-des-annees-1970\/","title":{"rendered":"Diffuseur \u00ab\u00a0Mania\u00a0\u00bb des ann\u00e9es 1970"},"content":{"rendered":"<p>Lampe murale vintage \u00e0 une seule lumi\u00e8re, mod\u00e8le \u00ab\u00a0Mania\u00a0\u00bb, con\u00e7ue par le ma\u00eetre Vico Magistretti et produite par Artemide, Italie, vers 1970. Le diffuseur est \u00e9l\u00e9gamment compos\u00e9 de deux \u00e9l\u00e9ments h\u00e9misph\u00e9riques en polycarbonate blanc, d\u00e9finissant une forme minimale et harmonieuse caract\u00e9ristique du design moderniste italien. <\/p>\n","protected":false},"excerpt":{"rendered":"<p>Lampe murale vintage \u00e0 une seule lumi\u00e8re, mod\u00e8le \u00ab\u00a0Mania\u00a0\u00bb, con\u00e7ue par le ma\u00eetre Vico Magistretti et produite par Artemide, Italie, vers 1970. Le diffuseur est \u00e9l\u00e9gamment compos\u00e9 de deux \u00e9l\u00e9ments h\u00e9misph\u00e9riques en polycarbonate blanc, d\u00e9finissant une forme minimale et harmonieuse caract\u00e9ristique du design moderniste italien. <\/p>\n","protected":false},"featured_media":629,"template":"","meta":{"_acf_changed":false},"product_brand":[121],"product_cat":[355,342,339],"product_tag":[],"class_list":{"0":"post-3050","1":"product","2":"type-product","3":"status-publish","4":"has-post-thumbnail","6":"product_brand-vico-magistretti","7":"product_cat-applique-murale","8":"product_cat-eclairage","9":"product_cat-interieur","10":"pa_collection-arts-decoratifs","11":"pa_color-blanc","13":"first","14":"instock","15":"shipping-taxable","16":"purchasable","17":"product-type-simple"},"acf":[],"aioseo_notices":[],"_links":{"self":[{"href":"https:\/\/de-middel.com\/fr\/wp-json\/wp\/v2\/product\/3050","targetHints":{"allow":["GET"]}}],"collection":[{"href":"https:\/\/de-middel.com\/fr\/wp-json\/wp\/v2\/product"}],"about":[{"href":"https:\/\/de-middel.com\/fr\/wp-json\/wp\/v2\/types\/product"}],"wp:featuredmedia":[{"embeddable":true,"href":"https:\/\/de-middel.com\/fr\/wp-json\/wp\/v2\/media\/629"}],"wp:attachment":[{"href":"https:\/\/de-middel.com\/fr\/wp-json\/wp\/v2\/media?parent=3050"}],"wp:term":[{"taxonomy":"product_brand","embeddable":true,"href":"https:\/\/de-middel.com\/fr\/wp-json\/wp\/v2\/product_brand?post=3050"},{"taxonomy":"product_cat","embeddable":true,"href":"https:\/\/de-middel.com\/fr\/wp-json\/wp\/v2\/product_cat?post=3050"},{"taxonomy":"product_tag","embeddable":true,"href":"https:\/\/de-middel.com\/fr\/wp-json\/wp\/v2\/product_tag?post=3050"}],"curies":[{"name":"wp","href":"https:\/\/api.w.org\/{rel}","templated":true}]}}