{"id":3060,"date":"2025-12-27T16:31:22","date_gmt":"2025-12-27T16:31:22","guid":{"rendered":"https:\/\/de-middel.com\/product\/broche-camelia-irridisante\/"},"modified":"2025-12-27T16:31:22","modified_gmt":"2025-12-27T16:31:22","slug":"broche-camelia-irridisante","status":"publish","type":"product","link":"https:\/\/de-middel.com\/fr\/produit\/broche-camelia-irridisante\/","title":{"rendered":"Broche Cam\u00e9lia irridisante"},"content":{"rendered":"<p>Ce symbole embl\u00e9matique de la maison est r\u00e9alis\u00e9 dans un tissu bleu iris\u00e9 sp\u00e9cialis\u00e9 qui change de tonalit\u00e9 sous l&rsquo;effet de la lumi\u00e8re directe. La broche pr\u00e9sente des p\u00e9tales superpos\u00e9s, press\u00e9s \u00e0 chaud pour imiter le volume organique d&rsquo;une fleur de cam\u00e9lia, accentu\u00e9s par un discret logo CC en argent au centre. La broche est fix\u00e9e \u00e0 l&rsquo;aide d&rsquo;une \u00e9pingle \u00e0 nourrice traditionnelle, ce qui permet de l&rsquo;attacher \u00e0 des textiles lourds ou \u00e0 des accessoires structur\u00e9s.  <\/p>\n","protected":false},"excerpt":{"rendered":"<p>Ce symbole embl\u00e9matique de la maison est r\u00e9alis\u00e9 dans un tissu bleu iris\u00e9 sp\u00e9cialis\u00e9 qui change de tonalit\u00e9 sous l&rsquo;effet de la lumi\u00e8re directe. La broche pr\u00e9sente des p\u00e9tales superpos\u00e9s, press\u00e9s \u00e0 chaud pour imiter le volume organique d&rsquo;une fleur de cam\u00e9lia, accentu\u00e9s par un discret logo CC en argent au centre. La broche est fix\u00e9e \u00e0 l&rsquo;aide d&rsquo;une \u00e9pingle \u00e0 nourrice traditionnelle, ce qui permet de l&rsquo;attacher \u00e0 des textiles lourds ou \u00e0 des accessoires structur\u00e9s.  <\/p>\n","protected":false},"featured_media":1489,"template":"","meta":{"_acf_changed":false},"product_brand":[147],"product_cat":[418,419,359,385],"product_tag":[],"class_list":{"0":"post-3060","1":"product","2":"type-product","3":"status-publish","4":"has-post-thumbnail","6":"product_brand-chanel","7":"product_cat-bijoux","8":"product_cat-chanel-iconics","9":"product_cat-mode","10":"product_cat-accessories","11":"pa_color-bleu","13":"first","14":"instock","15":"shipping-taxable","16":"purchasable","17":"product-type-simple"},"acf":[],"aioseo_notices":[],"_links":{"self":[{"href":"https:\/\/de-middel.com\/fr\/wp-json\/wp\/v2\/product\/3060","targetHints":{"allow":["GET"]}}],"collection":[{"href":"https:\/\/de-middel.com\/fr\/wp-json\/wp\/v2\/product"}],"about":[{"href":"https:\/\/de-middel.com\/fr\/wp-json\/wp\/v2\/types\/product"}],"wp:featuredmedia":[{"embeddable":true,"href":"https:\/\/de-middel.com\/fr\/wp-json\/wp\/v2\/media\/1489"}],"wp:attachment":[{"href":"https:\/\/de-middel.com\/fr\/wp-json\/wp\/v2\/media?parent=3060"}],"wp:term":[{"taxonomy":"product_brand","embeddable":true,"href":"https:\/\/de-middel.com\/fr\/wp-json\/wp\/v2\/product_brand?post=3060"},{"taxonomy":"product_cat","embeddable":true,"href":"https:\/\/de-middel.com\/fr\/wp-json\/wp\/v2\/product_cat?post=3060"},{"taxonomy":"product_tag","embeddable":true,"href":"https:\/\/de-middel.com\/fr\/wp-json\/wp\/v2\/product_tag?post=3060"}],"curies":[{"name":"wp","href":"https:\/\/api.w.org\/{rel}","templated":true}]}}