{"id":3068,"date":"2025-12-27T15:34:41","date_gmt":"2025-12-27T15:34:41","guid":{"rendered":"https:\/\/de-middel.com\/product\/demi-lune-violette\/"},"modified":"2025-12-27T15:34:41","modified_gmt":"2025-12-27T15:34:41","slug":"demi-lune-violette","status":"publish","type":"product","link":"https:\/\/de-middel.com\/fr\/produit\/demi-lune-violette\/","title":{"rendered":"Demi-lune violette"},"content":{"rendered":"<p>Le portefeuille demi-lune sur cha\u00eene (WOC) de Chanel est fabriqu\u00e9 en cuir de caviar r\u00e9sistant, avec une base pliss\u00e9e unique qui permet au sac de se d\u00e9ployer en une silhouette semi-circulaire en forme de demi-lune. Il est rehauss\u00e9 d&rsquo;un discret logo CC en argent et d&rsquo;une longue bandouli\u00e8re \u00e0 maillons. L&rsquo;int\u00e9rieur est doubl\u00e9 de textile ton sur ton et comporte plusieurs fentes pour cartes ainsi qu&rsquo;un compartiment zipp\u00e9.  <\/p>\n","protected":false},"excerpt":{"rendered":"<p>Le portefeuille demi-lune sur cha\u00eene (WOC) de Chanel est fabriqu\u00e9 en cuir de caviar r\u00e9sistant, avec une base pliss\u00e9e unique qui permet au sac de se d\u00e9ployer en une silhouette semi-circulaire en forme de demi-lune. Il est rehauss\u00e9 d&rsquo;un discret logo CC en argent et d&rsquo;une longue bandouli\u00e8re \u00e0 maillons. L&rsquo;int\u00e9rieur est doubl\u00e9 de textile ton sur ton et comporte plusieurs fentes pour cartes ainsi qu&rsquo;un compartiment zipp\u00e9.  <\/p>\n","protected":false},"featured_media":1478,"template":"","meta":{"_acf_changed":false},"product_brand":[147],"product_cat":[359,361,360],"product_tag":[],"class_list":{"0":"post-3068","1":"product","2":"type-product","3":"status-publish","4":"has-post-thumbnail","6":"product_brand-chanel","7":"product_cat-mode","8":"product_cat-sacs-a-main-et-cabas","9":"product_cat-sacs-et-bagages","10":"pa_color-pourpre","12":"first","13":"instock","14":"shipping-taxable","15":"purchasable","16":"product-type-simple"},"acf":[],"aioseo_notices":[],"_links":{"self":[{"href":"https:\/\/de-middel.com\/fr\/wp-json\/wp\/v2\/product\/3068","targetHints":{"allow":["GET"]}}],"collection":[{"href":"https:\/\/de-middel.com\/fr\/wp-json\/wp\/v2\/product"}],"about":[{"href":"https:\/\/de-middel.com\/fr\/wp-json\/wp\/v2\/types\/product"}],"wp:featuredmedia":[{"embeddable":true,"href":"https:\/\/de-middel.com\/fr\/wp-json\/wp\/v2\/media\/1478"}],"wp:attachment":[{"href":"https:\/\/de-middel.com\/fr\/wp-json\/wp\/v2\/media?parent=3068"}],"wp:term":[{"taxonomy":"product_brand","embeddable":true,"href":"https:\/\/de-middel.com\/fr\/wp-json\/wp\/v2\/product_brand?post=3068"},{"taxonomy":"product_cat","embeddable":true,"href":"https:\/\/de-middel.com\/fr\/wp-json\/wp\/v2\/product_cat?post=3068"},{"taxonomy":"product_tag","embeddable":true,"href":"https:\/\/de-middel.com\/fr\/wp-json\/wp\/v2\/product_tag?post=3068"}],"curies":[{"name":"wp","href":"https:\/\/api.w.org\/{rel}","templated":true}]}}