{"id":3073,"date":"2025-12-27T16:06:35","date_gmt":"2025-12-27T16:06:35","guid":{"rendered":"https:\/\/de-middel.com\/product\/sautoir-elegant\/"},"modified":"2025-12-27T16:06:35","modified_gmt":"2025-12-27T16:06:35","slug":"sautoir-elegant","status":"publish","type":"product","link":"https:\/\/de-middel.com\/fr\/produit\/sautoir-elegant\/","title":{"rendered":"Sautoir \u00e9l\u00e9gant."},"content":{"rendered":"<p>Collier sautoir Chanel vintage 1981, compos\u00e9 d&rsquo;un arrangement rythmique de perles, de cristaux bleus et de cristaux Swarovski clairs. Serti dans un m\u00e9tal dor\u00e9 poli, ce collier de 77 cm de long incarne l&rsquo;\u00e9l\u00e9gance audacieuse et multi-textur\u00e9e des collections de bijoux fantaisie de Chanel au d\u00e9but des ann\u00e9es 80. <\/p>\n","protected":false},"excerpt":{"rendered":"<p>Collier sautoir Chanel vintage 1981, compos\u00e9 d&rsquo;un arrangement rythmique de perles, de cristaux bleus et de cristaux Swarovski clairs. Serti dans un m\u00e9tal dor\u00e9 poli, ce collier de 77 cm de long incarne l&rsquo;\u00e9l\u00e9gance audacieuse et multi-textur\u00e9e des collections de bijoux fantaisie de Chanel au d\u00e9but des ann\u00e9es 80. <\/p>\n","protected":false},"featured_media":1486,"template":"","meta":{"_acf_changed":false},"product_brand":[147],"product_cat":[418,419,359],"product_tag":[],"class_list":{"0":"post-3073","1":"product","2":"type-product","3":"status-publish","4":"has-post-thumbnail","6":"product_brand-chanel","7":"product_cat-bijoux","8":"product_cat-chanel-iconics","9":"product_cat-mode","10":"pa_color-blanc","11":"pa_color-bleu","12":"pa_color-jaune","14":"first","15":"instock","16":"shipping-taxable","17":"purchasable","18":"product-type-simple"},"acf":[],"aioseo_notices":[],"_links":{"self":[{"href":"https:\/\/de-middel.com\/fr\/wp-json\/wp\/v2\/product\/3073","targetHints":{"allow":["GET"]}}],"collection":[{"href":"https:\/\/de-middel.com\/fr\/wp-json\/wp\/v2\/product"}],"about":[{"href":"https:\/\/de-middel.com\/fr\/wp-json\/wp\/v2\/types\/product"}],"wp:featuredmedia":[{"embeddable":true,"href":"https:\/\/de-middel.com\/fr\/wp-json\/wp\/v2\/media\/1486"}],"wp:attachment":[{"href":"https:\/\/de-middel.com\/fr\/wp-json\/wp\/v2\/media?parent=3073"}],"wp:term":[{"taxonomy":"product_brand","embeddable":true,"href":"https:\/\/de-middel.com\/fr\/wp-json\/wp\/v2\/product_brand?post=3073"},{"taxonomy":"product_cat","embeddable":true,"href":"https:\/\/de-middel.com\/fr\/wp-json\/wp\/v2\/product_cat?post=3073"},{"taxonomy":"product_tag","embeddable":true,"href":"https:\/\/de-middel.com\/fr\/wp-json\/wp\/v2\/product_tag?post=3073"}],"curies":[{"name":"wp","href":"https:\/\/api.w.org\/{rel}","templated":true}]}}