{"id":3082,"date":"2025-12-27T15:31:22","date_gmt":"2025-12-27T15:31:22","guid":{"rendered":"https:\/\/de-middel.com\/product\/clemence-en-croco-bordeaux\/"},"modified":"2025-12-27T15:31:22","modified_gmt":"2025-12-27T15:31:22","slug":"clemence-en-croco-bordeaux","status":"publish","type":"product","link":"https:\/\/de-middel.com\/fr\/produit\/clemence-en-croco-bordeaux\/","title":{"rendered":"CLEMENCE EN CROCO BORDEAUX"},"content":{"rendered":"<p>Rare sac Herm\u00e8s Constance 23 des ann\u00e9es 1980, r\u00e9alis\u00e9 en crocodile Porosus bordeaux brillant. Le sac est dot\u00e9 de l&#8217;embl\u00e9matique fermeture \u00e0 pression surdimensionn\u00e9e en forme de \u00ab\u00a0H\u00a0\u00bb plaqu\u00e9 or et d&rsquo;une bandouli\u00e8re en cuir polyvalente pour un portage \u00e0 l&rsquo;\u00e9paule ou en bandouli\u00e8re. L&rsquo;int\u00e9rieur structur\u00e9 est doubl\u00e9 de cuir ton sur ton, refl\u00e9tant l&rsquo;apog\u00e9e du luxe artisanal du 20\u00e8me si\u00e8cle.  <\/p>\n","protected":false},"excerpt":{"rendered":"<p>Rare sac Herm\u00e8s Constance 23 des ann\u00e9es 1980, r\u00e9alis\u00e9 en crocodile Porosus bordeaux brillant. Le sac est dot\u00e9 de l&#8217;embl\u00e9matique fermeture \u00e0 pression surdimensionn\u00e9e en forme de \u00ab\u00a0H\u00a0\u00bb plaqu\u00e9 or et d&rsquo;une bandouli\u00e8re en cuir polyvalente pour un portage \u00e0 l&rsquo;\u00e9paule ou en bandouli\u00e8re. L&rsquo;int\u00e9rieur structur\u00e9 est doubl\u00e9 de cuir ton sur ton, refl\u00e9tant l&rsquo;apog\u00e9e du luxe artisanal du 20\u00e8me si\u00e8cle.  <\/p>\n","protected":false},"featured_media":1474,"template":"","meta":{"_acf_changed":false},"product_brand":[144],"product_cat":[359,361,360],"product_tag":[],"class_list":{"0":"post-3082","1":"product","2":"type-product","3":"status-publish","4":"has-post-thumbnail","6":"product_brand-hermes","7":"product_cat-mode","8":"product_cat-sacs-a-main-et-cabas","9":"product_cat-sacs-et-bagages","10":"pa_color-marron","11":"pa_color-rouge","13":"first","14":"instock","15":"shipping-taxable","16":"purchasable","17":"product-type-simple"},"acf":[],"aioseo_notices":[],"_links":{"self":[{"href":"https:\/\/de-middel.com\/fr\/wp-json\/wp\/v2\/product\/3082","targetHints":{"allow":["GET"]}}],"collection":[{"href":"https:\/\/de-middel.com\/fr\/wp-json\/wp\/v2\/product"}],"about":[{"href":"https:\/\/de-middel.com\/fr\/wp-json\/wp\/v2\/types\/product"}],"wp:featuredmedia":[{"embeddable":true,"href":"https:\/\/de-middel.com\/fr\/wp-json\/wp\/v2\/media\/1474"}],"wp:attachment":[{"href":"https:\/\/de-middel.com\/fr\/wp-json\/wp\/v2\/media?parent=3082"}],"wp:term":[{"taxonomy":"product_brand","embeddable":true,"href":"https:\/\/de-middel.com\/fr\/wp-json\/wp\/v2\/product_brand?post=3082"},{"taxonomy":"product_cat","embeddable":true,"href":"https:\/\/de-middel.com\/fr\/wp-json\/wp\/v2\/product_cat?post=3082"},{"taxonomy":"product_tag","embeddable":true,"href":"https:\/\/de-middel.com\/fr\/wp-json\/wp\/v2\/product_tag?post=3082"}],"curies":[{"name":"wp","href":"https:\/\/api.w.org\/{rel}","templated":true}]}}