{"id":3092,"date":"2025-12-19T13:18:23","date_gmt":"2025-12-19T13:18:23","guid":{"rendered":"https:\/\/de-middel.com\/product\/alphabet-pour-adultes\/"},"modified":"2025-12-19T13:18:23","modified_gmt":"2025-12-19T13:18:23","slug":"alphabet-pour-adultes","status":"publish","type":"product","link":"https:\/\/de-middel.com\/fr\/produit\/alphabet-pour-adultes\/","title":{"rendered":"Alphabet pour adultes"},"content":{"rendered":"<p>Rare exemplaire en \u00e9dition limit\u00e9e de l&rsquo;Alphabet pour adultes de MAN RAY, publi\u00e9 par Copley Galleries, Beverly Hills, en d\u00e9cembre 1948. Cette \u00e9dition est limit\u00e9e \u00e0 500 exemplaires. Le livre (format quarto, 29 x 22,5 cm) contient la c\u00e9l\u00e8bre interpr\u00e9tation surr\u00e9aliste de l&rsquo;alphabet par Man Ray.  <\/p>\n","protected":false},"excerpt":{"rendered":"<p>Rare exemplaire en \u00e9dition limit\u00e9e de l&rsquo;Alphabet for Adults de MAN RAY, publi\u00e9 par Copley Galleries, Beverly Hills, en d\u00e9cembre 1948. Cette \u00e9dition est limit\u00e9e \u00e0 500 exemplaires. Le livre (format quarto, 29 x 22,5 cm) contient la c\u00e9l\u00e8bre interpr\u00e9tation surr\u00e9aliste de l&rsquo;alphabet par Man Ray.  <\/p>\n","protected":false},"featured_media":652,"template":"","meta":{"_acf_changed":false},"product_brand":[140],"product_cat":[429],"product_tag":[],"class_list":{"0":"post-3092","1":"product","2":"type-product","3":"status-publish","4":"has-post-thumbnail","6":"product_brand-man-ray","7":"product_cat-des-encres-avec-de-lame","8":"pa_collection-beaux-arts","9":"pa_color-blanc","10":"pa_color-noir","12":"first","13":"instock","14":"shipping-taxable","15":"purchasable","16":"product-type-simple"},"acf":[],"aioseo_notices":[],"_links":{"self":[{"href":"https:\/\/de-middel.com\/fr\/wp-json\/wp\/v2\/product\/3092","targetHints":{"allow":["GET"]}}],"collection":[{"href":"https:\/\/de-middel.com\/fr\/wp-json\/wp\/v2\/product"}],"about":[{"href":"https:\/\/de-middel.com\/fr\/wp-json\/wp\/v2\/types\/product"}],"wp:featuredmedia":[{"embeddable":true,"href":"https:\/\/de-middel.com\/fr\/wp-json\/wp\/v2\/media\/652"}],"wp:attachment":[{"href":"https:\/\/de-middel.com\/fr\/wp-json\/wp\/v2\/media?parent=3092"}],"wp:term":[{"taxonomy":"product_brand","embeddable":true,"href":"https:\/\/de-middel.com\/fr\/wp-json\/wp\/v2\/product_brand?post=3092"},{"taxonomy":"product_cat","embeddable":true,"href":"https:\/\/de-middel.com\/fr\/wp-json\/wp\/v2\/product_cat?post=3092"},{"taxonomy":"product_tag","embeddable":true,"href":"https:\/\/de-middel.com\/fr\/wp-json\/wp\/v2\/product_tag?post=3092"}],"curies":[{"name":"wp","href":"https:\/\/api.w.org\/{rel}","templated":true}]}}