{"id":3099,"date":"2025-12-27T15:27:13","date_gmt":"2025-12-27T15:27:13","guid":{"rendered":"https:\/\/de-middel.com\/product\/sac-diorama-rouge\/"},"modified":"2025-12-27T15:27:13","modified_gmt":"2025-12-27T15:27:13","slug":"sac-diorama-rouge","status":"publish","type":"product","link":"https:\/\/de-middel.com\/fr\/produit\/sac-diorama-rouge\/","title":{"rendered":"Sac Diorama rouge"},"content":{"rendered":"<p>Ce sac vertical \u00ab\u00a0Diorama\u00a0\u00bb de Christian Dior est r\u00e9alis\u00e9 en cuir rouge vif. L&rsquo;ext\u00e9rieur est d\u00e9fini par l&#8217;embl\u00e9matique couture architecturale \u00a0\u00bb Cannage \u00ab\u00a0, rehauss\u00e9e ici de micro-goujons pour une touche m\u00e9tallique. Il est dot\u00e9 d&rsquo;un fermoir magn\u00e9tique en forme d&rsquo;\u00e9cusson et d&rsquo;une bandouli\u00e8re polyvalente en cha\u00eene. L&rsquo;orientation verticale apporte une touche moderne et \u00e9l\u00e9gante au design classique du sac \u00e0 rabat.   <\/p>\n","protected":false},"excerpt":{"rendered":"<p>Ce sac vertical \u00ab\u00a0Diorama\u00a0\u00bb de Christian Dior est r\u00e9alis\u00e9 en cuir rouge vif. L&rsquo;ext\u00e9rieur est d\u00e9fini par l&#8217;embl\u00e9matique couture architecturale \u00a0\u00bb Cannage \u00ab\u00a0, rehauss\u00e9e ici de micro-goujons pour une touche m\u00e9tallique. Il est dot\u00e9 d&rsquo;un fermoir magn\u00e9tique en forme d&rsquo;\u00e9cusson et d&rsquo;une bandouli\u00e8re polyvalente en cha\u00eene. L&rsquo;orientation verticale apporte une touche moderne et \u00e9l\u00e9gante au design classique du sac \u00e0 rabat.   <\/p>\n","protected":false},"featured_media":1470,"template":"","meta":{"_acf_changed":false},"product_brand":[287],"product_cat":[359,361,360],"product_tag":[],"class_list":{"0":"post-3099","1":"product","2":"type-product","3":"status-publish","4":"has-post-thumbnail","6":"product_brand-dior","7":"product_cat-mode","8":"product_cat-sacs-a-main-et-cabas","9":"product_cat-sacs-et-bagages","10":"pa_color-rouge","12":"first","13":"instock","14":"shipping-taxable","15":"purchasable","16":"product-type-simple"},"acf":[],"aioseo_notices":[],"_links":{"self":[{"href":"https:\/\/de-middel.com\/fr\/wp-json\/wp\/v2\/product\/3099","targetHints":{"allow":["GET"]}}],"collection":[{"href":"https:\/\/de-middel.com\/fr\/wp-json\/wp\/v2\/product"}],"about":[{"href":"https:\/\/de-middel.com\/fr\/wp-json\/wp\/v2\/types\/product"}],"wp:featuredmedia":[{"embeddable":true,"href":"https:\/\/de-middel.com\/fr\/wp-json\/wp\/v2\/media\/1470"}],"wp:attachment":[{"href":"https:\/\/de-middel.com\/fr\/wp-json\/wp\/v2\/media?parent=3099"}],"wp:term":[{"taxonomy":"product_brand","embeddable":true,"href":"https:\/\/de-middel.com\/fr\/wp-json\/wp\/v2\/product_brand?post=3099"},{"taxonomy":"product_cat","embeddable":true,"href":"https:\/\/de-middel.com\/fr\/wp-json\/wp\/v2\/product_cat?post=3099"},{"taxonomy":"product_tag","embeddable":true,"href":"https:\/\/de-middel.com\/fr\/wp-json\/wp\/v2\/product_tag?post=3099"}],"curies":[{"name":"wp","href":"https:\/\/api.w.org\/{rel}","templated":true}]}}