{"id":3113,"date":"2025-12-19T13:33:26","date_gmt":"2025-12-19T13:33:26","guid":{"rendered":"https:\/\/de-middel.com\/product\/trench-beige-irise-avec-col-en-vison\/"},"modified":"2025-12-19T13:33:26","modified_gmt":"2025-12-19T13:33:26","slug":"trench-beige-irise-avec-col-en-vison","status":"publish","type":"product","link":"https:\/\/de-middel.com\/fr\/produit\/trench-beige-irise-avec-col-en-vison\/","title":{"rendered":"Trench beige iris\u00e9 avec col en vison"},"content":{"rendered":"<p>\u00c9l\u00e9gant trench-coat \u00e0 double boutonnage sign\u00e9 Lanvin. Confectionn\u00e9 en polyester beige iris\u00e9, il est dot\u00e9 d&rsquo;un col luxueux et amovible en fourrure de vison clair. Il est dot\u00e9 d&rsquo;un double boutonnage et de deux poches lat\u00e9rales, alliant la structure classique des v\u00eatements d&rsquo;ext\u00e9rieur aux d\u00e9tails de la haute couture.  <\/p>\n","protected":false},"excerpt":{"rendered":"<p>\u00c9l\u00e9gant trench-coat \u00e0 double boutonnage sign\u00e9 Lanvin. Confectionn\u00e9 en polyester beige iris\u00e9, il est dot\u00e9 d&rsquo;un col luxueux et amovible en fourrure de vison clair. Il est dot\u00e9 d&rsquo;un double boutonnage et de deux poches lat\u00e9rales, alliant la structure classique des v\u00eatements d&rsquo;ext\u00e9rieur aux d\u00e9tails de la haute couture.  <\/p>\n","protected":false},"featured_media":673,"template":"","meta":{"_acf_changed":false},"product_brand":[286],"product_cat":[359,431,432],"product_tag":[],"class_list":{"0":"post-3113","1":"product","2":"type-product","3":"status-publish","4":"has-post-thumbnail","6":"product_brand-lanvin","7":"product_cat-mode","8":"product_cat-pret-a-porter","9":"product_cat-vetements-dexterieur-et-vestes","10":"pa_collection-mode","11":"pa_color-marron","13":"first","14":"instock","15":"shipping-taxable","16":"purchasable","17":"product-type-simple"},"acf":[],"aioseo_notices":[],"_links":{"self":[{"href":"https:\/\/de-middel.com\/fr\/wp-json\/wp\/v2\/product\/3113","targetHints":{"allow":["GET"]}}],"collection":[{"href":"https:\/\/de-middel.com\/fr\/wp-json\/wp\/v2\/product"}],"about":[{"href":"https:\/\/de-middel.com\/fr\/wp-json\/wp\/v2\/types\/product"}],"wp:featuredmedia":[{"embeddable":true,"href":"https:\/\/de-middel.com\/fr\/wp-json\/wp\/v2\/media\/673"}],"wp:attachment":[{"href":"https:\/\/de-middel.com\/fr\/wp-json\/wp\/v2\/media?parent=3113"}],"wp:term":[{"taxonomy":"product_brand","embeddable":true,"href":"https:\/\/de-middel.com\/fr\/wp-json\/wp\/v2\/product_brand?post=3113"},{"taxonomy":"product_cat","embeddable":true,"href":"https:\/\/de-middel.com\/fr\/wp-json\/wp\/v2\/product_cat?post=3113"},{"taxonomy":"product_tag","embeddable":true,"href":"https:\/\/de-middel.com\/fr\/wp-json\/wp\/v2\/product_tag?post=3113"}],"curies":[{"name":"wp","href":"https:\/\/api.w.org\/{rel}","templated":true}]}}