{"id":3116,"date":"2025-12-27T18:52:39","date_gmt":"2025-12-27T18:52:39","guid":{"rendered":"https:\/\/de-middel.com\/product\/chemisier-en-soie-rose\/"},"modified":"2025-12-27T18:52:39","modified_gmt":"2025-12-27T18:52:39","slug":"chemisier-en-soie-rose","status":"publish","type":"product","link":"https:\/\/de-middel.com\/fr\/produit\/chemisier-en-soie-rose\/","title":{"rendered":"Chemisier en soie rose"},"content":{"rendered":"<p>Chemisier Chanel dans une teinte rose bubblegum saisissante, confectionn\u00e9 \u00e0 partir de soie fine \u00e0 100 %. Le v\u00eatement est orn\u00e9 d&rsquo;une broderie subtile et tonale du logo CC, conservant ainsi la signature de la maison avec une texture \u00e9l\u00e9gante et discr\u00e8te. Sa coupe classique, son devant boutonn\u00e9 et ses poignets raffin\u00e9s incarnent la sophistication sans effort des pi\u00e8ces en soie de Chanel.  <\/p>\n","protected":false},"excerpt":{"rendered":"<p>Chemisier Chanel dans une teinte rose bubblegum saisissante, confectionn\u00e9 \u00e0 partir de soie fine \u00e0 100 %. Le v\u00eatement est orn\u00e9 d&rsquo;une broderie subtile et tonale du logo CC, conservant ainsi la signature de la maison avec une texture \u00e9l\u00e9gante et discr\u00e8te. Sa coupe classique, son devant boutonn\u00e9 et ses poignets raffin\u00e9s incarnent la sophistication sans effort des pi\u00e8ces en soie de Chanel.  <\/p>\n","protected":false},"featured_media":1540,"template":"","meta":{"_acf_changed":false},"product_brand":[147],"product_cat":[433,359,431],"product_tag":[],"class_list":{"0":"post-3116","1":"product","2":"type-product","3":"status-publish","4":"has-post-thumbnail","6":"product_brand-chanel","7":"product_cat-hauts-et-chemises","8":"product_cat-mode","9":"product_cat-pret-a-porter","10":"pa_color-rose","12":"first","13":"instock","14":"shipping-taxable","15":"purchasable","16":"product-type-simple"},"acf":[],"aioseo_notices":[],"_links":{"self":[{"href":"https:\/\/de-middel.com\/fr\/wp-json\/wp\/v2\/product\/3116","targetHints":{"allow":["GET"]}}],"collection":[{"href":"https:\/\/de-middel.com\/fr\/wp-json\/wp\/v2\/product"}],"about":[{"href":"https:\/\/de-middel.com\/fr\/wp-json\/wp\/v2\/types\/product"}],"wp:featuredmedia":[{"embeddable":true,"href":"https:\/\/de-middel.com\/fr\/wp-json\/wp\/v2\/media\/1540"}],"wp:attachment":[{"href":"https:\/\/de-middel.com\/fr\/wp-json\/wp\/v2\/media?parent=3116"}],"wp:term":[{"taxonomy":"product_brand","embeddable":true,"href":"https:\/\/de-middel.com\/fr\/wp-json\/wp\/v2\/product_brand?post=3116"},{"taxonomy":"product_cat","embeddable":true,"href":"https:\/\/de-middel.com\/fr\/wp-json\/wp\/v2\/product_cat?post=3116"},{"taxonomy":"product_tag","embeddable":true,"href":"https:\/\/de-middel.com\/fr\/wp-json\/wp\/v2\/product_tag?post=3116"}],"curies":[{"name":"wp","href":"https:\/\/api.w.org\/{rel}","templated":true}]}}